{"id":609,"date":"2024-10-23T12:56:35","date_gmt":"2024-10-23T10:56:35","guid":{"rendered":"http:\/\/billigtrikots.com\/?post_type=product&#038;p=609"},"modified":"2024-10-23T12:58:04","modified_gmt":"2024-10-23T10:58:04","slug":"paris-saint-germain-ausweichtrikot-2021-2022-schwarz-grau-mit-aufdruck-diallo-22","status":"publish","type":"product","link":"https:\/\/www.billigtrikotde.com\/sk\/paris-saint-germain-ausweichtrikot-2021-2022-schwarz-grau-mit-aufdruck-diallo-22\/","title":{"rendered":"Dres Paris Saint Germain 2021\/2022 black\/grey s potla\u010dou Diallo 22"},"content":{"rendered":"<p>Triko od Nike v \u010diernej farbe ukazuje va\u0161u bezpodmiene\u010dn\u00fa l\u00e1sku a pr\u00edslu\u0161nos\u0165 k v\u00e1\u0161mu klubu. V \u017eiadnej fan\u00fa\u0161ikovskej kolekcii nesmie ch\u00fdba\u0165 toto n\u00e1hradn\u00e9 triko Paris Saint-Germain, ak\u00e9 nosia hr\u00e1\u010di v Ligue 1. Odpor\u00fa\u010dame tento pohodln\u00fd, priedu\u0161n\u00fd, odv\u00e1dzaj\u00faci pot a \u013eahk\u00fd model s pr\u00edjemn\u00fdm pocitom pri nosen\u00ed. Toto triko je ide\u00e1lnym spolo\u010dn\u00edkom pre va\u0161e \u0161portov\u00e9 aktivity. Vyzer\u00e1 atrakt\u00edvne s klubovou erbou na hrudi.<\/p>\n<p>Tipy na tla\u010d: Ak s\u00fa meno a \u010d\u00edslo na obr\u00e1zku presne tak\u00e9, ak\u00e9 chcete, nemus\u00edte ich zad\u00e1va\u0165 znova. Ak nie, mali by ste zada\u0165 po\u017eadovan\u00e9 meno a \u010d\u00edslo.<\/p>\n<p>Tipy na pranie: Odpor\u00fa\u010dame pra\u0165 futbalov\u00e9 tri\u010dk\u00e1 v ruke. Ak chcete pou\u017ei\u0165 pr\u00e1\u010dku, nezabudnite futbalov\u00e9 tri\u010dk\u00e1 oto\u010di\u0165 naruby a potom ich vypra\u0165. Napl\u0148te pr\u00e1\u010dku studenou vodou a pou\u017eite jemn\u00fd cyklus, aby ste lep\u0161ie ochr\u00e1nili farby.<\/p>","protected":false},"excerpt":{"rendered":"<p>Das Trikot von Nike in Schwarz zeigt deine bedingungslose Liebe und Zugeh\u00f6rigkeit zu deinem Verein. In keiner Fan-Kollektion darf dieses Paris Saint-Germain-Ausweich-Trikot, wie es die Spieler in der Ligue 1 tragen, fehlen. Wir empfehlen dieses bequeme, atmungsaktive, schwei\u00dfableitende und leichte Modell mit dem angenehmen Tragegef\u00fchl. Dieses Trikot ist der ideale Begleiter f\u00fcr deine sportlichen Aktivit\u00e4ten. [&hellip;]<\/p>","protected":false},"featured_media":640,"comment_status":"open","ping_status":"closed","template":"","meta":[],"product_brand":[],"product_cat":[39],"product_tag":[20,21,22,23,24,42,41],"class_list":{"0":"post-609","1":"product","2":"type-product","3":"status-publish","4":"has-post-thumbnail","6":"product_cat-paris-saint-germain","7":"product_tag-coole-fussballtrikots","8":"product_tag-fussballtrikot-fuer-herren","9":"product_tag-fussballtrikot-guenstig-kaufen","10":"product_tag-fussballtrikot-kurzarm","11":"product_tag-guenstiges-fussballtrikot","12":"product_tag-paris-saint-germain-ausweichtrikot","13":"product_tag-paris-saint-germain-trikots","15":"first","16":"instock","17":"shipping-taxable","18":"purchasable","19":"product-type-variable"},"_links":{"self":[{"href":"https:\/\/www.billigtrikotde.com\/sk\/wp-json\/wp\/v2\/product\/609","targetHints":{"allow":["GET"]}}],"collection":[{"href":"https:\/\/www.billigtrikotde.com\/sk\/wp-json\/wp\/v2\/product"}],"about":[{"href":"https:\/\/www.billigtrikotde.com\/sk\/wp-json\/wp\/v2\/types\/product"}],"replies":[{"embeddable":true,"href":"https:\/\/www.billigtrikotde.com\/sk\/wp-json\/wp\/v2\/comments?post=609"}],"wp:featuredmedia":[{"embeddable":true,"href":"https:\/\/www.billigtrikotde.com\/sk\/wp-json\/wp\/v2\/media\/640"}],"wp:attachment":[{"href":"https:\/\/www.billigtrikotde.com\/sk\/wp-json\/wp\/v2\/media?parent=609"}],"wp:term":[{"taxonomy":"product_brand","embeddable":true,"href":"https:\/\/www.billigtrikotde.com\/sk\/wp-json\/wp\/v2\/product_brand?post=609"},{"taxonomy":"product_cat","embeddable":true,"href":"https:\/\/www.billigtrikotde.com\/sk\/wp-json\/wp\/v2\/product_cat?post=609"},{"taxonomy":"product_tag","embeddable":true,"href":"https:\/\/www.billigtrikotde.com\/sk\/wp-json\/wp\/v2\/product_tag?post=609"}],"curies":[{"name":"wp","href":"https:\/\/api.w.org\/{rel}","templated":true}]}}