{"id":5935,"date":"2024-10-23T17:17:25","date_gmt":"2024-10-23T15:17:25","guid":{"rendered":"http:\/\/billigtrikots.com\/?post_type=product&#038;p=5935"},"modified":"2025-10-16T16:04:16","modified_gmt":"2025-10-16T14:04:16","slug":"real-madrid-trikots-2022-23-heimtrikot-weiss-langarm-kurze-hosen-mit-aufdruck-nacho-6","status":"publish","type":"product","link":"https:\/\/www.billigtrikotde.com\/sk\/real-madrid-trikots-2022-23-heimtrikot-weiss-langarm-kurze-hosen-mit-aufdruck-nacho-6\/","title":{"rendered":"Real Madrid Ko\u0161ele 2022-23 Dom\u00e1ce tri\u010dko biele s dlh\u00fdm ruk\u00e1vom + \u0161ortky s potla\u010dou NACHO 6"},"content":{"rendered":"<p>Jednoduch\u00e9, klasick\u00e9 a vytvoren\u00e9 na to, aby stanovili m\u00ed\u013enik. Nad\u010dasov\u00fd vzh\u013ead tohto adidas dlh\u00fd ruk\u00e1v Real Madrid dresu je zv\u00fdraznen\u00fd svetlofialov\u00fdmi detailmi a opakovan\u00fdm, na bielu tkaninu vytla\u010den\u00fdm klubov\u00fdm znakom. T\u00e1to verzia dresu pon\u00faka fan\u00fa\u0161ikom pohodln\u00e9 nosenie v\u010faka technol\u00f3gii odv\u00e1dzaj\u00facej vlhkos\u0165 AEROREADY a dlh\u00fdm ruk\u00e1vom.<\/p>\n<p>Tipy na tla\u010d: Ak s\u00fa meno a \u010d\u00edslo na obr\u00e1zku presne tak\u00e9, ak\u00e9 chcete, nemus\u00edte ich zad\u00e1va\u0165 znova. Ak nie, mali by ste zada\u0165 po\u017eadovan\u00e9 meno a \u010d\u00edslo.<\/p>\n<p>Tipy na pranie: Odpor\u00fa\u010dame pra\u0165 futbalov\u00e9 tri\u010dk\u00e1 v ruke. Ak chcete pou\u017ei\u0165 pr\u00e1\u010dku, nezabudnite futbalov\u00e9 tri\u010dk\u00e1 oto\u010di\u0165 naruby a potom ich vypra\u0165. Napl\u0148te pr\u00e1\u010dku studenou vodou a pou\u017eite jemn\u00fd cyklus, aby ste lep\u0161ie ochr\u00e1nili farby.<\/p>","protected":false},"excerpt":{"rendered":"<p>Jednoduch\u00e9, klasick\u00e9 a vytvoren\u00e9 na to, aby stanovili m\u00ed\u013enik. Nad\u010dasov\u00fd vzh\u013ead tohto adidas dlh\u00fd ruk\u00e1v Real Madrid dresu je zv\u00fdraznen\u00fd svetlofialov\u00fdmi detailmi a opakovan\u00fdm, na bielu tkaninu vytla\u010den\u00fdm klubov\u00fdm znakom. T\u00e1to verzia dresu pon\u00faka fan\u00fa\u0161ikom pohodln\u00e9 nosenie v\u010faka technol\u00f3gii odv\u00e1dzaj\u00facej vlhkos\u0165 AEROREADY a dlh\u00fdm ruk\u00e1vom.<\/p>","protected":false},"featured_media":5974,"comment_status":"open","ping_status":"closed","template":"","meta":[],"product_brand":[],"product_cat":[45],"product_tag":[20,38,21,228,24,270,267,47,268],"class_list":{"0":"post-5935","1":"product","2":"type-product","3":"status-publish","4":"has-post-thumbnail","6":"product_cat-real-madrid","7":"product_tag-coole-fussballtrikots","8":"product_tag-fussball-trikot-langarm","9":"product_tag-fussballtrikot-fuer-herren","10":"product_tag-guenstige-fussballtrikot","11":"product_tag-guenstiges-fussballtrikot","12":"product_tag-real-madrid-trikot-deutschland","13":"product_tag-real-madrid-trikot-langarm-herren","14":"product_tag-real-madrid-trikots","15":"product_tag-real-madrid-trikots-22-23","17":"first","18":"instock","19":"shipping-taxable","20":"purchasable","21":"product-type-variable"},"_links":{"self":[{"href":"https:\/\/www.billigtrikotde.com\/sk\/wp-json\/wp\/v2\/product\/5935","targetHints":{"allow":["GET"]}}],"collection":[{"href":"https:\/\/www.billigtrikotde.com\/sk\/wp-json\/wp\/v2\/product"}],"about":[{"href":"https:\/\/www.billigtrikotde.com\/sk\/wp-json\/wp\/v2\/types\/product"}],"replies":[{"embeddable":true,"href":"https:\/\/www.billigtrikotde.com\/sk\/wp-json\/wp\/v2\/comments?post=5935"}],"wp:featuredmedia":[{"embeddable":true,"href":"https:\/\/www.billigtrikotde.com\/sk\/wp-json\/wp\/v2\/media\/5974"}],"wp:attachment":[{"href":"https:\/\/www.billigtrikotde.com\/sk\/wp-json\/wp\/v2\/media?parent=5935"}],"wp:term":[{"taxonomy":"product_brand","embeddable":true,"href":"https:\/\/www.billigtrikotde.com\/sk\/wp-json\/wp\/v2\/product_brand?post=5935"},{"taxonomy":"product_cat","embeddable":true,"href":"https:\/\/www.billigtrikotde.com\/sk\/wp-json\/wp\/v2\/product_cat?post=5935"},{"taxonomy":"product_tag","embeddable":true,"href":"https:\/\/www.billigtrikotde.com\/sk\/wp-json\/wp\/v2\/product_tag?post=5935"}],"curies":[{"name":"wp","href":"https:\/\/api.w.org\/{rel}","templated":true}]}}