{"id":5911,"date":"2024-10-23T17:16:18","date_gmt":"2024-10-23T15:16:18","guid":{"rendered":"http:\/\/billigtrikots.com\/?post_type=product&#038;p=5911"},"modified":"2025-06-16T16:03:44","modified_gmt":"2025-06-16T14:03:44","slug":"neues-juventus-2022-23-heimtrikot-schwarz-weiss-kurzarm-kurze-hosen-pogba-10","status":"publish","type":"product","link":"https:\/\/www.billigtrikotde.com\/sk\/neues-juventus-2022-23-heimtrikot-schwarz-weiss-kurzarm-kurze-hosen-pogba-10\/","title":{"rendered":"Nov\u00fd dom\u00e1ci dres Juventus 2022-23 Black White s kr\u00e1tkym ruk\u00e1vom + \u0161ortky POGBA 10"},"content":{"rendered":"<p>Trikot Adidas Juventus 2022-23 m\u00e1 \u00faplne vlastn\u00fa interpret\u00e1ciu klasick\u00fdch bielych a \u010diernych pruhov klubu. Pruhy sa skladaj\u00fa z mal\u00fdch trojuholn\u00edkov. Adidas pre trikot Juventus 22-23 pou\u017e\u00edva jednoduch\u00fd okr\u00fahly v\u00fdstrih a \u010dierne trojpruhy. Po tom, \u010do trikot Juventus 21-22 bol vybaven\u00fd logom Jeep 4xe, prich\u00e1dza trikot Juventus 22-23 s \u201eelektrizuj\u00facim\u201c brandingom Jeep. Obsahuje blesky.<\/p>\n<p>Tipy na tla\u010d: Ak s\u00fa meno a \u010d\u00edslo na obr\u00e1zku presne tak\u00e9, ak\u00e9 chcete, nemus\u00edte ich zad\u00e1va\u0165 znova. Ak nie, mali by ste zada\u0165 po\u017eadovan\u00e9 meno a \u010d\u00edslo.<\/p>\n<p>Tipy na pranie: Odpor\u00fa\u010dame pra\u0165 futbalov\u00e9 tri\u010dk\u00e1 v ruke. Ak chcete pou\u017ei\u0165 pr\u00e1\u010dku, nezabudnite futbalov\u00e9 tri\u010dk\u00e1 oto\u010di\u0165 naruby a potom ich vypra\u0165. Napl\u0148te pr\u00e1\u010dku studenou vodou a pou\u017eite jemn\u00fd cyklus, aby ste lep\u0161ie ochr\u00e1nili farby.<\/p>","protected":false},"excerpt":{"rendered":"<p>Das Adidas Juventus 2022-23 Trikot hat eine ganz eigene Interpretation der klassischen wei\u00dfen und schwarzen Streifen des Vereins. Die Streifen setzen sich aus kleinen Dreiecken zusammen.Adidas verwendet f\u00fcr das Juventus Trikot 22-23 einen einfachen Rundhalskragen und schwarze Drei Streifen. Nachdem die Juventus Trikots 21-22 mit dem Jeep 4xe Logo ausgestattet waren, kommt das Juventus Trikot [&hellip;]<\/p>","protected":false},"featured_media":5950,"comment_status":"open","ping_status":"closed","template":"","meta":[],"product_brand":[],"product_cat":[59],"product_tag":[20,38,43,21,22,24,265,266],"class_list":{"0":"post-5911","1":"product","2":"type-product","3":"status-publish","4":"has-post-thumbnail","6":"product_cat-juventus","7":"product_tag-coole-fussballtrikots","8":"product_tag-fussball-trikot-langarm","9":"product_tag-fussballkleidung","10":"product_tag-fussballtrikot-fuer-herren","11":"product_tag-fussballtrikot-guenstig-kaufen","12":"product_tag-guenstiges-fussballtrikot","13":"product_tag-juventus-2022-23-heimtrikot","14":"product_tag-juventus-trikots-set","16":"first","17":"instock","18":"shipping-taxable","19":"purchasable","20":"product-type-variable"},"_links":{"self":[{"href":"https:\/\/www.billigtrikotde.com\/sk\/wp-json\/wp\/v2\/product\/5911","targetHints":{"allow":["GET"]}}],"collection":[{"href":"https:\/\/www.billigtrikotde.com\/sk\/wp-json\/wp\/v2\/product"}],"about":[{"href":"https:\/\/www.billigtrikotde.com\/sk\/wp-json\/wp\/v2\/types\/product"}],"replies":[{"embeddable":true,"href":"https:\/\/www.billigtrikotde.com\/sk\/wp-json\/wp\/v2\/comments?post=5911"}],"wp:featuredmedia":[{"embeddable":true,"href":"https:\/\/www.billigtrikotde.com\/sk\/wp-json\/wp\/v2\/media\/5950"}],"wp:attachment":[{"href":"https:\/\/www.billigtrikotde.com\/sk\/wp-json\/wp\/v2\/media?parent=5911"}],"wp:term":[{"taxonomy":"product_brand","embeddable":true,"href":"https:\/\/www.billigtrikotde.com\/sk\/wp-json\/wp\/v2\/product_brand?post=5911"},{"taxonomy":"product_cat","embeddable":true,"href":"https:\/\/www.billigtrikotde.com\/sk\/wp-json\/wp\/v2\/product_cat?post=5911"},{"taxonomy":"product_tag","embeddable":true,"href":"https:\/\/www.billigtrikotde.com\/sk\/wp-json\/wp\/v2\/product_tag?post=5911"}],"curies":[{"name":"wp","href":"https:\/\/api.w.org\/{rel}","templated":true}]}}