{"id":5701,"date":"2024-10-23T17:06:52","date_gmt":"2024-10-23T15:06:52","guid":{"rendered":"http:\/\/billigtrikots.com\/?post_type=product&#038;p=5701"},"modified":"2024-10-23T17:08:27","modified_gmt":"2024-10-23T15:08:27","slug":"wales-heimtrikots-2022-rot-trikotsatz-kurzarm-kurze-hosen-bale-11","status":"publish","type":"product","link":"https:\/\/www.billigtrikotde.com\/sk\/wales-heimtrikots-2022-rot-trikotsatz-kurzarm-kurze-hosen-bale-11\/","title":{"rendered":"Wales dom\u00e1ce dresy 2022 \u010derven\u00e9 s\u00fapravy kr\u00e1tky ruk\u00e1v + kr\u00e1tke nohavice BALE #11"},"content":{"rendered":"<p>Wales nepost\u00fapilo do kvalifik\u00e1cie na UEFA \u017eensk\u00fa Eur\u00f3pu 2022, ke\u010f v svojej skupine skon\u010dilo na tre\u0165om mieste za N\u00f3rskom a Severn\u00fdm \u00cdrskom. Napriek tomu n\u00e1m dresy \u017eien Wales 2022 d\u00e1vaj\u00fa predstavu o tom, \u010do m\u00f4\u017eeme o\u010dak\u00e1va\u0165 od Adidas dresov pre turnaj. Adidas Wales 2022 dom\u00e1ci dres pre \u017eeny m\u00e1 jasn\u00fd dizajn v \u010dervenej farbe s bielymi a zelen\u00fdmi zakon\u010deniami na golilde a ruk\u00e1voch. Log\u00e1 Adidas a Wales s\u00fa umiestnen\u00e9 v strede.<\/p>\n<p>Tipy na tla\u010d: Ak s\u00fa meno a \u010d\u00edslo na obr\u00e1zku presne tak\u00e9, ak\u00e9 chcete, nemus\u00edte ich zad\u00e1va\u0165 znova. Ak nie, mali by ste zada\u0165 po\u017eadovan\u00e9 meno a \u010d\u00edslo.<\/p>\n<p>Tipy na pranie: Odpor\u00fa\u010dame pra\u0165 futbalov\u00e9 tri\u010dk\u00e1 v ruke. Ak chcete pou\u017ei\u0165 pr\u00e1\u010dku, nezabudnite futbalov\u00e9 tri\u010dk\u00e1 oto\u010di\u0165 naruby a potom ich vypra\u0165. Napl\u0148te pr\u00e1\u010dku studenou vodou a pou\u017eite jemn\u00fd cyklus, aby ste lep\u0161ie ochr\u00e1nili farby.<\/p>","protected":false},"excerpt":{"rendered":"<p>Wales verpasste die Qualifikation f\u00fcr die UEFA-Frauen-Europameisterschaft 2022, nachdem es in seiner Gruppe hinter Norwegen und Nordirland Dritter wurde. Trotzdem gibt uns das Trikot der Frauen von Wales 2022 einen Eindruck davon, was wir von den Adidas-Trikots f\u00fcr das Turnier erwarten k\u00f6nnen.Das Adidas Wales 2022 Heim trikot f\u00fcr Frauen hat ein klares Design in Rot [&hellip;]<\/p>","protected":false},"featured_media":5735,"comment_status":"open","ping_status":"closed","template":"","meta":[],"product_brand":[],"product_cat":[255],"product_tag":[20,21,22,23,24,256,257],"class_list":{"0":"post-5701","1":"product","2":"type-product","3":"status-publish","4":"has-post-thumbnail","6":"product_cat-wales-trikots","7":"product_tag-coole-fussballtrikots","8":"product_tag-fussballtrikot-fuer-herren","9":"product_tag-fussballtrikot-guenstig-kaufen","10":"product_tag-fussballtrikot-kurzarm","11":"product_tag-guenstiges-fussballtrikot","12":"product_tag-wales-2022-trikot","13":"product_tag-wales-trikots","15":"first","16":"instock","17":"shipping-taxable","18":"purchasable","19":"product-type-variable"},"_links":{"self":[{"href":"https:\/\/www.billigtrikotde.com\/sk\/wp-json\/wp\/v2\/product\/5701","targetHints":{"allow":["GET"]}}],"collection":[{"href":"https:\/\/www.billigtrikotde.com\/sk\/wp-json\/wp\/v2\/product"}],"about":[{"href":"https:\/\/www.billigtrikotde.com\/sk\/wp-json\/wp\/v2\/types\/product"}],"replies":[{"embeddable":true,"href":"https:\/\/www.billigtrikotde.com\/sk\/wp-json\/wp\/v2\/comments?post=5701"}],"wp:featuredmedia":[{"embeddable":true,"href":"https:\/\/www.billigtrikotde.com\/sk\/wp-json\/wp\/v2\/media\/5735"}],"wp:attachment":[{"href":"https:\/\/www.billigtrikotde.com\/sk\/wp-json\/wp\/v2\/media?parent=5701"}],"wp:term":[{"taxonomy":"product_brand","embeddable":true,"href":"https:\/\/www.billigtrikotde.com\/sk\/wp-json\/wp\/v2\/product_brand?post=5701"},{"taxonomy":"product_cat","embeddable":true,"href":"https:\/\/www.billigtrikotde.com\/sk\/wp-json\/wp\/v2\/product_cat?post=5701"},{"taxonomy":"product_tag","embeddable":true,"href":"https:\/\/www.billigtrikotde.com\/sk\/wp-json\/wp\/v2\/product_tag?post=5701"}],"curies":[{"name":"wp","href":"https:\/\/api.w.org\/{rel}","templated":true}]}}