{"id":5554,"date":"2024-10-23T17:00:22","date_gmt":"2024-10-23T15:00:22","guid":{"rendered":"http:\/\/billigtrikots.com\/?post_type=product&#038;p=5554"},"modified":"2024-10-23T17:02:01","modified_gmt":"2024-10-23T15:02:01","slug":"mexiko-trikots-2022-heimtrikot-trikotsatz-gruen-kurzarm-weiss-kurze-hosen","status":"publish","type":"product","link":"https:\/\/www.billigtrikotde.com\/sk\/mexiko-trikots-2022-heimtrikot-trikotsatz-gruen-kurzarm-weiss-kurze-hosen\/","title":{"rendered":"Mexiko Ko\u0161ele 2022 Dom\u00e1ca s\u00faprava Zelen\u00e1 s kr\u00e1tkym ruk\u00e1vom + Biele \u0161ortky"},"content":{"rendered":"<p>Dres Mexika na majstrovstv\u00e1ch sveta 2022 bude ma\u0165 dizajn in\u0161pirovan\u00fd starovek\u00fdmi trad\u00edciami. Vytvorili sme model, ako by mohol vyzera\u0165 dres pre majstrovstv\u00e1 sveta 2022 v Mexiku, ktor\u00fd kombinuje zelen\u00fa z\u00e1kladn\u00fa farbu s pravdepodobne \u010derven\u00fdmi a bielymi aplik\u00e1ciami. To, \u010do rob\u00ed dres jedine\u010dn\u00fdm, je \u0161peci\u00e1lny vzor na drese.<br \/>\nDres Mexika na majstrovstv\u00e1ch sveta 2022 bude ma\u0165 grafiku in\u0161pirovan\u00fa starovekou azt\u00e9ckou v\u00fdzbrojou a najm\u00e4 perom Quetzalcoatla. Quetzalcoatl (\"operen\u00fd had\" alebo \"operen\u00fd had\") je nahuatlsk\u00fd n\u00e1zov pre ope\u0159en\u00e9 hadie bo\u017estvo starovekej mezoamerickej kult\u00fary. rovnako ako v\u0161etky ostatn\u00e9 dresy Adidas pre majstrovstv\u00e1 sveta 2022, aj dres Mexiko 2022 je vybaven\u00fd nov\u00fdm logom Adidas. Je na \u0148om aj nov\u00fd znak Mexickej futbalovej feder\u00e1cie (FMF).<\/p>\n<p>Tipy na tla\u010d: Ak s\u00fa meno a \u010d\u00edslo na obr\u00e1zku presne tak\u00e9, ak\u00e9 chcete, nemus\u00edte ich zad\u00e1va\u0165 znova. Ak nie, mali by ste zada\u0165 po\u017eadovan\u00e9 meno a \u010d\u00edslo.<\/p>\n<p>Tipy na pranie: Odpor\u00fa\u010dame pra\u0165 futbalov\u00e9 tri\u010dk\u00e1 v ruke. Ak chcete pou\u017ei\u0165 pr\u00e1\u010dku, nezabudnite futbalov\u00e9 tri\u010dk\u00e1 oto\u010di\u0165 naruby a potom ich vypra\u0165. Napl\u0148te pr\u00e1\u010dku studenou vodou a pou\u017eite jemn\u00fd cyklus, aby ste lep\u0161ie ochr\u00e1nili farby.<\/p>","protected":false},"excerpt":{"rendered":"<p>Mexikos Trikot f\u00fcr die WM 2022 soll ein Design haben, das von alten Traditionen inspiriert ist, so wurde bekannt. Wir haben ein Modell erstellt, wie das Trikot f\u00fcr die WM 2022 in Mexiko aussehen k\u00f6nnte.Das Trikot von Mexiko 2022 kombiniert eine gr\u00fcne Grundfarbe mit wahrscheinlich roten und wei\u00dfen Applikationen. Was das Trikot einzigartig macht, ist [&hellip;]<\/p>","protected":false},"featured_media":5587,"comment_status":"open","ping_status":"closed","template":"","meta":[],"product_brand":[],"product_cat":[251],"product_tag":[20,21,22,23,24,252,253,254],"class_list":{"0":"post-5554","1":"product","2":"type-product","3":"status-publish","4":"has-post-thumbnail","6":"product_cat-mexiko-trikots","7":"product_tag-coole-fussballtrikots","8":"product_tag-fussballtrikot-fuer-herren","9":"product_tag-fussballtrikot-guenstig-kaufen","10":"product_tag-fussballtrikot-kurzarm","11":"product_tag-guenstiges-fussballtrikot","12":"product_tag-mexiko-2022-trikots","13":"product_tag-mexiko-heimtrikot","14":"product_tag-mexiko-trikot-schwarz","16":"first","17":"instock","18":"shipping-taxable","19":"purchasable","20":"product-type-variable"},"_links":{"self":[{"href":"https:\/\/www.billigtrikotde.com\/sk\/wp-json\/wp\/v2\/product\/5554","targetHints":{"allow":["GET"]}}],"collection":[{"href":"https:\/\/www.billigtrikotde.com\/sk\/wp-json\/wp\/v2\/product"}],"about":[{"href":"https:\/\/www.billigtrikotde.com\/sk\/wp-json\/wp\/v2\/types\/product"}],"replies":[{"embeddable":true,"href":"https:\/\/www.billigtrikotde.com\/sk\/wp-json\/wp\/v2\/comments?post=5554"}],"wp:featuredmedia":[{"embeddable":true,"href":"https:\/\/www.billigtrikotde.com\/sk\/wp-json\/wp\/v2\/media\/5587"}],"wp:attachment":[{"href":"https:\/\/www.billigtrikotde.com\/sk\/wp-json\/wp\/v2\/media?parent=5554"}],"wp:term":[{"taxonomy":"product_brand","embeddable":true,"href":"https:\/\/www.billigtrikotde.com\/sk\/wp-json\/wp\/v2\/product_brand?post=5554"},{"taxonomy":"product_cat","embeddable":true,"href":"https:\/\/www.billigtrikotde.com\/sk\/wp-json\/wp\/v2\/product_cat?post=5554"},{"taxonomy":"product_tag","embeddable":true,"href":"https:\/\/www.billigtrikotde.com\/sk\/wp-json\/wp\/v2\/product_tag?post=5554"}],"curies":[{"name":"wp","href":"https:\/\/api.w.org\/{rel}","templated":true}]}}