{"id":5448,"date":"2024-10-23T16:55:22","date_gmt":"2024-10-23T14:55:22","guid":{"rendered":"http:\/\/billigtrikots.com\/?post_type=product&#038;p=5448"},"modified":"2024-10-23T16:57:26","modified_gmt":"2024-10-23T14:57:26","slug":"herren-paris-saint-germain-heimtrikot-2022-23-blau-trikotsatz-kurzarm-k-navas-1","status":"publish","type":"product","link":"https:\/\/www.billigtrikotde.com\/sk\/herren-paris-saint-germain-heimtrikot-2022-23-blau-trikotsatz-kurzarm-k-navas-1\/","title":{"rendered":"D\u00e1msky Paris Saint Germain dom\u00e1ci dres 2022\/23 modr\u00fd set dresov s kr\u00e1tkym ruk\u00e1vom K.NAVAS 1"},"content":{"rendered":"<p>Dres PSG 22-23 m\u00e1 vzh\u013ead, ktor\u00fd je in\u0161pirovan\u00fd klasick\u00fdm Hechterom, av\u0161ak biela a \u010derven\u00e1 boli vymenen\u00e9. Nov\u00fd dres PSG 22-23 je posledn\u00fd v dlhom zozname dresov 22-23, ktor\u00e9 boli ned\u00e1vno uniknut\u00e9, v\u00e4\u010d\u0161ina viac ako cel\u00fd rok pred ich ofici\u00e1lnym vydan\u00edm. Pozri si aj \u00faniky od Chelsea, Liverpoolu a Tottenhamu. Je to \u0161t\u00fdlov\u00fd dizajn, ktor\u00fd je naru\u0161en\u00fd len v\u00fdstrihom Hechtera... Dizajn\u00e9r futbalov\u00fdch dresov Franco Carabajal si predstavil, ako by dres bez neho mohol vyzera\u0165. Dres PSG 22-23 m\u00e1 celoplo\u0161n\u00fa pruhovan\u00fa \u010diaru Hechtera namiesto ve\u013ek\u00e9ho v\u00fdrezu uprostred. To rob\u00ed dizajn ove\u013ea lep\u0161\u00edm.<br \/>\nFranco tie\u017e vytvoril dve verzie s logom Accor Live Limitless. N\u00e1m sa najviac p\u00e1\u010di verzia s mal\u00fdm ACC v bielom drese. V skuto\u010dnosti by mal by\u0165 v\u00fdstrih e\u0161te v\u00e4\u010d\u0161\u00ed, preto\u017ee logo ACC obsahuje aj text Accor Live Limitless pod n\u00edm. Paris Saint-Germain by mohol predstavi\u0165 nov\u00fd dres 22-23 u\u017e v poslednom z\u00e1pase sez\u00f3ny proti Metz 21. m\u00e1ja 2022. Ak \u00e1no, ur\u010dite ho bud\u00fa nosi\u0165 s logom ACC. Log\u00e1 na drese Paris Saint-Germain 22-23 s\u00fa umiestnen\u00e9 v strede, pri\u010dom Swoosh je vidite\u013en\u00fd pod znakom klubu.<\/p>\n<p>Tipy na tla\u010d: Ak s\u00fa meno a \u010d\u00edslo na obr\u00e1zku presne tak\u00e9, ak\u00e9 chcete, nemus\u00edte ich zad\u00e1va\u0165 znova. Ak nie, mali by ste zada\u0165 po\u017eadovan\u00e9 meno a \u010d\u00edslo.<\/p>\n<p>Tipy na pranie: Odpor\u00fa\u010dame pra\u0165 futbalov\u00e9 tri\u010dk\u00e1 v ruke. Ak chcete pou\u017ei\u0165 pr\u00e1\u010dku, nezabudnite futbalov\u00e9 tri\u010dk\u00e1 oto\u010di\u0165 naruby a potom ich vypra\u0165. Napl\u0148te pr\u00e1\u010dku studenou vodou a pou\u017eite jemn\u00fd cyklus, aby ste lep\u0161ie ochr\u00e1nili farby.<\/p>","protected":false},"excerpt":{"rendered":"<p>Dres PSG 22-23 m\u00e1 vzh\u013ead in\u0161pirovan\u00fd klasick\u00fdm Hechterom, ale s vymenen\u00fdmi farbami bielej a \u010dervenej. Nov\u00fd dres PSG 22-23 je posledn\u00fd v dlhom zozname dresov 22-23, ktor\u00e9 boli ned\u00e1vno uniknut\u00e9, v\u00e4\u010d\u0161ina viac ako cel\u00fd rok pred ich ofici\u00e1lnym vydan\u00edm. Pozri si [\u2026]<\/p>","protected":false},"featured_media":5480,"comment_status":"open","ping_status":"closed","template":"","meta":[],"product_brand":[],"product_cat":[39],"product_tag":[20,43,21,22,23,24,44,41,244],"class_list":{"0":"post-5448","1":"product","2":"type-product","3":"status-publish","4":"has-post-thumbnail","6":"product_cat-paris-saint-germain","7":"product_tag-coole-fussballtrikots","8":"product_tag-fussballkleidung","9":"product_tag-fussballtrikot-fuer-herren","10":"product_tag-fussballtrikot-guenstig-kaufen","11":"product_tag-fussballtrikot-kurzarm","12":"product_tag-guenstiges-fussballtrikot","13":"product_tag-paris-saint-germain-auswaertstrikot","14":"product_tag-paris-saint-germain-trikots","15":"product_tag-psg-trikot-2022-23","17":"first","18":"instock","19":"shipping-taxable","20":"purchasable","21":"product-type-variable"},"_links":{"self":[{"href":"https:\/\/www.billigtrikotde.com\/sk\/wp-json\/wp\/v2\/product\/5448","targetHints":{"allow":["GET"]}}],"collection":[{"href":"https:\/\/www.billigtrikotde.com\/sk\/wp-json\/wp\/v2\/product"}],"about":[{"href":"https:\/\/www.billigtrikotde.com\/sk\/wp-json\/wp\/v2\/types\/product"}],"replies":[{"embeddable":true,"href":"https:\/\/www.billigtrikotde.com\/sk\/wp-json\/wp\/v2\/comments?post=5448"}],"wp:featuredmedia":[{"embeddable":true,"href":"https:\/\/www.billigtrikotde.com\/sk\/wp-json\/wp\/v2\/media\/5480"}],"wp:attachment":[{"href":"https:\/\/www.billigtrikotde.com\/sk\/wp-json\/wp\/v2\/media?parent=5448"}],"wp:term":[{"taxonomy":"product_brand","embeddable":true,"href":"https:\/\/www.billigtrikotde.com\/sk\/wp-json\/wp\/v2\/product_brand?post=5448"},{"taxonomy":"product_cat","embeddable":true,"href":"https:\/\/www.billigtrikotde.com\/sk\/wp-json\/wp\/v2\/product_cat?post=5448"},{"taxonomy":"product_tag","embeddable":true,"href":"https:\/\/www.billigtrikotde.com\/sk\/wp-json\/wp\/v2\/product_tag?post=5448"}],"curies":[{"name":"wp","href":"https:\/\/api.w.org\/{rel}","templated":true}]}}