{"id":5398,"date":"2024-10-23T16:53:04","date_gmt":"2024-10-23T14:53:04","guid":{"rendered":"http:\/\/billigtrikots.com\/?post_type=product&#038;p=5398"},"modified":"2025-06-09T04:42:50","modified_gmt":"2025-06-09T02:42:50","slug":"herren-arsenal-2022-2023-heimtrikot-rot-weiss-fussballtrikots-set-outlet","status":"publish","type":"product","link":"https:\/\/www.billigtrikotde.com\/sk\/herren-arsenal-2022-2023-heimtrikot-rot-weiss-fussballtrikots-set-outlet\/","title":{"rendered":"P\u00e1nske Arsenal 2022-2023 Dom\u00e1ce dresy \u010dervenobiele Sada futbalov\u00fdch dresov Outlet"},"content":{"rendered":"<p>Arzen\u00e1l 22-23 dres vyjde na trh 19. m\u00e1ja 2022. Predpoklad\u00e1 sa, \u017ee prv\u00fd t\u00edm ho oble\u010die pri poslednom z\u00e1pase proti Evertonu 22. m\u00e1ja. Ako v predch\u00e1dzaj\u00facich sez\u00f3nach bude nov\u00fd away kit pre sez\u00f3nu 2022-23 uveden\u00fd v r\u00e1mci americk\u00e9ho turn\u00e9 v j\u00fali. Pravdepodobne bude premi\u00e9rovo predstaven\u00fd proti Evertonu (16. j\u00fala). Arsenal by ho mohol tie\u017e obliec\u0165 proti Orlando City (20. j\u00fala) a Chelsea (23. j\u00fala).<\/p>\n<p>Tipy na tla\u010d: Ak s\u00fa meno a \u010d\u00edslo na obr\u00e1zku presne tak\u00e9, ak\u00e9 chcete, nemus\u00edte ich zad\u00e1va\u0165 znova. Ak nie, mali by ste zada\u0165 po\u017eadovan\u00e9 meno a \u010d\u00edslo.<\/p>\n<p>Tipy na pranie: Odpor\u00fa\u010dame pra\u0165 futbalov\u00e9 tri\u010dk\u00e1 v ruke. Ak chcete pou\u017ei\u0165 pr\u00e1\u010dku, nezabudnite futbalov\u00e9 tri\u010dk\u00e1 oto\u010di\u0165 naruby a potom ich vypra\u0165. Napl\u0148te pr\u00e1\u010dku studenou vodou a pou\u017eite jemn\u00fd cyklus, aby ste lep\u0161ie ochr\u00e1nili farby.<\/p>","protected":false},"excerpt":{"rendered":"<p>Das Arsenal 22-23 Trikot wird am 19. Mai 2022 auf den Markt kommen. Es wird davon ausgegangen, dass die erste Mannschaft es beim letzten Spiel gegen Everton am 22. Mai tragen wird.As in other seasons, the new away kit for the 2022-23 season will be launched as part of the USA tour in July. It [&hellip;]<\/p>","protected":false},"featured_media":5431,"comment_status":"open","ping_status":"closed","template":"","meta":[],"product_brand":[],"product_cat":[55],"product_tag":[243,20,21,22,23,54,24],"class_list":{"0":"post-5398","1":"product","2":"type-product","3":"status-publish","4":"has-post-thumbnail","6":"product_cat-arsenal","7":"product_tag-arsenal-2022-2023-heimtrikot","8":"product_tag-coole-fussballtrikots","9":"product_tag-fussballtrikot-fuer-herren","10":"product_tag-fussballtrikot-guenstig-kaufen","11":"product_tag-fussballtrikot-kurzarm","12":"product_tag-fussballtrikot-set","13":"product_tag-guenstiges-fussballtrikot","15":"first","16":"instock","17":"shipping-taxable","18":"purchasable","19":"product-type-variable"},"_links":{"self":[{"href":"https:\/\/www.billigtrikotde.com\/sk\/wp-json\/wp\/v2\/product\/5398","targetHints":{"allow":["GET"]}}],"collection":[{"href":"https:\/\/www.billigtrikotde.com\/sk\/wp-json\/wp\/v2\/product"}],"about":[{"href":"https:\/\/www.billigtrikotde.com\/sk\/wp-json\/wp\/v2\/types\/product"}],"replies":[{"embeddable":true,"href":"https:\/\/www.billigtrikotde.com\/sk\/wp-json\/wp\/v2\/comments?post=5398"}],"wp:featuredmedia":[{"embeddable":true,"href":"https:\/\/www.billigtrikotde.com\/sk\/wp-json\/wp\/v2\/media\/5431"}],"wp:attachment":[{"href":"https:\/\/www.billigtrikotde.com\/sk\/wp-json\/wp\/v2\/media?parent=5398"}],"wp:term":[{"taxonomy":"product_brand","embeddable":true,"href":"https:\/\/www.billigtrikotde.com\/sk\/wp-json\/wp\/v2\/product_brand?post=5398"},{"taxonomy":"product_cat","embeddable":true,"href":"https:\/\/www.billigtrikotde.com\/sk\/wp-json\/wp\/v2\/product_cat?post=5398"},{"taxonomy":"product_tag","embeddable":true,"href":"https:\/\/www.billigtrikotde.com\/sk\/wp-json\/wp\/v2\/product_tag?post=5398"}],"curies":[{"name":"wp","href":"https:\/\/api.w.org\/{rel}","templated":true}]}}