{"id":523,"date":"2024-10-23T12:52:53","date_gmt":"2024-10-23T10:52:53","guid":{"rendered":"http:\/\/billigtrikots.com\/?post_type=product&#038;p=523"},"modified":"2024-10-23T12:54:50","modified_gmt":"2024-10-23T10:54:50","slug":"luis-suarez-9-barcelona-heimtrikot-2021-22-fussball-trikot-langarm-kurze-hosen","status":"publish","type":"product","link":"https:\/\/www.billigtrikotde.com\/sk\/luis-suarez-9-barcelona-heimtrikot-2021-22-fussball-trikot-langarm-kurze-hosen\/","title":{"rendered":"Luis Suarez 9# Barcelona Home Shirt 2021\/22 Futbalov\u00e9 tri\u010dko s dlh\u00fdm ruk\u00e1vom + \u0161ortky"},"content":{"rendered":"<p>Uk\u00e1\u017e svoju pr\u00edslu\u0161nos\u0165 k t\u00edmu prostredn\u00edctvom \u013eahk\u00e9ho modelu v modrej farbe. Trikot Nike sp\u00f4sobuje skuto\u010dn\u00e9 nad\u0161enie. Viac podpory u\u017e niet! S t\u00fdmto dom\u00e1cim trikom FC Barcelona roz\u0161\u00edri\u0161 svoju fan\u00fa\u0161ikovsk\u00fa kolekciu o polo\u017eku, ktor\u00fa nosia hr\u00e1\u010di v Primera Division. Super pohodln\u00fd, odv\u00e1dzaj\u00faci pot, priedu\u0161n\u00fd a \u013eahk\u00fd funk\u010dn\u00fd materi\u00e1l ho rob\u00ed presved\u010div\u00fdm. S t\u00fdmto \u0161portov\u00fdm tri\u010dkom bude\u0161 na ka\u017edej tr\u00e9ningovej jednotke dokonale vybaven\u00fd. Stane sa absol\u00fatnym hitom v\u010faka znaku klubu na hrudi. Tento \u0161t\u00fdlov\u00fd model je presne to, \u010do h\u013ead\u00e1\u0161, ak chce\u0161 modr\u00e9 \u0161portov\u00e9 top s vzh\u013eadom.<\/p>\n<p>Tipy na tla\u010d: Ak s\u00fa meno a \u010d\u00edslo na obr\u00e1zku presne tak\u00e9, ak\u00e9 chcete, nemus\u00edte ich zad\u00e1va\u0165 znova. Ak nie, mali by ste zada\u0165 po\u017eadovan\u00e9 meno a \u010d\u00edslo.<\/p>\n<p>Tipy na pranie: Odpor\u00fa\u010dame pra\u0165 futbalov\u00e9 tri\u010dk\u00e1 v ruke. Ak chcete pou\u017ei\u0165 pr\u00e1\u010dku, nezabudnite futbalov\u00e9 tri\u010dk\u00e1 oto\u010di\u0165 naruby a potom ich vypra\u0165. Napl\u0148te pr\u00e1\u010dku studenou vodou a pou\u017eite jemn\u00fd cyklus, aby ste lep\u0161ie ochr\u00e1nili farby.<\/p>","protected":false},"excerpt":{"rendered":"<p>Zeige deine Zugeh\u00f6rigkeit zu deinem Team durch das leichte Modell in Blau. Das Nike Trikot sorgt f\u00fcr wahre Begeisterung. Mehr Support geht kaum! Mit diesem FC Barcelona-Heim-Trikot erweiterst du deine Fan-Kollektion um einen Artikel, wie ihn die Spieler in der Primera Division tragen. Die super bequeme, schwei\u00dfableitende, atmungsaktive und leichte Funktionsweise l\u00e4sst es \u00fcberzeugen. Mit [&hellip;]<\/p>","protected":false},"featured_media":562,"comment_status":"open","ping_status":"closed","template":"","meta":[],"product_brand":[],"product_cat":[31],"product_tag":[20,33,38,21,24],"class_list":{"0":"post-523","1":"product","2":"type-product","3":"status-publish","4":"has-post-thumbnail","6":"product_cat-fc-barcelona","7":"product_tag-coole-fussballtrikots","8":"product_tag-fc-barcelona-trikots","9":"product_tag-fussball-trikot-langarm","10":"product_tag-fussballtrikot-fuer-herren","11":"product_tag-guenstiges-fussballtrikot","13":"first","14":"instock","15":"shipping-taxable","16":"purchasable","17":"product-type-variable"},"_links":{"self":[{"href":"https:\/\/www.billigtrikotde.com\/sk\/wp-json\/wp\/v2\/product\/523","targetHints":{"allow":["GET"]}}],"collection":[{"href":"https:\/\/www.billigtrikotde.com\/sk\/wp-json\/wp\/v2\/product"}],"about":[{"href":"https:\/\/www.billigtrikotde.com\/sk\/wp-json\/wp\/v2\/types\/product"}],"replies":[{"embeddable":true,"href":"https:\/\/www.billigtrikotde.com\/sk\/wp-json\/wp\/v2\/comments?post=523"}],"wp:featuredmedia":[{"embeddable":true,"href":"https:\/\/www.billigtrikotde.com\/sk\/wp-json\/wp\/v2\/media\/562"}],"wp:attachment":[{"href":"https:\/\/www.billigtrikotde.com\/sk\/wp-json\/wp\/v2\/media?parent=523"}],"wp:term":[{"taxonomy":"product_brand","embeddable":true,"href":"https:\/\/www.billigtrikotde.com\/sk\/wp-json\/wp\/v2\/product_brand?post=523"},{"taxonomy":"product_cat","embeddable":true,"href":"https:\/\/www.billigtrikotde.com\/sk\/wp-json\/wp\/v2\/product_cat?post=523"},{"taxonomy":"product_tag","embeddable":true,"href":"https:\/\/www.billigtrikotde.com\/sk\/wp-json\/wp\/v2\/product_tag?post=523"}],"curies":[{"name":"wp","href":"https:\/\/api.w.org\/{rel}","templated":true}]}}