{"id":5224,"date":"2024-10-23T16:44:51","date_gmt":"2024-10-23T14:44:51","guid":{"rendered":"http:\/\/billigtrikots.com\/?post_type=product&#038;p=5224"},"modified":"2025-10-16T16:04:41","modified_gmt":"2025-10-16T14:04:41","slug":"herren-y-3-real-madrid-viertes-fussballtrikot-schwarz-fuer-die-saison-2021-2022-i-casilias-1","status":"publish","type":"product","link":"https:\/\/www.billigtrikotde.com\/sk\/herren-y-3-real-madrid-viertes-fussballtrikot-schwarz-fuer-die-saison-2021-2022-i-casilias-1\/","title":{"rendered":"P\u00e1nske futbalov\u00e9 tri\u010dko Y-3 Real Madrid Fourth Black na sez\u00f3nu 2021-2022 I.CASILIAS 1"},"content":{"rendered":"<p>20 rokov Y-3 stret\u00e1va 120 rokov vrcholov\u00e9ho futbalu. Y-3 a Real Madrid sa pri pr\u00edle\u017eitosti svojich v\u00fdro\u010dia op\u00e4\u0165 spojili a vznikol tento \u0161tvrt\u00fd dres pre deti a t\u00edned\u017eerov, ktor\u00fd je vybaven\u00fd chladivou technol\u00f3giou HEAT.RDY. Dokonal\u00e1 f\u00fazia m\u00f3dy a \u0161portov\u00e9ho oble\u010denia, interpretovan\u00e1 v decentnej grafike z dynamick\u00fdch, prekr\u00ed\u017een\u00fdch \u010diar. Na hrudi zabezpe\u010duje logo Y-3 \u00fapln\u00fa novinku: prv\u00fdkr\u00e1t nahradilo logo adidas na drese. A nad lemom dop\u013a\u0148a \u0161peci\u00e1lne ve\u013ek\u00e9 \u0161t\u00edtok \u0161t\u00fdlov\u00e9 zakon\u010denie tejto v\u00fdnimo\u010dnej kolabor\u00e1cie.<\/p>\n<p>Tipy na tla\u010d: Ak s\u00fa meno a \u010d\u00edslo na obr\u00e1zku presne tak\u00e9, ak\u00e9 chcete, nemus\u00edte ich zad\u00e1va\u0165 znova. Ak nie, mali by ste zada\u0165 po\u017eadovan\u00e9 meno a \u010d\u00edslo.<\/p>\n<p>Tipy na pranie: Odpor\u00fa\u010dame pra\u0165 futbalov\u00e9 tri\u010dk\u00e1 v ruke. Ak chcete pou\u017ei\u0165 pr\u00e1\u010dku, nezabudnite futbalov\u00e9 tri\u010dk\u00e1 oto\u010di\u0165 naruby a potom ich vypra\u0165. Napl\u0148te pr\u00e1\u010dku studenou vodou a pou\u017eite jemn\u00fd cyklus, aby ste lep\u0161ie ochr\u00e1nili farby.<\/p>","protected":false},"excerpt":{"rendered":"<p>20 Jahre Y-3 treffen auf 120 Jahre Spitzenfu\u00dfball. Y-3 und Real Madrid haben sich anl\u00e4sslich ihrer Jubil\u00e4en erneut zusammengetan und dabei ist dieses vierte Trikot f\u00fcr Kinder und Teens entstanden, das mit k\u00fchlender HEAT.RDY Technologie ausgestattet ist. Die perfekte Fusion aus Fashion und Sportswear, interpretiert in einer dezenten Grafik aus dynamischen, sich \u00fcberkreuzenden Linien. Auf [&hellip;]<\/p>","protected":false},"featured_media":5262,"comment_status":"open","ping_status":"closed","template":"","meta":[],"product_brand":[],"product_cat":[45],"product_tag":[20,38,21,228,24,47],"class_list":{"0":"post-5224","1":"product","2":"type-product","3":"status-publish","4":"has-post-thumbnail","6":"product_cat-real-madrid","7":"product_tag-coole-fussballtrikots","8":"product_tag-fussball-trikot-langarm","9":"product_tag-fussballtrikot-fuer-herren","10":"product_tag-guenstige-fussballtrikot","11":"product_tag-guenstiges-fussballtrikot","12":"product_tag-real-madrid-trikots","14":"first","15":"instock","16":"shipping-taxable","17":"purchasable","18":"product-type-variable"},"_links":{"self":[{"href":"https:\/\/www.billigtrikotde.com\/sk\/wp-json\/wp\/v2\/product\/5224","targetHints":{"allow":["GET"]}}],"collection":[{"href":"https:\/\/www.billigtrikotde.com\/sk\/wp-json\/wp\/v2\/product"}],"about":[{"href":"https:\/\/www.billigtrikotde.com\/sk\/wp-json\/wp\/v2\/types\/product"}],"replies":[{"embeddable":true,"href":"https:\/\/www.billigtrikotde.com\/sk\/wp-json\/wp\/v2\/comments?post=5224"}],"wp:featuredmedia":[{"embeddable":true,"href":"https:\/\/www.billigtrikotde.com\/sk\/wp-json\/wp\/v2\/media\/5262"}],"wp:attachment":[{"href":"https:\/\/www.billigtrikotde.com\/sk\/wp-json\/wp\/v2\/media?parent=5224"}],"wp:term":[{"taxonomy":"product_brand","embeddable":true,"href":"https:\/\/www.billigtrikotde.com\/sk\/wp-json\/wp\/v2\/product_brand?post=5224"},{"taxonomy":"product_cat","embeddable":true,"href":"https:\/\/www.billigtrikotde.com\/sk\/wp-json\/wp\/v2\/product_cat?post=5224"},{"taxonomy":"product_tag","embeddable":true,"href":"https:\/\/www.billigtrikotde.com\/sk\/wp-json\/wp\/v2\/product_tag?post=5224"}],"curies":[{"name":"wp","href":"https:\/\/api.w.org\/{rel}","templated":true}]}}