{"id":5199,"date":"2024-10-23T16:28:49","date_gmt":"2024-10-23T14:28:49","guid":{"rendered":"http:\/\/billigtrikots.com\/?post_type=product&#038;p=5199"},"modified":"2024-10-23T16:45:46","modified_gmt":"2024-10-23T14:45:46","slug":"brasilien-2022-wm-heimtrikots-gelb-trikotsatz-kurzarm-kurze-hosen-casimiro-5","status":"publish","type":"product","link":"https:\/\/www.billigtrikotde.com\/sk\/brasilien-2022-wm-heimtrikots-gelb-trikotsatz-kurzarm-kurze-hosen-casimiro-5\/","title":{"rendered":"Braz\u00edlia 2022 Majstrovstv\u00e1 sveta vo futbale Dom\u00e1ce tri\u010dk\u00e1 \u017dlt\u00e1 s\u00faprava s kr\u00e1tkym ruk\u00e1vom + \u0161ortky CASIMIRO 5"},"content":{"rendered":"<p>Pred zajtraj\u0161\u00edm z\u00e1pasom Braz\u00edlia - Argent\u00edna sme sa dozvedeli \u010fal\u0161ie podrobnosti o dizajne dom\u00e1cej s\u00fapravy pre majstrovstv\u00e1 sveta 2022.Dres pre majstrovstv\u00e1 sveta 2022, ktor\u00fd vyr\u00e1ba spolo\u010dnos\u0165 Nike, bude predstaven\u00fd v druhej polovici roka a m\u00e1 nov\u00fa, jasnej\u0161iu farebn\u00fa sch\u00e9mu.Futbalov\u00fd dres Nike Braz\u00edlia 2022 vymie\u0148a klasick\u00fa \u017elt\u00fa farbu za \u017eiariv\u00fa \u017elt\u00fa, ofici\u00e1lne \"Dynamic Yellow\". Vzh\u013ead tejto farby n\u00e1m bol op\u00edsan\u00fd ako \"takmer ne\u00f3nov\u00e1 \u017elt\u00e1\".<\/p>\n<p>\u010co sa t\u00fdka dizajnu, dres Braz\u00edlia 2022 bude ma\u0165 mal\u00fd tradi\u010dn\u00fd golier, \u017elt\u00fa farbu a bude zdoben\u00fd zelen\u00fdm a modr\u00fdm pruhom. Upozor\u0148ujeme, \u017ee n\u00e1\u0161 obr\u00e1zok vy\u0161\u0161ie je len n\u00e1h\u013ead a kone\u010dn\u00fd dizajn dresu m\u00f4\u017ee vyzera\u0165 inak. farby dom\u00e1ceho dresu Nike Braz\u00edlia 2022 pre majstrovstv\u00e1 sveta pripom\u00ednaj\u00fa dres v\u00ed\u0165aza majstrovstiev sveta 2002 - mo\u017eno ho vn\u00edma\u0165 ako poctu 20. v\u00fdro\u010diu jeho vydania. spolo\u010dnos\u0165 Nike kombinuje dres Nike Braz\u00edlia 2022 s jasne tyrkysovo zelen\u00fdmi logami (Green Spark) a s\u00fdto modrou farbou pre detaily (Paramount Blue).<\/p>\n<p>Tipy na tla\u010d: Ak s\u00fa meno a \u010d\u00edslo na obr\u00e1zku presne tak\u00e9, ak\u00e9 chcete, nemus\u00edte ich zad\u00e1va\u0165 znova. Ak nie, mali by ste zada\u0165 po\u017eadovan\u00e9 meno a \u010d\u00edslo.<\/p>\n<p>Tipy na pranie: Odpor\u00fa\u010dame pra\u0165 futbalov\u00e9 tri\u010dk\u00e1 v ruke. Ak chcete pou\u017ei\u0165 pr\u00e1\u010dku, nezabudnite futbalov\u00e9 tri\u010dk\u00e1 oto\u010di\u0165 naruby a potom ich vypra\u0165. Napl\u0148te pr\u00e1\u010dku studenou vodou a pou\u017eite jemn\u00fd cyklus, aby ste lep\u0161ie ochr\u00e1nili farby.<\/p>","protected":false},"excerpt":{"rendered":"<p>Pred zajtraj\u0161\u00edm z\u00e1pasom Braz\u00edlia proti Argent\u00edne sme z\u00edskali presnej\u0161ie inform\u00e1cie o dizajne dom\u00e1ceho dresu na MS 2022. Dres vyroben\u00fd spolo\u010dnos\u0165ou Nike na MS 2022 bude predstaven\u00fd v druhej polovici roka a m\u00e1 nov\u00e9, svetlej\u0161ie farebn\u00e9 sch\u00e9ma. Futbalov\u00fd dres Nike Braz\u00edlia 2022 men\u00ed tradi\u010dn\u00fa \u017elt\u00fa za jasnej\u0161iu \u017elt\u00fa, ofici\u00e1lne \u201eDynamic [\u2026]<\/p>","protected":false},"featured_media":5238,"comment_status":"open","ping_status":"closed","template":"","meta":[],"product_brand":[],"product_cat":[112],"product_tag":[20,210,114,222,21,22,23,24],"class_list":{"0":"post-5199","1":"product","2":"type-product","3":"status-publish","4":"has-post-thumbnail","6":"product_cat-brasilien-trikots","7":"product_tag-coole-fussballtrikots","8":"product_tag-brasilien-auswaertstrikot","9":"product_tag-brasilien-trikots","10":"product_tag-fussball-wm-2022-trikots","11":"product_tag-fussballtrikot-fuer-herren","12":"product_tag-fussballtrikot-guenstig-kaufen","13":"product_tag-fussballtrikot-kurzarm","14":"product_tag-guenstiges-fussballtrikot","16":"first","17":"instock","18":"shipping-taxable","19":"purchasable","20":"product-type-variable"},"_links":{"self":[{"href":"https:\/\/www.billigtrikotde.com\/sk\/wp-json\/wp\/v2\/product\/5199","targetHints":{"allow":["GET"]}}],"collection":[{"href":"https:\/\/www.billigtrikotde.com\/sk\/wp-json\/wp\/v2\/product"}],"about":[{"href":"https:\/\/www.billigtrikotde.com\/sk\/wp-json\/wp\/v2\/types\/product"}],"replies":[{"embeddable":true,"href":"https:\/\/www.billigtrikotde.com\/sk\/wp-json\/wp\/v2\/comments?post=5199"}],"wp:featuredmedia":[{"embeddable":true,"href":"https:\/\/www.billigtrikotde.com\/sk\/wp-json\/wp\/v2\/media\/5238"}],"wp:attachment":[{"href":"https:\/\/www.billigtrikotde.com\/sk\/wp-json\/wp\/v2\/media?parent=5199"}],"wp:term":[{"taxonomy":"product_brand","embeddable":true,"href":"https:\/\/www.billigtrikotde.com\/sk\/wp-json\/wp\/v2\/product_brand?post=5199"},{"taxonomy":"product_cat","embeddable":true,"href":"https:\/\/www.billigtrikotde.com\/sk\/wp-json\/wp\/v2\/product_cat?post=5199"},{"taxonomy":"product_tag","embeddable":true,"href":"https:\/\/www.billigtrikotde.com\/sk\/wp-json\/wp\/v2\/product_tag?post=5199"}],"curies":[{"name":"wp","href":"https:\/\/api.w.org\/{rel}","templated":true}]}}