{"id":5134,"date":"2024-10-23T16:25:23","date_gmt":"2024-10-23T14:25:23","guid":{"rendered":"http:\/\/billigtrikots.com\/?post_type=product&#038;p=5134"},"modified":"2024-10-23T16:27:35","modified_gmt":"2024-10-23T14:27:35","slug":"inter-mailand-stadium-jersey-fussball-trikot-kurzarm-herren-heimtrikot-barella-23","status":"publish","type":"product","link":"https:\/\/www.billigtrikotde.com\/sk\/inter-mailand-stadium-jersey-fussball-trikot-kurzarm-herren-heimtrikot-barella-23\/","title":{"rendered":"Inter Milan Stadium Jersey Futbalov\u00e9 tri\u010dko s kr\u00e1tkym ruk\u00e1vom P\u00e1nske dom\u00e1ce tri\u010dko BARELLA 23"},"content":{"rendered":"<p>Prv\u00e9 skuto\u010dn\u00e9 obr\u00e1zky tri\u010dka nadch\u00e1dzaj\u00facej kolekcie Nike x Inter unikli. In\u0161pirovan\u00e9 nadch\u00e1dzaj\u00facim \u0161tvrt\u00fdm dresom Inter, ukazuje podobn\u00fd dizajn ako dres. \u0160tvrt\u00fd dres Nike Inter Mil\u00e1no 2020-2021 sa prezentuje v mimoriadnom dizajne, ktor\u00fd kombinuje r\u00f4zne vzory a grafiky v \u0161t\u00fdle mashup.<\/p>\n<p>Letn\u00e1 kolekcia Nike Inter Mil\u00e1no 20-21 prin\u00e1\u0161a svie\u017ee vzh\u013eady. In\u0161pirovan\u00e1 \u0161tvrt\u00fdm dresom a kolekciou predz\u00e1pasov\u00fdch a \u017eivotn\u00fdch \u0161t\u00fdlov\u00fdch kolekci\u00ed klubu, kolekcia Nike Inter 20-21 leto 2021 kombinuje r\u00f4zne dizajny pre jeden produkt.<\/p>\n<p>Tipy na tla\u010d: Ak s\u00fa meno a \u010d\u00edslo na obr\u00e1zku presne tak\u00e9, ak\u00e9 chcete, nemus\u00edte ich zad\u00e1va\u0165 znova. Ak nie, mali by ste zada\u0165 po\u017eadovan\u00e9 meno a \u010d\u00edslo.<\/p>\n<p>Tipy na pranie: Odpor\u00fa\u010dame pra\u0165 futbalov\u00e9 tri\u010dk\u00e1 v ruke. Ak chcete pou\u017ei\u0165 pr\u00e1\u010dku, nezabudnite futbalov\u00e9 tri\u010dk\u00e1 oto\u010di\u0165 naruby a potom ich vypra\u0165. Napl\u0148te pr\u00e1\u010dku studenou vodou a pou\u017eite jemn\u00fd cyklus, aby ste lep\u0161ie ochr\u00e1nili farby.<\/p>","protected":false},"excerpt":{"rendered":"<p>Prv\u00e9 skuto\u010dn\u00e9 obr\u00e1zky tri\u010dka nadch\u00e1dzaj\u00facej kolekcie Nike x Inter unikli. In\u0161pirovan\u00e9 nadch\u00e1dzaj\u00facim \u0161tvrt\u00fdm dresom Inter, ukazuje podobn\u00fd dizajn ako dres. \u0160tvrt\u00fd dres Nike Inter Mil\u00e1no 2020-2021 sa prezentuje v mimoriadnom dizajne, ktor\u00fd kombinuje r\u00f4zne vzory a grafiky v \u0161t\u00fdle mashup.<\/p>","protected":false},"featured_media":5174,"comment_status":"open","ping_status":"closed","template":"","meta":[],"product_brand":[],"product_cat":[77],"product_tag":[20,21,22,23,24,241,78],"class_list":{"0":"post-5134","1":"product","2":"type-product","3":"status-publish","4":"has-post-thumbnail","6":"product_cat-inter-milan","7":"product_tag-coole-fussballtrikots","8":"product_tag-fussballtrikot-fuer-herren","9":"product_tag-fussballtrikot-guenstig-kaufen","10":"product_tag-fussballtrikot-kurzarm","11":"product_tag-guenstiges-fussballtrikot","12":"product_tag-inter-mailand-ausweichtrikot","13":"product_tag-inter-milan-trikots","15":"first","16":"instock","17":"shipping-taxable","18":"purchasable","19":"product-type-variable"},"_links":{"self":[{"href":"https:\/\/www.billigtrikotde.com\/sk\/wp-json\/wp\/v2\/product\/5134","targetHints":{"allow":["GET"]}}],"collection":[{"href":"https:\/\/www.billigtrikotde.com\/sk\/wp-json\/wp\/v2\/product"}],"about":[{"href":"https:\/\/www.billigtrikotde.com\/sk\/wp-json\/wp\/v2\/types\/product"}],"replies":[{"embeddable":true,"href":"https:\/\/www.billigtrikotde.com\/sk\/wp-json\/wp\/v2\/comments?post=5134"}],"wp:featuredmedia":[{"embeddable":true,"href":"https:\/\/www.billigtrikotde.com\/sk\/wp-json\/wp\/v2\/media\/5174"}],"wp:attachment":[{"href":"https:\/\/www.billigtrikotde.com\/sk\/wp-json\/wp\/v2\/media?parent=5134"}],"wp:term":[{"taxonomy":"product_brand","embeddable":true,"href":"https:\/\/www.billigtrikotde.com\/sk\/wp-json\/wp\/v2\/product_brand?post=5134"},{"taxonomy":"product_cat","embeddable":true,"href":"https:\/\/www.billigtrikotde.com\/sk\/wp-json\/wp\/v2\/product_cat?post=5134"},{"taxonomy":"product_tag","embeddable":true,"href":"https:\/\/www.billigtrikotde.com\/sk\/wp-json\/wp\/v2\/product_tag?post=5134"}],"curies":[{"name":"wp","href":"https:\/\/api.w.org\/{rel}","templated":true}]}}