{"id":5041,"date":"2024-10-23T16:19:53","date_gmt":"2024-10-23T14:19:53","guid":{"rendered":"http:\/\/billigtrikots.com\/?post_type=product&#038;p=5041"},"modified":"2024-10-23T16:22:30","modified_gmt":"2024-10-23T14:22:30","slug":"fc-barcelona-2022-23-heimtrikot-dunkles-blau-trikotsatz-kurzarm-mit-aufdruck-xavi-6","status":"publish","type":"product","link":"https:\/\/www.billigtrikotde.com\/sk\/fc-barcelona-2022-23-heimtrikot-dunkles-blau-trikotsatz-kurzarm-mit-aufdruck-xavi-6\/","title":{"rendered":"FC Barcelona 2022\/23 Dom\u00e1ci dres tmavomodr\u00fd s\u00faprava dresov kr\u00e1tke ruk\u00e1vy s potla\u010dou XAVI 6"},"content":{"rendered":"<p>Dres FC Barcelona 2022-23 prin\u00e1\u0161a \u0161t\u00fdlov\u00fd vzh\u013ead t\u00fdm, \u017ee dop\u013a\u0148a tradi\u010dn\u00e9 pruhy Blaugrana o tmavomodr\u00fa farbu.<\/p>\n<p>Ruk\u00e1vy a golier dresu Barcelona 22-23 s\u00fa jednofarebne n\u00e1morn\u00edckomodr\u00e9, zatia\u013e \u010do predn\u00e1 \u010das\u0165 m\u00e1 \u0161irok\u00e9 pruhy v n\u00e1morn\u00edckej modrej, kr\u00e1\u013eovskej modrej a \u010dervenej farbe.<\/p>\n<p>Ofici\u00e1lny n\u00e1zov tmavomodrej farby na dresu je \u201eObsidian\u201c, \u010do je aj farba loga na zlatom hos\u0165ovskom drese.<\/p>\n<p>V r\u00e1mci modro-\u010derven\u00fdch pruhov na prednej strane dom\u00e1ceho dresu Nike FC Barcelona 2022-2023 sa nach\u00e1dza decentn\u00e1 potla\u010d, ktor\u00e1 bude vidite\u013en\u00e1 aj na r\u00f4znych \u010fal\u0161\u00edch produktoch kolekcie, vr\u00e1tane predz\u00e1pasov\u00e9ho tri\u010dka.<\/p>\n<p>Pod\u013ea skor\u0161ieho spr\u00e1vy SPORT bol dizajn in\u0161pirovan\u00fd aj Olympijsk\u00fdmi hrami 1992 v Barcelone a zmenami, ktor\u00fdmi mesto pre\u0161lo. T\u00e1to in\u0161pir\u00e1cia je e\u0161te v\u00fdraznej\u0161ie vidite\u013en\u00e1 na hos\u0165ovskom drese, ktor\u00fd je ozdoben\u00fd dekor\u00e1ciami v dizajne olympijsk\u00fdch medailov\u00fdch stu\u017eiek z pred 30 rokov.<\/p>\n<p>Nohavice a stulpny dom\u00e1ceho dresu Barcelona 22-23 odr\u00e1\u017eaj\u00fa tmavomodr\u00fa farbu, \u010do je opakuj\u00faca sa t\u00e9ma v hist\u00f3rii dom\u00e1cich dresov katal\u00e1nskeho klubu.<\/p>\n<p>Tipy na tla\u010d: Ak s\u00fa meno a \u010d\u00edslo na obr\u00e1zku presne tak\u00e9, ak\u00e9 chcete, nemus\u00edte ich zad\u00e1va\u0165 znova. Ak nie, mali by ste zada\u0165 po\u017eadovan\u00e9 meno a \u010d\u00edslo.<\/p>\n<p>Tipy na pranie: Odpor\u00fa\u010dame pra\u0165 futbalov\u00e9 tri\u010dk\u00e1 v ruke. Ak chcete pou\u017ei\u0165 pr\u00e1\u010dku, nezabudnite futbalov\u00e9 tri\u010dk\u00e1 oto\u010di\u0165 naruby a potom ich vypra\u0165. Napl\u0148te pr\u00e1\u010dku studenou vodou a pou\u017eite jemn\u00fd cyklus, aby ste lep\u0161ie ochr\u00e1nili farby.<\/p>","protected":false},"excerpt":{"rendered":"<p>Dres FC Barcelona 2022-23 prin\u00e1\u0161a \u0161t\u00fdlov\u00fd vzh\u013ead t\u00fdm, \u017ee dop\u013a\u0148a tradi\u010dn\u00e9 pruhy Blaugrana o tmavomodr\u00fa farbu. Ruk\u00e1vy a golier dresu Barcelona 22-23 s\u00fa jednofarebne n\u00e1morn\u00edkovomodr\u00e9, zatia\u013e \u010do predn\u00e1 \u010das\u0165 m\u00e1 \u0161irok\u00e9 pruhy v n\u00e1morn\u00edkovomodrej, kr\u00e1\u013eovskomodrej a \u010dervenej farbe. Ofici\u00e1lny n\u00e1zov tmavomodrej farby na dresu je \u201eObsidian\u201c, \u010do tie\u017e znamen\u00e1 [\u2026]<\/p>","protected":false},"featured_media":5083,"comment_status":"open","ping_status":"closed","template":"","meta":[],"product_brand":[],"product_cat":[31],"product_tag":[32,20,33,21,22,23,24],"class_list":{"0":"post-5041","1":"product","2":"type-product","3":"status-publish","4":"has-post-thumbnail","6":"product_cat-fc-barcelona","7":"product_tag-barcelona-heimtrikot","8":"product_tag-coole-fussballtrikots","9":"product_tag-fc-barcelona-trikots","10":"product_tag-fussballtrikot-fuer-herren","11":"product_tag-fussballtrikot-guenstig-kaufen","12":"product_tag-fussballtrikot-kurzarm","13":"product_tag-guenstiges-fussballtrikot","15":"first","16":"instock","17":"shipping-taxable","18":"purchasable","19":"product-type-variable"},"_links":{"self":[{"href":"https:\/\/www.billigtrikotde.com\/sk\/wp-json\/wp\/v2\/product\/5041","targetHints":{"allow":["GET"]}}],"collection":[{"href":"https:\/\/www.billigtrikotde.com\/sk\/wp-json\/wp\/v2\/product"}],"about":[{"href":"https:\/\/www.billigtrikotde.com\/sk\/wp-json\/wp\/v2\/types\/product"}],"replies":[{"embeddable":true,"href":"https:\/\/www.billigtrikotde.com\/sk\/wp-json\/wp\/v2\/comments?post=5041"}],"wp:featuredmedia":[{"embeddable":true,"href":"https:\/\/www.billigtrikotde.com\/sk\/wp-json\/wp\/v2\/media\/5083"}],"wp:attachment":[{"href":"https:\/\/www.billigtrikotde.com\/sk\/wp-json\/wp\/v2\/media?parent=5041"}],"wp:term":[{"taxonomy":"product_brand","embeddable":true,"href":"https:\/\/www.billigtrikotde.com\/sk\/wp-json\/wp\/v2\/product_brand?post=5041"},{"taxonomy":"product_cat","embeddable":true,"href":"https:\/\/www.billigtrikotde.com\/sk\/wp-json\/wp\/v2\/product_cat?post=5041"},{"taxonomy":"product_tag","embeddable":true,"href":"https:\/\/www.billigtrikotde.com\/sk\/wp-json\/wp\/v2\/product_tag?post=5041"}],"curies":[{"name":"wp","href":"https:\/\/api.w.org\/{rel}","templated":true}]}}