{"id":4923,"date":"2024-10-23T16:13:26","date_gmt":"2024-10-23T14:13:26","guid":{"rendered":"http:\/\/billigtrikots.com\/?post_type=product&#038;p=4923"},"modified":"2024-10-23T16:15:43","modified_gmt":"2024-10-23T14:15:43","slug":"hummel-daenemark-2022-limited-edition-trikot-weiss-mit-roten","status":"publish","type":"product","link":"https:\/\/www.billigtrikotde.com\/sk\/hummel-daenemark-2022-limited-edition-trikot-weiss-mit-roten\/","title":{"rendered":"Hummel Denmark 2022 Limitovan\u00e1 ed\u00edcia dresov biela s \u010dervenou"},"content":{"rendered":"<p>Spolo\u010dnos\u0165 Hummel v spolupr\u00e1ci s m\u00f3dnou zna\u010dkou BLS Hafnia navrhla nov\u00fa limitovan\u00fa ed\u00edciu dresu D\u00e1nska, ktor\u00fd sa bude nosi\u0165 na priate\u013eskom z\u00e1pase proti Srbsku 29. marca 2022.Dres je poctou novej gener\u00e1cii a bude s\u00fa\u010das\u0165ou v\u00e4\u010d\u0161ej lifestylovej kolekcie od spolo\u010dnost\u00ed Hummel, BLS Hafnia a DBU.<br \/>\nLimitovan\u00e1 ed\u00edcia dresu Hummel Denmark 2022 je biela s \u010derven\u00fdmi detailmi. Zvl\u00e1\u0161tnos\u0165ou s\u00fa \u010derven\u00e9 pruhy, ktor\u00e9 mo\u017eno vidie\u0165 na ramen\u00e1ch aj na bokoch dresu z limitovanej ed\u00edcie Hummel Denmark 2022.<\/p>\n<p>Tipy na tla\u010d: Ak s\u00fa meno a \u010d\u00edslo na obr\u00e1zku presne tak\u00e9, ak\u00e9 chcete, nemus\u00edte ich zad\u00e1va\u0165 znova. Ak nie, mali by ste zada\u0165 po\u017eadovan\u00e9 meno a \u010d\u00edslo.<\/p>\n<p>Tipy na pranie: Odpor\u00fa\u010dame pra\u0165 futbalov\u00e9 tri\u010dk\u00e1 v ruke. Ak chcete pou\u017ei\u0165 pr\u00e1\u010dku, nezabudnite futbalov\u00e9 tri\u010dk\u00e1 oto\u010di\u0165 naruby a potom ich vypra\u0165. Napl\u0148te pr\u00e1\u010dku studenou vodou a pou\u017eite jemn\u00fd cyklus, aby ste lep\u0161ie ochr\u00e1nili farby.<\/p>","protected":false},"excerpt":{"rendered":"<p>In Zusammenarbeit mit der Modemarke BLS Hafnia hat Hummel ein neues D\u00e4nemark-Trikot in limitierter Auflage entworfen, das beim Freundschaftsspiel gegen Serbien am 29. M\u00e4rz 2022 getragen wird.Das Trikot ist eine Hommage an die neue Generation und wird Teil einer gr\u00f6\u00dferen Lifestyle-Kollektion von Hummel, BLS Hafnia und DBU sein. Das Hummel D\u00e4nemark 2022 Trikot in limitierter [&hellip;]<\/p>","protected":false},"featured_media":4962,"comment_status":"open","ping_status":"closed","template":"","meta":[],"product_brand":[],"product_cat":[125],"product_tag":[20,126,22,23,238],"class_list":{"0":"post-4923","1":"product","2":"type-product","3":"status-publish","4":"has-post-thumbnail","6":"product_cat-daenemark-trikots","7":"product_tag-coole-fussballtrikots","8":"product_tag-daenemark-auswaertstrikot","9":"product_tag-fussballtrikot-guenstig-kaufen","10":"product_tag-fussballtrikot-kurzarm","11":"product_tag-hummel-daenemark-trikot","13":"first","14":"instock","15":"shipping-taxable","16":"purchasable","17":"product-type-variable"},"_links":{"self":[{"href":"https:\/\/www.billigtrikotde.com\/sk\/wp-json\/wp\/v2\/product\/4923","targetHints":{"allow":["GET"]}}],"collection":[{"href":"https:\/\/www.billigtrikotde.com\/sk\/wp-json\/wp\/v2\/product"}],"about":[{"href":"https:\/\/www.billigtrikotde.com\/sk\/wp-json\/wp\/v2\/types\/product"}],"replies":[{"embeddable":true,"href":"https:\/\/www.billigtrikotde.com\/sk\/wp-json\/wp\/v2\/comments?post=4923"}],"wp:featuredmedia":[{"embeddable":true,"href":"https:\/\/www.billigtrikotde.com\/sk\/wp-json\/wp\/v2\/media\/4962"}],"wp:attachment":[{"href":"https:\/\/www.billigtrikotde.com\/sk\/wp-json\/wp\/v2\/media?parent=4923"}],"wp:term":[{"taxonomy":"product_brand","embeddable":true,"href":"https:\/\/www.billigtrikotde.com\/sk\/wp-json\/wp\/v2\/product_brand?post=4923"},{"taxonomy":"product_cat","embeddable":true,"href":"https:\/\/www.billigtrikotde.com\/sk\/wp-json\/wp\/v2\/product_cat?post=4923"},{"taxonomy":"product_tag","embeddable":true,"href":"https:\/\/www.billigtrikotde.com\/sk\/wp-json\/wp\/v2\/product_tag?post=4923"}],"curies":[{"name":"wp","href":"https:\/\/api.w.org\/{rel}","templated":true}]}}