{"id":4789,"date":"2024-10-23T16:07:05","date_gmt":"2024-10-23T14:07:05","guid":{"rendered":"http:\/\/billigtrikots.com\/?post_type=product&#038;p=4789"},"modified":"2024-10-23T16:09:13","modified_gmt":"2024-10-23T14:09:13","slug":"spanien-auswaertstrikot-em-2021-weiss-kurzarm-kurze-hosen-thiago-10","status":"publish","type":"product","link":"https:\/\/www.billigtrikotde.com\/sk\/spanien-auswaertstrikot-em-2021-weiss-kurzarm-kurze-hosen-thiago-10\/","title":{"rendered":"S\u00faprava \u0160panielsko EM 2021 biela kr\u00e1tky ruk\u00e1v + \u0161ortky THIAGO 10"},"content":{"rendered":"<p>Podporujete svoj t\u00edm v dobrom aj zlom s priedu\u0161n\u00fdm modelom v bielej farbe. Istota perfektn\u00e1 vo\u013eba \u2013 dres od adidas. Ako prav\u00fd fan\u00fa\u0161ik \u0160panielska potrebujete tento vonkaj\u0161\u00ed dres, ktor\u00fd nosia hr\u00e1\u010di na majstrovstv\u00e1ch Eur\u00f3py. Pohodln\u00fd, odv\u00e1dzaj\u00faci pot, priedu\u0161n\u00fd a \u013eahk\u00fd funk\u010dn\u00fd materi\u00e1l ho rob\u00ed presved\u010div\u00fdm. Pon\u00faka v\u00e1m vysok\u00fa odolnos\u0165. Skvel\u00fd vzh\u013ead tohto dresu je pod\u010diarknut\u00fd \u0161t\u00e1tnym logom na hrudi. S t\u00fdmto dresom uk\u00e1\u017eete svoj t\u00edmov\u00fd duch a v\u0161ade budete vyzera\u0165 \u0161portovo.<\/p>\n<p>Niektor\u00e9 okamihy zost\u00e1vaj\u00fa nav\u017edy v pam\u00e4ti. Ur\u010dite si ka\u017ed\u00fd fan\u00fa\u0161ik \u0160panielska spomenie na v\u00ed\u0165azn\u00fd o\u0161ia\u013e a da\u017e\u010fov confetti, ke\u010f t\u00edm v Juhoafrickej republike zdvihol poh\u00e1r. Vonkaj\u0161\u00ed dres zachyt\u00e1va tento obraz abstraktn\u00fdm, akoby ru\u010dne ma\u013eovan\u00fdm dizajnom. M\u00e4kk\u00fd, r\u00fdchloschn\u00faci materi\u00e1l zabezpe\u010duje pohodln\u00e9 nosenie na ihrisku alebo v \u0161tadi\u00f3ne. Vy\u0161\u00edvan\u00e9 \u0161t\u00e1tne logo na hrudi ukazuje, za ktor\u00fdm t\u00edmom stoj\u00ed va\u0161e srdce.<\/p>\n<p>Tipy na tla\u010d: Ak s\u00fa meno a \u010d\u00edslo na obr\u00e1zku presne tak\u00e9, ak\u00e9 chcete, nemus\u00edte ich zad\u00e1va\u0165 znova. Ak nie, mali by ste zada\u0165 po\u017eadovan\u00e9 meno a \u010d\u00edslo.<\/p>\n<p>Tipy na pranie: Odpor\u00fa\u010dame pra\u0165 futbalov\u00e9 tri\u010dk\u00e1 v ruke. Ak chcete pou\u017ei\u0165 pr\u00e1\u010dku, nezabudnite futbalov\u00e9 tri\u010dk\u00e1 oto\u010di\u0165 naruby a potom ich vypra\u0165. Napl\u0148te pr\u00e1\u010dku studenou vodou a pou\u017eite jemn\u00fd cyklus, aby ste lep\u0161ie ochr\u00e1nili farby.<\/p>","protected":false},"excerpt":{"rendered":"<p>Du unterst\u00fctzt dein Team in guten wie in schlechten Zeiten mit dem atmungsaktiven Modell in Wei\u00df. Sicher die perfekte Entscheidung \u2013 das Trikot von adidas. Als echter Spanien-Fan brauchst du dieses Ausw\u00e4rts-Trikot, das die Spieler bei der Europameisterschaft tragen. Die bequeme, schwei\u00dfableitende, atmungsaktive und leichte Funktionsweise l\u00e4sst es \u00fcberzeugen. Eine hohe Haltbarkeit wird dir geboten. [&hellip;]<\/p>","protected":false},"featured_media":4823,"comment_status":"open","ping_status":"closed","template":"","meta":[],"product_brand":[],"product_cat":[131],"product_tag":[20,21,22,23,24,132],"class_list":{"0":"post-4789","1":"product","2":"type-product","3":"status-publish","4":"has-post-thumbnail","6":"product_cat-spanien-trikots","7":"product_tag-coole-fussballtrikots","8":"product_tag-fussballtrikot-fuer-herren","9":"product_tag-fussballtrikot-guenstig-kaufen","10":"product_tag-fussballtrikot-kurzarm","11":"product_tag-guenstiges-fussballtrikot","12":"product_tag-spanien-heimtrikot","14":"first","15":"instock","16":"shipping-taxable","17":"purchasable","18":"product-type-variable"},"_links":{"self":[{"href":"https:\/\/www.billigtrikotde.com\/sk\/wp-json\/wp\/v2\/product\/4789","targetHints":{"allow":["GET"]}}],"collection":[{"href":"https:\/\/www.billigtrikotde.com\/sk\/wp-json\/wp\/v2\/product"}],"about":[{"href":"https:\/\/www.billigtrikotde.com\/sk\/wp-json\/wp\/v2\/types\/product"}],"replies":[{"embeddable":true,"href":"https:\/\/www.billigtrikotde.com\/sk\/wp-json\/wp\/v2\/comments?post=4789"}],"wp:featuredmedia":[{"embeddable":true,"href":"https:\/\/www.billigtrikotde.com\/sk\/wp-json\/wp\/v2\/media\/4823"}],"wp:attachment":[{"href":"https:\/\/www.billigtrikotde.com\/sk\/wp-json\/wp\/v2\/media?parent=4789"}],"wp:term":[{"taxonomy":"product_brand","embeddable":true,"href":"https:\/\/www.billigtrikotde.com\/sk\/wp-json\/wp\/v2\/product_brand?post=4789"},{"taxonomy":"product_cat","embeddable":true,"href":"https:\/\/www.billigtrikotde.com\/sk\/wp-json\/wp\/v2\/product_cat?post=4789"},{"taxonomy":"product_tag","embeddable":true,"href":"https:\/\/www.billigtrikotde.com\/sk\/wp-json\/wp\/v2\/product_tag?post=4789"}],"curies":[{"name":"wp","href":"https:\/\/api.w.org\/{rel}","templated":true}]}}