{"id":475,"date":"2024-10-23T12:50:44","date_gmt":"2024-10-23T10:50:44","guid":{"rendered":"http:\/\/billigtrikots.com\/?post_type=product&#038;p=475"},"modified":"2024-10-23T12:52:44","modified_gmt":"2024-10-23T10:52:44","slug":"fc-barcelona-herren-3rd-trikot-2021-22-dunkelblau-gelb-mit-aufdruck-roberto-20","status":"publish","type":"product","link":"https:\/\/www.billigtrikotde.com\/sk\/fc-barcelona-herren-3rd-trikot-2021-22-dunkelblau-gelb-mit-aufdruck-roberto-20\/","title":{"rendered":"FC Barcelona P\u00e1nsky 3. dres 2021\/22 tmavo modr\u00fd\/\u017elt\u00fd s potla\u010dou ROBERTO 20"},"content":{"rendered":"<p>\u0160at Nike v modrej farbe \u0165a oble\u010die do farieb tvojho ob\u013e\u00faben\u00e9ho klubu a v\u0161etk\u00fdm uk\u00e1\u017ee, za \u010do srdce bije. Viac fan\u00fa\u0161ikovstva u\u017e nemo\u017eno! S touto v\u00fdjazdovou ko\u0161e\u013eou FC Barcelona roz\u0161\u00edri\u0161 svoju fan\u00fa\u0161ikovsk\u00fa zbierku o k\u00fasok, ak\u00fd nosia hr\u00e1\u010di v Primera Divisi\u00f3n. Jej mimoriadne pohodln\u00fd, priedu\u0161n\u00fd, r\u00fdchloschn\u00faci a \u013eahk\u00fd funk\u010dn\u00fd syst\u00e9m ju presved\u010d\u00ed. Toto je \u0161portov\u00e9 tielko, ktor\u00e9 v\u010faka znakovi klubu na hrudi zaru\u010dene zaujme. S t\u00fdmto \u0161portov\u00fdm tielkom bude\u0161 na ka\u017ed\u00fa jednotku dokonale vybaven\u00fd. S t\u00fdmto modr\u00fdm \u0161portov\u00fdm tielkom s pruhov\u00fdm vzorom zv\u00fdraz\u0148uje\u0161 svoj \u0161t\u00fdl.<\/p>\n<p>Tipy na tla\u010d: Ak s\u00fa meno a \u010d\u00edslo na obr\u00e1zku presne tak\u00e9, ak\u00e9 chcete, nemus\u00edte ich zad\u00e1va\u0165 znova. Ak nie, mali by ste zada\u0165 po\u017eadovan\u00e9 meno a \u010d\u00edslo.<\/p>\n<p>Tipy na pranie: Odpor\u00fa\u010dame pra\u0165 futbalov\u00e9 tri\u010dk\u00e1 v ruke. Ak chcete pou\u017ei\u0165 pr\u00e1\u010dku, nezabudnite futbalov\u00e9 tri\u010dk\u00e1 oto\u010di\u0165 naruby a potom ich vypra\u0165. Napl\u0148te pr\u00e1\u010dku studenou vodou a pou\u017eite jemn\u00fd cyklus, aby ste lep\u0161ie ochr\u00e1nili farby.<\/p>","protected":false},"excerpt":{"rendered":"<p>Das Shirt von Nike in Blau l\u00e4sst dich die Farben deines Lieblingsclubs tragen und allen zeigen, wof\u00fcr dein Herz schl\u00e4gt. Mehr Fantum geht kaum! Mit diesem FC Barcelona-Ausweich-Shirt erweiterst du deine Fan-Kollektion um einen Artikel, wie ihn die Spieler in der Primera Division tragen. Die super bequeme, atmungsaktive, schwei\u00dfableitende und leichte Funktionsweise l\u00e4sst es \u00fcberzeugen. [&hellip;]<\/p>","protected":false},"featured_media":512,"comment_status":"open","ping_status":"closed","template":"","meta":[],"product_brand":[],"product_cat":[31],"product_tag":[20,37,33,21,22,23,24],"class_list":{"0":"post-475","1":"product","2":"type-product","3":"status-publish","4":"has-post-thumbnail","6":"product_cat-fc-barcelona","7":"product_tag-coole-fussballtrikots","8":"product_tag-fc-barcelona-ausweichtrikot","9":"product_tag-fc-barcelona-trikots","10":"product_tag-fussballtrikot-fuer-herren","11":"product_tag-fussballtrikot-guenstig-kaufen","12":"product_tag-fussballtrikot-kurzarm","13":"product_tag-guenstiges-fussballtrikot","15":"first","16":"instock","17":"shipping-taxable","18":"purchasable","19":"product-type-variable"},"_links":{"self":[{"href":"https:\/\/www.billigtrikotde.com\/sk\/wp-json\/wp\/v2\/product\/475","targetHints":{"allow":["GET"]}}],"collection":[{"href":"https:\/\/www.billigtrikotde.com\/sk\/wp-json\/wp\/v2\/product"}],"about":[{"href":"https:\/\/www.billigtrikotde.com\/sk\/wp-json\/wp\/v2\/types\/product"}],"replies":[{"embeddable":true,"href":"https:\/\/www.billigtrikotde.com\/sk\/wp-json\/wp\/v2\/comments?post=475"}],"wp:featuredmedia":[{"embeddable":true,"href":"https:\/\/www.billigtrikotde.com\/sk\/wp-json\/wp\/v2\/media\/512"}],"wp:attachment":[{"href":"https:\/\/www.billigtrikotde.com\/sk\/wp-json\/wp\/v2\/media?parent=475"}],"wp:term":[{"taxonomy":"product_brand","embeddable":true,"href":"https:\/\/www.billigtrikotde.com\/sk\/wp-json\/wp\/v2\/product_brand?post=475"},{"taxonomy":"product_cat","embeddable":true,"href":"https:\/\/www.billigtrikotde.com\/sk\/wp-json\/wp\/v2\/product_cat?post=475"},{"taxonomy":"product_tag","embeddable":true,"href":"https:\/\/www.billigtrikotde.com\/sk\/wp-json\/wp\/v2\/product_tag?post=475"}],"curies":[{"name":"wp","href":"https:\/\/api.w.org\/{rel}","templated":true}]}}