{"id":4723,"date":"2024-10-23T16:03:39","date_gmt":"2024-10-23T14:03:39","guid":{"rendered":"http:\/\/billigtrikots.com\/?post_type=product&#038;p=4723"},"modified":"2024-10-23T16:05:49","modified_gmt":"2024-10-23T14:05:49","slug":"manchester-city-auswaertstrikot-2022-kurzarm-kurze-hosen-agueero-10","status":"publish","type":"product","link":"https:\/\/www.billigtrikotde.com\/sk\/manchester-city-auswaertstrikot-2022-kurzarm-kurze-hosen-agueero-10\/","title":{"rendered":"S\u00faprava Manchester City 2022 kr\u00e1tky ruk\u00e1v + \u0161ortky AG\u00dcERO 10"},"content":{"rendered":"<p>Na z\u00e1klade aerodynamick\u00e9ho dizajnu tretieho dresu Puma 21-22 ukazuje tret\u00ed dres Puma Manchester City 21-22 n\u00e1zov klubu namiesto znaku. Na prednej strane je n\u00e1pis Man City, obklopen\u00fd dvoma svetlomodr\u00fdmi \u010diarami. V\u0161etky ostatn\u00e9 log\u00e1 s\u00fa biele. Jemn\u00fd vzor znaku je umiestnen\u00fd na celom dresu, zatia\u013e \u010do odznak je tie\u017e vidite\u013en\u00fd na hornej \u010dasti chrbta tesne pod golierom.<\/p>\n<p>Tipy na tla\u010d: Ak s\u00fa meno a \u010d\u00edslo na obr\u00e1zku presne tak\u00e9, ak\u00e9 chcete, nemus\u00edte ich zad\u00e1va\u0165 znova. Ak nie, mali by ste zada\u0165 po\u017eadovan\u00e9 meno a \u010d\u00edslo.<\/p>\n<p>Tipy na pranie: Odpor\u00fa\u010dame pra\u0165 futbalov\u00e9 tri\u010dk\u00e1 v ruke. Ak chcete pou\u017ei\u0165 pr\u00e1\u010dku, nezabudnite futbalov\u00e9 tri\u010dk\u00e1 oto\u010di\u0165 naruby a potom ich vypra\u0165. Napl\u0148te pr\u00e1\u010dku studenou vodou a pou\u017eite jemn\u00fd cyklus, aby ste lep\u0161ie ochr\u00e1nili farby.<\/p>","protected":false},"excerpt":{"rendered":"<p>Basierend auf dem stromlinienf\u00f6rmigen Puma 21-22 dritten Trikot Design, zeigt das Puma Manchester City 21-22 dritte Trikot den Vereinsnamen anstelle des Wappens.Auf der Vorderseite befindet sich der Schriftzug Man City, umgeben von zwei himmelblauen Linien. Alle anderen Logos sind wei\u00df.Ein dezentes Wappenmuster ist auf dem gesamten Trikot angebracht, w\u00e4hrend das Abzeichen auch auf dem oberen [&hellip;]<\/p>","protected":false},"featured_media":4762,"comment_status":"open","ping_status":"closed","template":"","meta":[],"product_brand":[],"product_cat":[82],"product_tag":[20,21,22,23,24,233,83,84],"class_list":{"0":"post-4723","1":"product","2":"type-product","3":"status-publish","4":"has-post-thumbnail","6":"product_cat-manchester-city","7":"product_tag-coole-fussballtrikots","8":"product_tag-fussballtrikot-fuer-herren","9":"product_tag-fussballtrikot-guenstig-kaufen","10":"product_tag-fussballtrikot-kurzarm","11":"product_tag-guenstiges-fussballtrikot","12":"product_tag-manchester-city-21-22-drittes-trikot","13":"product_tag-manchester-city-auswaertstrikot","14":"product_tag-manchester-city-trikots","16":"first","17":"instock","18":"shipping-taxable","19":"purchasable","20":"product-type-variable"},"_links":{"self":[{"href":"https:\/\/www.billigtrikotde.com\/sk\/wp-json\/wp\/v2\/product\/4723","targetHints":{"allow":["GET"]}}],"collection":[{"href":"https:\/\/www.billigtrikotde.com\/sk\/wp-json\/wp\/v2\/product"}],"about":[{"href":"https:\/\/www.billigtrikotde.com\/sk\/wp-json\/wp\/v2\/types\/product"}],"replies":[{"embeddable":true,"href":"https:\/\/www.billigtrikotde.com\/sk\/wp-json\/wp\/v2\/comments?post=4723"}],"wp:featuredmedia":[{"embeddable":true,"href":"https:\/\/www.billigtrikotde.com\/sk\/wp-json\/wp\/v2\/media\/4762"}],"wp:attachment":[{"href":"https:\/\/www.billigtrikotde.com\/sk\/wp-json\/wp\/v2\/media?parent=4723"}],"wp:term":[{"taxonomy":"product_brand","embeddable":true,"href":"https:\/\/www.billigtrikotde.com\/sk\/wp-json\/wp\/v2\/product_brand?post=4723"},{"taxonomy":"product_cat","embeddable":true,"href":"https:\/\/www.billigtrikotde.com\/sk\/wp-json\/wp\/v2\/product_cat?post=4723"},{"taxonomy":"product_tag","embeddable":true,"href":"https:\/\/www.billigtrikotde.com\/sk\/wp-json\/wp\/v2\/product_tag?post=4723"}],"curies":[{"name":"wp","href":"https:\/\/api.w.org\/{rel}","templated":true}]}}