{"id":4664,"date":"2024-10-23T16:00:51","date_gmt":"2024-10-23T14:00:51","guid":{"rendered":"http:\/\/billigtrikots.com\/?post_type=product&#038;p=4664"},"modified":"2024-10-23T16:02:56","modified_gmt":"2024-10-23T14:02:56","slug":"herren-trikot-home-serbien-cheap-heimtrikot-em-2021-rot","status":"publish","type":"product","link":"https:\/\/www.billigtrikotde.com\/sk\/herren-trikot-home-serbien-cheap-heimtrikot-em-2021-rot\/","title":{"rendered":"P\u00e1nsky dom\u00e1ci dres Srbsko Lacn\u00fd dom\u00e1ci dres EM 2021 \u010cerven\u00fd"},"content":{"rendered":"<p>PUMA uv\u00e1dza na trh \u0161portov\u00e9 tri\u010dko v \u010dervenej farbe, s ktor\u00fdm m\u00f4\u017eete svoje mu\u017estvo podporova\u0165 v dobr\u00fdch aj zl\u00fdch \u010dasoch s l\u00e1skou a zanieten\u00edm. V \u017eiadnej fan\u00fa\u0161ikovskej kolekcii nesmie ch\u00fdba\u0165 toto Serbiansk\u00e9 \u0161portov\u00e9 tri\u010dko. Odpor\u00fa\u010dame tento priedu\u0161n\u00fd, sav\u00fd, \u013eahk\u00fd a pohodln\u00fd model s pr\u00edjemn\u00fdm pocitom na nosenie. Navy\u0161e v\u00e1m pon\u00faka vysok\u00fa odolnos\u0165. Tak\u017ee bude\u0161 e\u0161te v\u00fdkonn\u00fd a v ka\u017edej jednotke m\u00f4\u017ee\u0161 doda\u0165 v\u0161etko. Na optickej \u00farovni zaujme n\u00e1plas\u0165ov\u00fdm logom na hrudi.<\/p>\n<p>Pridaj meno a \u010d\u00edslo pre svoje personalizovan\u00e9 tri\u010dko.<\/p>\n<p>Tipy na pranie: Odpor\u00fa\u010dame pra\u0165 futbalov\u00e9 tri\u010dk\u00e1 v ruke. Ak chcete pou\u017ei\u0165 pr\u00e1\u010dku, nezabudnite futbalov\u00e9 tri\u010dk\u00e1 oto\u010di\u0165 naruby a potom ich vypra\u0165. Napl\u0148te pr\u00e1\u010dku studenou vodou a pou\u017eite jemn\u00fd cyklus, aby ste lep\u0161ie ochr\u00e1nili farby.<\/p>","protected":false},"excerpt":{"rendered":"<p>PUMA bringt mit dem Sportshirt in Rot ein Produkt auf den Markt, mit dem du dein Team in guten wie in schlechten Zeiten mit Liebe und Hingabe unterst\u00fctzen kannst. In keiner Fan-Kollektion darf dieses Serbien-Sportshirt fehlen. Wir empfehlen dieses atmungsaktive, schwei\u00dfableitende, leichte und bequeme Modell mit dem angenehmen Tragegef\u00fchl. Au\u00dferdem wird dir eine hohe Haltbarkeit [&hellip;]<\/p>","protected":false},"featured_media":4702,"comment_status":"open","ping_status":"closed","template":"","meta":[],"product_brand":[],"product_cat":[111],"product_tag":[20,21,22,23,24,229,230],"class_list":{"0":"post-4664","1":"product","2":"type-product","3":"status-publish","4":"has-post-thumbnail","6":"product_cat-nationaltrikot","7":"product_tag-coole-fussballtrikots","8":"product_tag-fussballtrikot-fuer-herren","9":"product_tag-fussballtrikot-guenstig-kaufen","10":"product_tag-fussballtrikot-kurzarm","11":"product_tag-guenstiges-fussballtrikot","12":"product_tag-serbien-heimtrikot","13":"product_tag-serbien-trikot","15":"first","16":"instock","17":"shipping-taxable","18":"purchasable","19":"product-type-variable"},"_links":{"self":[{"href":"https:\/\/www.billigtrikotde.com\/sk\/wp-json\/wp\/v2\/product\/4664","targetHints":{"allow":["GET"]}}],"collection":[{"href":"https:\/\/www.billigtrikotde.com\/sk\/wp-json\/wp\/v2\/product"}],"about":[{"href":"https:\/\/www.billigtrikotde.com\/sk\/wp-json\/wp\/v2\/types\/product"}],"replies":[{"embeddable":true,"href":"https:\/\/www.billigtrikotde.com\/sk\/wp-json\/wp\/v2\/comments?post=4664"}],"wp:featuredmedia":[{"embeddable":true,"href":"https:\/\/www.billigtrikotde.com\/sk\/wp-json\/wp\/v2\/media\/4702"}],"wp:attachment":[{"href":"https:\/\/www.billigtrikotde.com\/sk\/wp-json\/wp\/v2\/media?parent=4664"}],"wp:term":[{"taxonomy":"product_brand","embeddable":true,"href":"https:\/\/www.billigtrikotde.com\/sk\/wp-json\/wp\/v2\/product_brand?post=4664"},{"taxonomy":"product_cat","embeddable":true,"href":"https:\/\/www.billigtrikotde.com\/sk\/wp-json\/wp\/v2\/product_cat?post=4664"},{"taxonomy":"product_tag","embeddable":true,"href":"https:\/\/www.billigtrikotde.com\/sk\/wp-json\/wp\/v2\/product_tag?post=4664"}],"curies":[{"name":"wp","href":"https:\/\/api.w.org\/{rel}","templated":true}]}}