{"id":4555,"date":"2024-10-23T15:55:35","date_gmt":"2024-10-23T13:55:35","guid":{"rendered":"http:\/\/billigtrikots.com\/?post_type=product&#038;p=4555"},"modified":"2024-10-23T15:57:44","modified_gmt":"2024-10-23T13:57:44","slug":"bailly-3-manchester-united-2022-2023-heimtrikot-herren-trikot-kurze-hosen","status":"publish","type":"product","link":"https:\/\/www.billigtrikotde.com\/sk\/bailly-3-manchester-united-2022-2023-heimtrikot-herren-trikot-kurze-hosen\/","title":{"rendered":"BAILLY 3 Manchester United 2022-2023 Dom\u00e1ci dres P\u00e1nsky dres + kr\u00e1tke nohavice"},"content":{"rendered":"<p>Dres Adidas Manchester United 2022-2023 kombinuje sk\u00f4r tmavofialov\u00fa hlavn\u00fa farbu s bielym logom Adidas a \u010diernymi tromi pruhmi.<\/p>\n<p>\u010co rob\u00ed dres v\u00fdnimo\u010dn\u00fdm, je polo golier. Biely golier je vybaven\u00fd trojuholn\u00edkov\u00fdm dizajnom in\u0161pirovan\u00fdm z roku 1994.<\/p>\n<p>Podkolienky Manchester United 22-23 dom\u00e1ceho dresu kombinuj\u00fa tradi\u010dn\u00fa hlavn\u00fa farbu \u010diernu s \u010dervenou. Maj\u00fa \u010derven\u00e9ho Red Devil na prednej strane a biele logo Adidas na zadnej strane. Vrchn\u00e1 \u010das\u0165 je \u010derven\u00e1 s \u010diernymi tromi pruhmi.<\/p>\n<p>Dres Man United 22-23 m\u00e1 \u0161t\u00edt, na ktorom je zobrazen\u00e9 logo Manchester United. \u0160t\u00edt m\u00e1 tvar p\u00e4\u0165uholn\u00edka a je v trochu tmav\u0161om odtieni \u010dervenej ako zvy\u0161ok dresu. Je tie\u017e ohrani\u010den\u00fd tenk\u00fdm okrajom, ktor\u00fd odde\u013euje tvar.<\/p>\n<p>Tipy na tla\u010d: Ak s\u00fa meno a \u010d\u00edslo na obr\u00e1zku presne tak\u00e9, ak\u00e9 chcete, nemus\u00edte ich zad\u00e1va\u0165 znova. Ak nie, mali by ste zada\u0165 po\u017eadovan\u00e9 meno a \u010d\u00edslo.<\/p>\n<p>Tipy na pranie: Odpor\u00fa\u010dame pra\u0165 futbalov\u00e9 tri\u010dk\u00e1 v ruke. Ak chcete pou\u017ei\u0165 pr\u00e1\u010dku, nezabudnite futbalov\u00e9 tri\u010dk\u00e1 oto\u010di\u0165 naruby a potom ich vypra\u0165. Napl\u0148te pr\u00e1\u010dku studenou vodou a pou\u017eite jemn\u00fd cyklus, aby ste lep\u0161ie ochr\u00e1nili farby.<\/p>","protected":false},"excerpt":{"rendered":"<p>Dres Adidas Manchester United 2022-2023 kombinuje sk\u00f4r tmavomodr\u00fa hlavn\u00fa farbu s bielym logom Adidas a \u010diernymi tromi pruhmi. \u010co rob\u00ed tento dres v\u00fdnimo\u010dn\u00fdm, je polo golier. Biely golier je vybaven\u00fd trojuholn\u00edkov\u00fdm dizajnom in\u0161pirovan\u00fdm z roku 1994. Podkolienky dom\u00e1ceho dresu Manchester United 22-23 kombinuj\u00fa tradi\u010dn\u00fa hlavn\u00fa farbu \u010diernu s \u010dervenou. Maj\u00fa [\u2026]<\/p>","protected":false},"featured_media":4595,"comment_status":"open","ping_status":"closed","template":"","meta":[],"product_brand":[],"product_cat":[50],"product_tag":[20,21,22,23,54,24,141,52],"class_list":{"0":"post-4555","1":"product","2":"type-product","3":"status-publish","4":"has-post-thumbnail","6":"product_cat-manchester-united","7":"product_tag-coole-fussballtrikots","8":"product_tag-fussballtrikot-fuer-herren","9":"product_tag-fussballtrikot-guenstig-kaufen","10":"product_tag-fussballtrikot-kurzarm","11":"product_tag-fussballtrikot-set","12":"product_tag-guenstiges-fussballtrikot","13":"product_tag-manchester-united-heimtrikot","14":"product_tag-manchester-united-trikots","16":"first","17":"instock","18":"shipping-taxable","19":"purchasable","20":"product-type-variable"},"_links":{"self":[{"href":"https:\/\/www.billigtrikotde.com\/sk\/wp-json\/wp\/v2\/product\/4555","targetHints":{"allow":["GET"]}}],"collection":[{"href":"https:\/\/www.billigtrikotde.com\/sk\/wp-json\/wp\/v2\/product"}],"about":[{"href":"https:\/\/www.billigtrikotde.com\/sk\/wp-json\/wp\/v2\/types\/product"}],"replies":[{"embeddable":true,"href":"https:\/\/www.billigtrikotde.com\/sk\/wp-json\/wp\/v2\/comments?post=4555"}],"wp:featuredmedia":[{"embeddable":true,"href":"https:\/\/www.billigtrikotde.com\/sk\/wp-json\/wp\/v2\/media\/4595"}],"wp:attachment":[{"href":"https:\/\/www.billigtrikotde.com\/sk\/wp-json\/wp\/v2\/media?parent=4555"}],"wp:term":[{"taxonomy":"product_brand","embeddable":true,"href":"https:\/\/www.billigtrikotde.com\/sk\/wp-json\/wp\/v2\/product_brand?post=4555"},{"taxonomy":"product_cat","embeddable":true,"href":"https:\/\/www.billigtrikotde.com\/sk\/wp-json\/wp\/v2\/product_cat?post=4555"},{"taxonomy":"product_tag","embeddable":true,"href":"https:\/\/www.billigtrikotde.com\/sk\/wp-json\/wp\/v2\/product_tag?post=4555"}],"curies":[{"name":"wp","href":"https:\/\/api.w.org\/{rel}","templated":true}]}}