{"id":4509,"date":"2024-10-23T15:53:19","date_gmt":"2024-10-23T13:53:19","guid":{"rendered":"http:\/\/billigtrikots.com\/?post_type=product&#038;p=4509"},"modified":"2024-10-23T15:55:29","modified_gmt":"2024-10-23T13:55:29","slug":"neue-dfb-deutschlands-wm-trikot-2022-football-shirt-mit-aufdruck-werner-9","status":"publish","type":"product","link":"https:\/\/www.billigtrikotde.com\/sk\/neue-dfb-deutschlands-wm-trikot-2022-football-shirt-mit-aufdruck-werner-9\/","title":{"rendered":"Nov\u00e9 futbalov\u00e9 tri\u010dko DFB Germany 2022 World Cup s potla\u010dou Werner 9"},"content":{"rendered":"<p>Biela z\u00e1kladn\u00e1 farba so siv\u00fdmi zig-zag vzormi na prednej strane by mala ma\u0165 nov\u00e9 dresy Nemecka 2022! Zlato-\u010dierna bude emblem DFB, zlato logo adidas a \u0161tyri hviezdy aj konce ruk\u00e1vov a ramen\u00e1.<br \/>\nTipy na tla\u010d: Ak s\u00fa meno a \u010d\u00edslo na obr\u00e1zku presne tak\u00e9, ak\u00e9 chcete, nemus\u00edte ich zad\u00e1va\u0165 znova. Ak nie, mali by ste zada\u0165 po\u017eadovan\u00e9 meno a \u010d\u00edslo.<\/p>\n<p>Tipy na pranie: Odpor\u00fa\u010dame pra\u0165 futbalov\u00e9 tri\u010dk\u00e1 v ruke. Ak chcete pou\u017ei\u0165 pr\u00e1\u010dku, nezabudnite futbalov\u00e9 tri\u010dk\u00e1 oto\u010di\u0165 naruby a potom ich vypra\u0165. Napl\u0148te pr\u00e1\u010dku studenou vodou a pou\u017eite jemn\u00fd cyklus, aby ste lep\u0161ie ochr\u00e1nili farby.<\/p>","protected":false},"excerpt":{"rendered":"<p>Biela z\u00e1kladn\u00e1 farba s dominuj\u00facimi siv\u00fdmi zig-zag vzormi na prednej strane m\u00e1 ma\u0165 nov\u00e9 dresy Nemecko 2022! Zlato-\u010dierna bude emblem DFB, zlato logo adidas a \u0161tyri hviezdy, ako aj okraje ruk\u00e1vov a ramien. Tipy na tla\u010d: Ak meno a \u010d\u00edslo na obr\u00e1zku presne vyhovuj\u00fa va\u0161im po\u017eiadavk\u00e1m, nemus\u00edte ich zad\u00e1va\u0165 znovu. Ak [\u2026]<\/p>","protected":false},"featured_media":4550,"comment_status":"open","ping_status":"closed","template":"","meta":[],"product_brand":[],"product_cat":[170],"product_tag":[20,212,172,213,21,22,23,24],"class_list":{"0":"post-4509","1":"product","2":"type-product","3":"status-publish","4":"has-post-thumbnail","6":"product_cat-deutschland-trikots","7":"product_tag-coole-fussballtrikots","8":"product_tag-deutschland-heimtrikot","9":"product_tag-deutschland-trikots","10":"product_tag-fussball-wm-2022","11":"product_tag-fussballtrikot-fuer-herren","12":"product_tag-fussballtrikot-guenstig-kaufen","13":"product_tag-fussballtrikot-kurzarm","14":"product_tag-guenstiges-fussballtrikot","16":"first","17":"instock","18":"shipping-taxable","19":"purchasable","20":"product-type-variable"},"_links":{"self":[{"href":"https:\/\/www.billigtrikotde.com\/sk\/wp-json\/wp\/v2\/product\/4509","targetHints":{"allow":["GET"]}}],"collection":[{"href":"https:\/\/www.billigtrikotde.com\/sk\/wp-json\/wp\/v2\/product"}],"about":[{"href":"https:\/\/www.billigtrikotde.com\/sk\/wp-json\/wp\/v2\/types\/product"}],"replies":[{"embeddable":true,"href":"https:\/\/www.billigtrikotde.com\/sk\/wp-json\/wp\/v2\/comments?post=4509"}],"wp:featuredmedia":[{"embeddable":true,"href":"https:\/\/www.billigtrikotde.com\/sk\/wp-json\/wp\/v2\/media\/4550"}],"wp:attachment":[{"href":"https:\/\/www.billigtrikotde.com\/sk\/wp-json\/wp\/v2\/media?parent=4509"}],"wp:term":[{"taxonomy":"product_brand","embeddable":true,"href":"https:\/\/www.billigtrikotde.com\/sk\/wp-json\/wp\/v2\/product_brand?post=4509"},{"taxonomy":"product_cat","embeddable":true,"href":"https:\/\/www.billigtrikotde.com\/sk\/wp-json\/wp\/v2\/product_cat?post=4509"},{"taxonomy":"product_tag","embeddable":true,"href":"https:\/\/www.billigtrikotde.com\/sk\/wp-json\/wp\/v2\/product_tag?post=4509"}],"curies":[{"name":"wp","href":"https:\/\/api.w.org\/{rel}","templated":true}]}}