{"id":437,"date":"2024-10-23T12:49:04","date_gmt":"2024-10-23T10:49:04","guid":{"rendered":"http:\/\/billigtrikots.com\/?post_type=product&#038;p=437"},"modified":"2024-10-23T12:51:07","modified_gmt":"2024-10-23T10:51:07","slug":"drittes-trikot-fc-barcelona-herren-2021-22-in-blau-mit-aufdruck-suarez-9","status":"publish","type":"product","link":"https:\/\/www.billigtrikotde.com\/sk\/drittes-trikot-fc-barcelona-herren-2021-22-in-blau-mit-aufdruck-suarez-9\/","title":{"rendered":"Tret\u00ed dres FC Barcelona p\u00e1nsky 2021\/22 v modrej farbe s n\u00e1pisom SUAREZ 9"},"content":{"rendered":"<p>Sportov\u00e9 tri\u010dko Nike v modrej farbe v\u00e1m umo\u017en\u00ed nosi\u0165 farby v\u00e1\u0161ho ob\u013e\u00faben\u00e9ho klubu a v\u0161etk\u00fdm uk\u00e1za\u0165, za \u010do v\u00e1m srdce bije. Ako skuto\u010dn\u00fd fan\u00fa\u0161ik FC Barcelona budete potrebova\u0165 tento v\u00fdstupn\u00fd \u0161portov\u00fd dres, ktor\u00fd nosia hr\u00e1\u010di v Primera Division. Priedu\u0161n\u00fd, \u013eahk\u00fd, potu odv\u00e1dzaj\u00faci a pohodln\u00fd model v\u00e1s presved\u010d\u00ed na v\u0161etk\u00fdch frontoch. Vyzna\u010duje sa opticky klubov\u00fdm erbom na hrudi. S t\u00fdmto tri\u010dkom m\u00f4\u017eete by\u0165 e\u0161te v\u00fdkonnej\u0161\u00ed a pripravi\u0165 sa na \u010fal\u0161\u00ed z\u00e1pas. Nechajte toto modr\u00e9 dres s pruhov\u00fdm vzorom sta\u0165 sa va\u0161\u00edm vern\u00fdm spolo\u010dn\u00edkom.<\/p>\n<p>Tipy na tla\u010d: Ak s\u00fa meno a \u010d\u00edslo na obr\u00e1zku presne tak\u00e9, ak\u00e9 chcete, nemus\u00edte ich zad\u00e1va\u0165 znova. Ak nie, mali by ste zada\u0165 po\u017eadovan\u00e9 meno a \u010d\u00edslo.<\/p>\n<p>Tipy na pranie: Odpor\u00fa\u010dame pra\u0165 futbalov\u00e9 tri\u010dk\u00e1 v ruke. Ak chcete pou\u017ei\u0165 pr\u00e1\u010dku, nezabudnite futbalov\u00e9 tri\u010dk\u00e1 oto\u010di\u0165 naruby a potom ich vypra\u0165. Napl\u0148te pr\u00e1\u010dku studenou vodou a pou\u017eite jemn\u00fd cyklus, aby ste lep\u0161ie ochr\u00e1nili farby.<\/p>","protected":false},"excerpt":{"rendered":"<p>Das Sportshirt von Nike in Blau l\u00e4sst dich die Farben deines Lieblingsclubs tragen und allen zeigen, wof\u00fcr dein Herz schl\u00e4gt. Als echter FC Barcelona-Fan brauchst du dieses Ausweich-Sportshirt, das die Spieler in der Primera Division tragen. Das atmungsaktive, leichte, schwei\u00dfableitende und bequeme Modell \u00fcberzeugt auf ganzer Linie. Es besticht optisch mit einem Vereinswappen auf der [&hellip;]<\/p>","protected":false},"featured_media":467,"comment_status":"open","ping_status":"closed","template":"","meta":[],"product_brand":[],"product_cat":[31],"product_tag":[20,37,33,21,22,23,24],"class_list":{"0":"post-437","1":"product","2":"type-product","3":"status-publish","4":"has-post-thumbnail","6":"product_cat-fc-barcelona","7":"product_tag-coole-fussballtrikots","8":"product_tag-fc-barcelona-ausweichtrikot","9":"product_tag-fc-barcelona-trikots","10":"product_tag-fussballtrikot-fuer-herren","11":"product_tag-fussballtrikot-guenstig-kaufen","12":"product_tag-fussballtrikot-kurzarm","13":"product_tag-guenstiges-fussballtrikot","15":"first","16":"instock","17":"shipping-taxable","18":"purchasable","19":"product-type-variable"},"_links":{"self":[{"href":"https:\/\/www.billigtrikotde.com\/sk\/wp-json\/wp\/v2\/product\/437","targetHints":{"allow":["GET"]}}],"collection":[{"href":"https:\/\/www.billigtrikotde.com\/sk\/wp-json\/wp\/v2\/product"}],"about":[{"href":"https:\/\/www.billigtrikotde.com\/sk\/wp-json\/wp\/v2\/types\/product"}],"replies":[{"embeddable":true,"href":"https:\/\/www.billigtrikotde.com\/sk\/wp-json\/wp\/v2\/comments?post=437"}],"wp:featuredmedia":[{"embeddable":true,"href":"https:\/\/www.billigtrikotde.com\/sk\/wp-json\/wp\/v2\/media\/467"}],"wp:attachment":[{"href":"https:\/\/www.billigtrikotde.com\/sk\/wp-json\/wp\/v2\/media?parent=437"}],"wp:term":[{"taxonomy":"product_brand","embeddable":true,"href":"https:\/\/www.billigtrikotde.com\/sk\/wp-json\/wp\/v2\/product_brand?post=437"},{"taxonomy":"product_cat","embeddable":true,"href":"https:\/\/www.billigtrikotde.com\/sk\/wp-json\/wp\/v2\/product_cat?post=437"},{"taxonomy":"product_tag","embeddable":true,"href":"https:\/\/www.billigtrikotde.com\/sk\/wp-json\/wp\/v2\/product_tag?post=437"}],"curies":[{"name":"wp","href":"https:\/\/api.w.org\/{rel}","templated":true}]}}