{"id":4365,"date":"2024-10-23T15:46:18","date_gmt":"2024-10-23T13:46:18","guid":{"rendered":"http:\/\/billigtrikots.com\/?post_type=product&#038;p=4365"},"modified":"2024-10-23T15:48:32","modified_gmt":"2024-10-23T13:48:32","slug":"brasilien-fussball-wm-2022-weltmeisterschaft-auswaertstrikot","status":"publish","type":"product","link":"https:\/\/www.billigtrikotde.com\/sk\/brasilien-fussball-wm-2022-weltmeisterschaft-auswaertstrikot\/","title":{"rendered":"Braz\u00edlia Majstrovstv\u00e1 sveta vo futbale 2022 World Cup away kit"},"content":{"rendered":"<p>Nike Braz\u00edlia 2022 WM vonkaj\u0161ie dresy kombinuj\u00fa modr\u00fa z\u00e1kladn\u00fa farbu s svetlozelenou pre Swoosh. Ofici\u00e1lne farby s\u00fa \u201cParamount Blue\/Dynamic Yellow\/Green Spark\u201d. Sl\u00e1vna erb futbalov\u00e9ho zv\u00e4zu Braz\u00edlie sa nach\u00e1dza na \u013eavej hrudn\u00ed. Pozost\u00e1va zo \u0161t\u00edtov a n\u00e1pisu Brasil v \u017eltej farbe.<\/p>\n<p>Tipy na tla\u010d: Ak s\u00fa meno a \u010d\u00edslo na obr\u00e1zku presne tak\u00e9, ak\u00e9 chcete, nemus\u00edte ich zad\u00e1va\u0165 znova. Ak nie, mali by ste zada\u0165 po\u017eadovan\u00e9 meno a \u010d\u00edslo.<\/p>\n<p>Tipy na pranie: Odpor\u00fa\u010dame pra\u0165 futbalov\u00e9 tri\u010dk\u00e1 v ruke. Ak chcete pou\u017ei\u0165 pr\u00e1\u010dku, nezabudnite futbalov\u00e9 tri\u010dk\u00e1 oto\u010di\u0165 naruby a potom ich vypra\u0165. Napl\u0148te pr\u00e1\u010dku studenou vodou a pou\u017eite jemn\u00fd cyklus, aby ste lep\u0161ie ochr\u00e1nili farby.<\/p>","protected":false},"excerpt":{"rendered":"<p>Das Nike Brasilien 2022 WM-Ausw\u00e4rtstrikot kombiniert eine blaue Grundfarbe mit Hellgr\u00fcn f\u00fcr den Swoosh. Die offiziellen Farben sind \u201cParamount Blue\/Dynamic Yellow\/Green Spark\u201d. Das ber\u00fchmte Wappen des brasilianischen Fu\u00dfballverbands befindet sich auf der linken Brust. Es besteht aus den Sternen und dem Schriftzug Brasil in Gelb. Tipps zum Drucken: Wenn der Name und die Nummer auf [&hellip;]<\/p>","protected":false},"featured_media":4406,"comment_status":"open","ping_status":"closed","template":"","meta":[],"product_brand":[],"product_cat":[112],"product_tag":[20,210,114,21,22,23,24],"class_list":{"0":"post-4365","1":"product","2":"type-product","3":"status-publish","4":"has-post-thumbnail","6":"product_cat-brasilien-trikots","7":"product_tag-coole-fussballtrikots","8":"product_tag-brasilien-auswaertstrikot","9":"product_tag-brasilien-trikots","10":"product_tag-fussballtrikot-fuer-herren","11":"product_tag-fussballtrikot-guenstig-kaufen","12":"product_tag-fussballtrikot-kurzarm","13":"product_tag-guenstiges-fussballtrikot","15":"first","16":"instock","17":"shipping-taxable","18":"purchasable","19":"product-type-variable"},"_links":{"self":[{"href":"https:\/\/www.billigtrikotde.com\/sk\/wp-json\/wp\/v2\/product\/4365","targetHints":{"allow":["GET"]}}],"collection":[{"href":"https:\/\/www.billigtrikotde.com\/sk\/wp-json\/wp\/v2\/product"}],"about":[{"href":"https:\/\/www.billigtrikotde.com\/sk\/wp-json\/wp\/v2\/types\/product"}],"replies":[{"embeddable":true,"href":"https:\/\/www.billigtrikotde.com\/sk\/wp-json\/wp\/v2\/comments?post=4365"}],"wp:featuredmedia":[{"embeddable":true,"href":"https:\/\/www.billigtrikotde.com\/sk\/wp-json\/wp\/v2\/media\/4406"}],"wp:attachment":[{"href":"https:\/\/www.billigtrikotde.com\/sk\/wp-json\/wp\/v2\/media?parent=4365"}],"wp:term":[{"taxonomy":"product_brand","embeddable":true,"href":"https:\/\/www.billigtrikotde.com\/sk\/wp-json\/wp\/v2\/product_brand?post=4365"},{"taxonomy":"product_cat","embeddable":true,"href":"https:\/\/www.billigtrikotde.com\/sk\/wp-json\/wp\/v2\/product_cat?post=4365"},{"taxonomy":"product_tag","embeddable":true,"href":"https:\/\/www.billigtrikotde.com\/sk\/wp-json\/wp\/v2\/product_tag?post=4365"}],"curies":[{"name":"wp","href":"https:\/\/api.w.org\/{rel}","templated":true}]}}