{"id":4257,"date":"2024-10-23T15:41:01","date_gmt":"2024-10-23T13:41:01","guid":{"rendered":"http:\/\/billigtrikots.com\/?post_type=product&#038;p=4257"},"modified":"2024-10-23T15:43:15","modified_gmt":"2024-10-23T13:43:15","slug":"manchester-united-ausweichtrikot-2021-22-langarm-trikotsatz-mit-aufdruck-sancho-25","status":"publish","type":"product","link":"https:\/\/www.billigtrikotde.com\/sk\/manchester-united-ausweichtrikot-2021-22-langarm-trikotsatz-mit-aufdruck-sancho-25\/","title":{"rendered":"Manchester United n\u00e1hradn\u00fd dres 2021\/22 Dlh\u00fd ruk\u00e1v s potla\u010dou Sancho 25"},"content":{"rendered":"<p>Tipy na tla\u010d: Ak s\u00fa meno a \u010d\u00edslo na obr\u00e1zku presne tak\u00e9, ak\u00e9 chcete, nemus\u00edte ich zad\u00e1va\u0165 znova. Ak nie, mali by ste zada\u0165 po\u017eadovan\u00e9 meno a \u010d\u00edslo.<\/p>\n<p>Tipy na pranie: Odpor\u00fa\u010da sa pra\u0165 futbalov\u00e9 dresy ru\u010dne. Ak chcete pou\u017ei\u0165 pr\u00e1\u010dku, nezabudnite oto\u010di\u0165 futbalov\u00e9 dresy naruby a potom ich pra\u0165.<\/p>","protected":false},"excerpt":{"rendered":"<p>Tipy na tla\u010d: Ak meno a \u010d\u00edslo na obr\u00e1zku presne zodpovedaj\u00fa va\u0161im po\u017eiadavk\u00e1m, nemus\u00edte ich znova zad\u00e1va\u0165. Ak nie, zadajte po\u017eadovan\u00e9 meno a \u010d\u00edslo. Tipy na pranie: Odpor\u00fa\u010da sa ru\u010dn\u00e9 pranie futbalov\u00fdch dresov. Ak chcete pou\u017ei\u0165 pr\u00e1\u010dku, nezabudnite obr\u00e1ti\u0165 futbalov\u00e9 dresy naruby [\u2026]<\/p>","protected":false},"featured_media":4298,"comment_status":"open","ping_status":"closed","template":"","meta":[],"product_brand":[],"product_cat":[50],"product_tag":[20,38,43,21,22,24,53,52],"class_list":{"0":"post-4257","1":"product","2":"type-product","3":"status-publish","4":"has-post-thumbnail","6":"product_cat-manchester-united","7":"product_tag-coole-fussballtrikots","8":"product_tag-fussball-trikot-langarm","9":"product_tag-fussballkleidung","10":"product_tag-fussballtrikot-fuer-herren","11":"product_tag-fussballtrikot-guenstig-kaufen","12":"product_tag-guenstiges-fussballtrikot","13":"product_tag-manchester-united-ausweichtrikot","14":"product_tag-manchester-united-trikots","16":"first","17":"instock","18":"shipping-taxable","19":"purchasable","20":"product-type-variable"},"_links":{"self":[{"href":"https:\/\/www.billigtrikotde.com\/sk\/wp-json\/wp\/v2\/product\/4257","targetHints":{"allow":["GET"]}}],"collection":[{"href":"https:\/\/www.billigtrikotde.com\/sk\/wp-json\/wp\/v2\/product"}],"about":[{"href":"https:\/\/www.billigtrikotde.com\/sk\/wp-json\/wp\/v2\/types\/product"}],"replies":[{"embeddable":true,"href":"https:\/\/www.billigtrikotde.com\/sk\/wp-json\/wp\/v2\/comments?post=4257"}],"wp:featuredmedia":[{"embeddable":true,"href":"https:\/\/www.billigtrikotde.com\/sk\/wp-json\/wp\/v2\/media\/4298"}],"wp:attachment":[{"href":"https:\/\/www.billigtrikotde.com\/sk\/wp-json\/wp\/v2\/media?parent=4257"}],"wp:term":[{"taxonomy":"product_brand","embeddable":true,"href":"https:\/\/www.billigtrikotde.com\/sk\/wp-json\/wp\/v2\/product_brand?post=4257"},{"taxonomy":"product_cat","embeddable":true,"href":"https:\/\/www.billigtrikotde.com\/sk\/wp-json\/wp\/v2\/product_cat?post=4257"},{"taxonomy":"product_tag","embeddable":true,"href":"https:\/\/www.billigtrikotde.com\/sk\/wp-json\/wp\/v2\/product_tag?post=4257"}],"curies":[{"name":"wp","href":"https:\/\/api.w.org\/{rel}","templated":true}]}}