{"id":4233,"date":"2024-10-23T15:39:47","date_gmt":"2024-10-23T13:39:47","guid":{"rendered":"http:\/\/billigtrikots.com\/?post_type=product&#038;p=4233"},"modified":"2024-10-23T15:42:10","modified_gmt":"2024-10-23T13:42:10","slug":"los-angeles-galaxy-2022-auswaertstrikot-weiss-mit-herbalife-nutrition-aufdruck","status":"publish","type":"product","link":"https:\/\/www.billigtrikotde.com\/sk\/los-angeles-galaxy-2022-auswaertstrikot-weiss-mit-herbalife-nutrition-aufdruck\/","title":{"rendered":"Dres Los Angeles Galaxy 2022 Away White s potla\u010dou Herbalife Nutrition"},"content":{"rendered":"<p>Tri\u010dko m\u00e1 dizajn Quasar a bolo vydan\u00e9 ako tri\u010dko \u201eCity of Dreams\u201c. Na Jock-tag s\u00fa slov\u00e1 \u201eSolo un La\u201c (existuje iba LA). Herbalife sa na\u010falej zobrazuje na prednej strane tri\u010dka, s Honey na ruk\u00e1ve.<br \/>\nTipy na tla\u010d: Ak s\u00fa meno a \u010d\u00edslo na obr\u00e1zku presne tak\u00e9, ak\u00e9 chcete, nemus\u00edte ich zad\u00e1va\u0165 znova. Ak nie, mali by ste zada\u0165 po\u017eadovan\u00e9 meno a \u010d\u00edslo.<\/p>\n<p>Tipy na pranie: Odpor\u00fa\u010dame pra\u0165 futbalov\u00e9 tri\u010dk\u00e1 v ruke. Ak chcete pou\u017ei\u0165 pr\u00e1\u010dku, nezabudnite futbalov\u00e9 tri\u010dk\u00e1 oto\u010di\u0165 naruby a potom ich vypra\u0165. Napl\u0148te pr\u00e1\u010dku studenou vodou a pou\u017eite jemn\u00fd cyklus, aby ste lep\u0161ie ochr\u00e1nili farby.<\/p>","protected":false},"excerpt":{"rendered":"<p>Trikot m\u00e1 dizajn typu Quasar a bol vydan\u00fd ako dres \u201eCity of Dreams\u201c. Na jock-tag s\u00fa slov\u00e1 \u201eSolo un La\u201c (existuje len jedno LA). Herbalife sa na\u010falej objavuje na prednej strane dresu, s Honey na ruk\u00e1ve. Tipy na tla\u010d: Ak sa meno a \u010d\u00edslo na obr\u00e1zku presne zhoduj\u00fa s va\u0161imi po\u017eiadavkami [\u2026]<\/p>","protected":false},"featured_media":4267,"comment_status":"open","ping_status":"closed","template":"","meta":[],"product_brand":[],"product_cat":[182],"product_tag":[20,21,22,23,24,183,184],"class_list":{"0":"post-4233","1":"product","2":"type-product","3":"status-publish","4":"has-post-thumbnail","6":"product_cat-la-galaxy","7":"product_tag-coole-fussballtrikots","8":"product_tag-fussballtrikot-fuer-herren","9":"product_tag-fussballtrikot-guenstig-kaufen","10":"product_tag-fussballtrikot-kurzarm","11":"product_tag-guenstiges-fussballtrikot","12":"product_tag-la-galaxy-away-shirt","13":"product_tag-la-galaxy-trikots","15":"first","16":"instock","17":"shipping-taxable","18":"purchasable","19":"product-type-variable"},"_links":{"self":[{"href":"https:\/\/www.billigtrikotde.com\/sk\/wp-json\/wp\/v2\/product\/4233","targetHints":{"allow":["GET"]}}],"collection":[{"href":"https:\/\/www.billigtrikotde.com\/sk\/wp-json\/wp\/v2\/product"}],"about":[{"href":"https:\/\/www.billigtrikotde.com\/sk\/wp-json\/wp\/v2\/types\/product"}],"replies":[{"embeddable":true,"href":"https:\/\/www.billigtrikotde.com\/sk\/wp-json\/wp\/v2\/comments?post=4233"}],"wp:featuredmedia":[{"embeddable":true,"href":"https:\/\/www.billigtrikotde.com\/sk\/wp-json\/wp\/v2\/media\/4267"}],"wp:attachment":[{"href":"https:\/\/www.billigtrikotde.com\/sk\/wp-json\/wp\/v2\/media?parent=4233"}],"wp:term":[{"taxonomy":"product_brand","embeddable":true,"href":"https:\/\/www.billigtrikotde.com\/sk\/wp-json\/wp\/v2\/product_brand?post=4233"},{"taxonomy":"product_cat","embeddable":true,"href":"https:\/\/www.billigtrikotde.com\/sk\/wp-json\/wp\/v2\/product_cat?post=4233"},{"taxonomy":"product_tag","embeddable":true,"href":"https:\/\/www.billigtrikotde.com\/sk\/wp-json\/wp\/v2\/product_tag?post=4233"}],"curies":[{"name":"wp","href":"https:\/\/api.w.org\/{rel}","templated":true}]}}