{"id":4186,"date":"2024-10-23T15:37:30","date_gmt":"2024-10-23T13:37:30","guid":{"rendered":"http:\/\/billigtrikots.com\/?post_type=product&#038;p=4186"},"modified":"2025-06-16T16:03:52","modified_gmt":"2025-06-16T14:03:52","slug":"juventus-turin-herren-auswaertstrikot-2021-22-schwarz-weiss-mit-aufdruck-de-sciglio-2","status":"publish","type":"product","link":"https:\/\/www.billigtrikotde.com\/sk\/juventus-turin-herren-auswaertstrikot-2021-22-schwarz-weiss-mit-aufdruck-de-sciglio-2\/","title":{"rendered":"Juventus Tur\u00edn P\u00e1nsky dres 2021\/22 black\/white s potla\u010dou De Sciglio 2"},"content":{"rendered":"<p>Nov\u00e9 mu\u017esk\u00e9 vonkaj\u0161ie dresy Juventus Tur\u00edn nes\u00fa samozrejme ako v\u017edy hrd\u00fd klubov\u00fd znak na srdcovej strane a s\u00fa ozdoben\u00e9 logom adidas, dizajnom s tromi pruhmi a ofici\u00e1lnym n\u00e1pisom sponzora.<\/p>\n<p>Vyroben\u00e9 z m\u00e4kk\u00e9ho materi\u00e1lu Aeroready, nov\u00fd dres JUVE pre mu\u017eov pon\u00faka optim\u00e1lnu regul\u00e1ciu tepla a vlhkosti, \u010d\u00edm zabezpe\u010duje v\u017edy such\u00fd komfort nosenia. S rebrovan\u00fdm golierom a o nie\u010do \u0161ir\u0161\u00edm strihom ako samotn\u00fd hr\u00e1\u010dsky dres, v\u00e1m tie\u017e poskytuje maxim\u00e1lnu vo\u013enos\u0165 pohybu vo v\u0161etk\u00fdch smeroch, aby ste mohli v\u017edy pod\u00e1va\u0165 perfektn\u00e9 v\u00fdkony \u2013 \u010di u\u017e na \u0161tadi\u00f3ne, vo vo\u013enom \u010dase alebo pri tr\u00e9ningu.<\/p>\n<p>Tipy na tla\u010d: Ak s\u00fa meno a \u010d\u00edslo na obr\u00e1zku presne tak\u00e9, ak\u00e9 chcete, nemus\u00edte ich zad\u00e1va\u0165 znova. Ak nie, mali by ste zada\u0165 po\u017eadovan\u00e9 meno a \u010d\u00edslo.<\/p>\n<p>Tipy na pranie: Odpor\u00fa\u010da sa pra\u0165 futbalov\u00e9 dresy ru\u010dne. Ak chcete pou\u017ei\u0165 pr\u00e1\u010dku, nezabudnite oto\u010di\u0165 futbalov\u00e9 dresy naruby a potom ich pra\u0165.<\/p>","protected":false},"excerpt":{"rendered":"<p>Nov\u00e9 dom\u00e1ce awayd tri\u010dko pre mu\u017eov od Juventusu Tur\u00edn nesie, ako v\u017edy, hrd\u00fd klubov\u00fd znak na \u013eavom srdci a je ozdoben\u00e9 logom adidas, dizajnom s tromi pr\u00fa\u017ekami a ofici\u00e1lnym n\u00e1pisom sponzora. Vyroben\u00e9 z m\u00e4kk\u00e9ho materi\u00e1lu Aeroready, nov\u00e9 MU\u017dE JUVE tri\u010dko pre mu\u017eov pon\u00faka optim\u00e1lne teplotn\u00e9 a vlhkostn\u00e9 riadenie a t\u00fdm aj st\u00e1le [\u2026]<\/p>","protected":false},"featured_media":4227,"comment_status":"open","ping_status":"closed","template":"","meta":[],"product_brand":[],"product_cat":[59],"product_tag":[20,38,21,24,150,61],"class_list":{"0":"post-4186","1":"product","2":"type-product","3":"status-publish","4":"has-post-thumbnail","6":"product_cat-juventus","7":"product_tag-coole-fussballtrikots","8":"product_tag-fussball-trikot-langarm","9":"product_tag-fussballtrikot-fuer-herren","10":"product_tag-guenstiges-fussballtrikot","11":"product_tag-juventus-auswaertstrikot","12":"product_tag-juventus-trikots","14":"first","15":"instock","16":"shipping-taxable","17":"purchasable","18":"product-type-variable"},"_links":{"self":[{"href":"https:\/\/www.billigtrikotde.com\/sk\/wp-json\/wp\/v2\/product\/4186","targetHints":{"allow":["GET"]}}],"collection":[{"href":"https:\/\/www.billigtrikotde.com\/sk\/wp-json\/wp\/v2\/product"}],"about":[{"href":"https:\/\/www.billigtrikotde.com\/sk\/wp-json\/wp\/v2\/types\/product"}],"replies":[{"embeddable":true,"href":"https:\/\/www.billigtrikotde.com\/sk\/wp-json\/wp\/v2\/comments?post=4186"}],"wp:featuredmedia":[{"embeddable":true,"href":"https:\/\/www.billigtrikotde.com\/sk\/wp-json\/wp\/v2\/media\/4227"}],"wp:attachment":[{"href":"https:\/\/www.billigtrikotde.com\/sk\/wp-json\/wp\/v2\/media?parent=4186"}],"wp:term":[{"taxonomy":"product_brand","embeddable":true,"href":"https:\/\/www.billigtrikotde.com\/sk\/wp-json\/wp\/v2\/product_brand?post=4186"},{"taxonomy":"product_cat","embeddable":true,"href":"https:\/\/www.billigtrikotde.com\/sk\/wp-json\/wp\/v2\/product_cat?post=4186"},{"taxonomy":"product_tag","embeddable":true,"href":"https:\/\/www.billigtrikotde.com\/sk\/wp-json\/wp\/v2\/product_tag?post=4186"}],"curies":[{"name":"wp","href":"https:\/\/api.w.org\/{rel}","templated":true}]}}