{"id":4124,"date":"2024-10-23T15:34:48","date_gmt":"2024-10-23T13:34:48","guid":{"rendered":"http:\/\/billigtrikots.com\/?post_type=product&#038;p=4124"},"modified":"2024-10-23T15:36:51","modified_gmt":"2024-10-23T13:36:51","slug":"guenstige-boca-juniors-2021-22-auswaertstrikot-kaufen-mit-eigenem-namen","status":"publish","type":"product","link":"https:\/\/www.billigtrikotde.com\/sk\/guenstige-boca-juniors-2021-22-auswaertstrikot-kaufen-mit-eigenem-namen\/","title":{"rendered":"K\u00fapi\u0165 si lacn\u00fd dres Boca Juniors 2021\/22 s vlastn\u00fdm menom"},"content":{"rendered":"<p>T\u00fato farbu nosia chlapci z Boca Juniors zriedka, no okam\u017eite pripom\u00edna sl\u00e1vne momenty klubovej hist\u00f3rie. Na vonkaj\u0161\u00edch z\u00e1pasoch v sez\u00f3ne 21\/22 hviezdy Boca Juniors nosia \u0161ed\u00e9 dresy od adidas ako tento. Technol\u00f3gia AEROREADY, ktor\u00e1 odv\u00e1dza vlhkos\u0165, a hebk\u00fd materi\u00e1l zabezpe\u010duj\u00fa aj fan\u00fa\u0161ikom pr\u00edjemn\u00e9 nosenie. Logo klubu sa od jemn\u00e9ho allover potla\u010de odli\u0161uje a ukazuje v\u0161etk\u00fdm, za ktor\u00fdm t\u00edmom v\u00e1m srdce tl\u010die. Tento produkt je Primegreen: vyroben\u00fd z r\u00f4znych funk\u010dn\u00fdch recyklovan\u00fdch materi\u00e1lov.<\/p>\n<p>Tipy na tla\u010d: Ak s\u00fa meno a \u010d\u00edslo na obr\u00e1zku presne tak\u00e9, ak\u00e9 chcete, nemus\u00edte ich zad\u00e1va\u0165 znova. Ak nie, mali by ste zada\u0165 po\u017eadovan\u00e9 meno a \u010d\u00edslo.<\/p>\n<p>Tipy na pranie: Odpor\u00fa\u010dame pra\u0165 futbalov\u00e9 tri\u010dk\u00e1 v ruke. Ak chcete pou\u017ei\u0165 pr\u00e1\u010dku, nezabudnite futbalov\u00e9 tri\u010dk\u00e1 oto\u010di\u0165 naruby a potom ich vypra\u0165. Napl\u0148te pr\u00e1\u010dku studenou vodou a pou\u017eite jemn\u00fd cyklus, aby ste lep\u0161ie ochr\u00e1nili farby.<\/p>","protected":false},"excerpt":{"rendered":"<p>Diese Farbe tragen die Jungs der Boca Juniors selten, aber sie erinnert sofort an ruhmreiche Momente der Vereinsgeschichte. Bei Ausw\u00e4rtsspielen in der Saison 21\/22 sind die Stars von Boca Juniors in grauen adidas Trikots wie diesem zu sehen. Die feuchtigkeitsabsorbierende AEROREADY Technologie und das weiche Material sorgen auch bei den Fans f\u00fcr ein angenehmes Tragegef\u00fchl. [&hellip;]<\/p>","protected":false},"featured_media":4168,"comment_status":"open","ping_status":"closed","template":"","meta":[],"product_brand":[],"product_cat":[15],"product_tag":[20,206,207,21,22,23,24],"class_list":{"0":"post-4124","1":"product","2":"type-product","3":"status-publish","4":"has-post-thumbnail","6":"product_cat-unkategorisiert","7":"product_tag-coole-fussballtrikots","8":"product_tag-boca-juniors-auswaertstrikot","9":"product_tag-boca-juniors-trikots","10":"product_tag-fussballtrikot-fuer-herren","11":"product_tag-fussballtrikot-guenstig-kaufen","12":"product_tag-fussballtrikot-kurzarm","13":"product_tag-guenstiges-fussballtrikot","15":"first","16":"instock","17":"shipping-taxable","18":"purchasable","19":"product-type-variable"},"_links":{"self":[{"href":"https:\/\/www.billigtrikotde.com\/sk\/wp-json\/wp\/v2\/product\/4124","targetHints":{"allow":["GET"]}}],"collection":[{"href":"https:\/\/www.billigtrikotde.com\/sk\/wp-json\/wp\/v2\/product"}],"about":[{"href":"https:\/\/www.billigtrikotde.com\/sk\/wp-json\/wp\/v2\/types\/product"}],"replies":[{"embeddable":true,"href":"https:\/\/www.billigtrikotde.com\/sk\/wp-json\/wp\/v2\/comments?post=4124"}],"wp:featuredmedia":[{"embeddable":true,"href":"https:\/\/www.billigtrikotde.com\/sk\/wp-json\/wp\/v2\/media\/4168"}],"wp:attachment":[{"href":"https:\/\/www.billigtrikotde.com\/sk\/wp-json\/wp\/v2\/media?parent=4124"}],"wp:term":[{"taxonomy":"product_brand","embeddable":true,"href":"https:\/\/www.billigtrikotde.com\/sk\/wp-json\/wp\/v2\/product_brand?post=4124"},{"taxonomy":"product_cat","embeddable":true,"href":"https:\/\/www.billigtrikotde.com\/sk\/wp-json\/wp\/v2\/product_cat?post=4124"},{"taxonomy":"product_tag","embeddable":true,"href":"https:\/\/www.billigtrikotde.com\/sk\/wp-json\/wp\/v2\/product_tag?post=4124"}],"curies":[{"name":"wp","href":"https:\/\/api.w.org\/{rel}","templated":true}]}}