{"id":4119,"date":"2024-10-23T15:34:20","date_gmt":"2024-10-23T13:34:20","guid":{"rendered":"http:\/\/billigtrikots.com\/?post_type=product&#038;p=4119"},"modified":"2024-10-23T15:36:50","modified_gmt":"2024-10-23T13:36:50","slug":"as-rom-ausweichtrikot-2021-22-bestellen-gelb-und-dunkelblau","status":"publish","type":"product","link":"https:\/\/www.billigtrikotde.com\/sk\/as-rom-ausweichtrikot-2021-22-bestellen-gelb-und-dunkelblau\/","title":{"rendered":"AS Roma alternat\u00edvny dres 2021\/22 objedn\u00e1vka \u017elt\u00e1 a tmavomodr\u00e1"},"content":{"rendered":"<p>Ako v\u0161etky dresy New Balance s\u00fa aj futbalov\u00e9 dresy AS R\u00edm vybaven\u00e9 technol\u00f3giou NB Dry. Tento syst\u00e9m je zapracovan\u00fd do materi\u00e1lu (100% polyester) uniformy a zabezpe\u010duje perfektn\u00fd odvod vlhkosti a ventil\u00e1ciu.<\/p>\n<p>Nie je to mo\u017en\u00e9 prelo\u017ei\u0165 bez doplnenia kontextu<\/p>\n<p>Tipy na tla\u010d: Ak s\u00fa meno a \u010d\u00edslo na obr\u00e1zku presne tak\u00e9, ak\u00e9 chcete, nemus\u00edte ich zad\u00e1va\u0165 znova. Ak nie, mali by ste zada\u0165 po\u017eadovan\u00e9 meno a \u010d\u00edslo.<\/p>\n<p>Tipy na pranie: Odpor\u00fa\u010dame pra\u0165 futbalov\u00e9 tri\u010dk\u00e1 v ruke. Ak chcete pou\u017ei\u0165 pr\u00e1\u010dku, nezabudnite futbalov\u00e9 tri\u010dk\u00e1 oto\u010di\u0165 naruby a potom ich vypra\u0165. Napl\u0148te pr\u00e1\u010dku studenou vodou a pou\u017eite jemn\u00fd cyklus, aby ste lep\u0161ie ochr\u00e1nili farby.<\/p>","protected":false},"excerpt":{"rendered":"<p>Das AS Rom 3. Fu\u00dfballtrikot 2021-2022 enth\u00e4lt nicht das aktuelle Vereinslogo auf der linken Brust, sondern das sogenannte Lupetto-Logo. Dieses Logo zeichnet sich durch den Kopf eines Wolfes aus und war im Zeitraum 1977-1997 das Logo der AS Roma. Dar\u00fcber hinaus wurden alle Vereinsfarben des AS Roma in das Trikot eingearbeitet und diese Farben mit [&hellip;]<\/p>","protected":false},"featured_media":4167,"comment_status":"open","ping_status":"closed","template":"","meta":[],"product_brand":[],"product_cat":[85],"product_tag":[205,87,20,21,22,23,24],"class_list":{"0":"post-4119","1":"product","2":"type-product","3":"status-publish","4":"has-post-thumbnail","6":"product_cat-as-roma","7":"product_tag-as-rom-ausweichtrikot","8":"product_tag-as-roma-trikots","9":"product_tag-coole-fussballtrikots","10":"product_tag-fussballtrikot-fuer-herren","11":"product_tag-fussballtrikot-guenstig-kaufen","12":"product_tag-fussballtrikot-kurzarm","13":"product_tag-guenstiges-fussballtrikot","15":"first","16":"instock","17":"shipping-taxable","18":"purchasable","19":"product-type-variable"},"_links":{"self":[{"href":"https:\/\/www.billigtrikotde.com\/sk\/wp-json\/wp\/v2\/product\/4119","targetHints":{"allow":["GET"]}}],"collection":[{"href":"https:\/\/www.billigtrikotde.com\/sk\/wp-json\/wp\/v2\/product"}],"about":[{"href":"https:\/\/www.billigtrikotde.com\/sk\/wp-json\/wp\/v2\/types\/product"}],"replies":[{"embeddable":true,"href":"https:\/\/www.billigtrikotde.com\/sk\/wp-json\/wp\/v2\/comments?post=4119"}],"wp:featuredmedia":[{"embeddable":true,"href":"https:\/\/www.billigtrikotde.com\/sk\/wp-json\/wp\/v2\/media\/4167"}],"wp:attachment":[{"href":"https:\/\/www.billigtrikotde.com\/sk\/wp-json\/wp\/v2\/media?parent=4119"}],"wp:term":[{"taxonomy":"product_brand","embeddable":true,"href":"https:\/\/www.billigtrikotde.com\/sk\/wp-json\/wp\/v2\/product_brand?post=4119"},{"taxonomy":"product_cat","embeddable":true,"href":"https:\/\/www.billigtrikotde.com\/sk\/wp-json\/wp\/v2\/product_cat?post=4119"},{"taxonomy":"product_tag","embeddable":true,"href":"https:\/\/www.billigtrikotde.com\/sk\/wp-json\/wp\/v2\/product_tag?post=4119"}],"curies":[{"name":"wp","href":"https:\/\/api.w.org\/{rel}","templated":true}]}}