{"id":4106,"date":"2024-10-23T15:33:46","date_gmt":"2024-10-23T13:33:46","guid":{"rendered":"http:\/\/billigtrikots.com\/?post_type=product&#038;p=4106"},"modified":"2024-10-23T15:36:19","modified_gmt":"2024-10-23T13:36:19","slug":"heimtrikot-atletico-madrid-stadion-2021-22-rot-weiss","status":"publish","type":"product","link":"https:\/\/www.billigtrikotde.com\/sk\/heimtrikot-atletico-madrid-stadion-2021-22-rot-weiss\/","title":{"rendered":"Dom\u00e1ce tri\u010dko Atl\u00e9tico Madrid Stadium 2021\/22 red\/white"},"content":{"rendered":"<p>Ako ostatn\u00e9 dresy z na\u0161ej kolekcie Stadium, aj dres Atletico Madrid kombinuje opakuj\u00face sa dizajnov\u00e9 detaily s materi\u00e1lom odv\u00e1dzaj\u00facim pot, aby v\u00e1m poskytol vzh\u013ead pripraven\u00fd na z\u00e1pas, in\u0161pirovan\u00fd va\u0161\u00edm ob\u013e\u00faben\u00fdm t\u00edmom.<\/p>\n<p>Technol\u00f3gia Nike Dri-FIT odv\u00e1dza pot od poko\u017eky a zabezpe\u010duje r\u00fdchlej\u0161iu odparovanie, aby ste zostali such\u00ed a pohodln\u00ed.<br \/>\nReplika\u010dn\u00fd dizajn je in\u0161pirovan\u00fd t\u00fdm, \u010do nosia profesion\u00e1li na ihrisku.<\/p>\n<p>Tipy na tla\u010d: Ak s\u00fa meno a \u010d\u00edslo na obr\u00e1zku presne tak\u00e9, ak\u00e9 chcete, nemus\u00edte ich zad\u00e1va\u0165 znova. Ak nie, mali by ste zada\u0165 po\u017eadovan\u00e9 meno a \u010d\u00edslo.<\/p>\n<p>Tipy na pranie: Odpor\u00fa\u010dame pra\u0165 futbalov\u00e9 tri\u010dk\u00e1 v ruke. Ak chcete pou\u017ei\u0165 pr\u00e1\u010dku, nezabudnite futbalov\u00e9 tri\u010dk\u00e1 oto\u010di\u0165 naruby a potom ich vypra\u0165. Napl\u0148te pr\u00e1\u010dku studenou vodou a pou\u017eite jemn\u00fd cyklus, aby ste lep\u0161ie ochr\u00e1nili farby.<\/p>","protected":false},"excerpt":{"rendered":"<p>Wie die anderen Trikots aus unserer Stadium-Kollektion kombiniert das Atletico Madrid-Trikot wiederkehrende Designdetails mit schwei\u00dfableitendem Material, um Ihnen einen spielbereiten Look zu bieten, der von Ihrem Lieblingsteam inspiriert ist. Die Nike Dri-FIT-Technologie leitet den Schwei\u00df von der Haut weg und sorgt f\u00fcr eine schnellere Verdunstung, damit Sie trocken und komfortabel bleiben. Das Replika-Design ist inspiriert [&hellip;]<\/p>","protected":false},"featured_media":4154,"comment_status":"open","ping_status":"closed","template":"","meta":[],"product_brand":[],"product_cat":[88],"product_tag":[89,90,20,21,22,23,24],"class_list":{"0":"post-4106","1":"product","2":"type-product","3":"status-publish","4":"has-post-thumbnail","6":"product_cat-atletico-madrid","7":"product_tag-atletico-madrid-heimtrikot","8":"product_tag-atletico-madrid-trikots","9":"product_tag-coole-fussballtrikots","10":"product_tag-fussballtrikot-fuer-herren","11":"product_tag-fussballtrikot-guenstig-kaufen","12":"product_tag-fussballtrikot-kurzarm","13":"product_tag-guenstiges-fussballtrikot","15":"first","16":"instock","17":"shipping-taxable","18":"purchasable","19":"product-type-variable"},"_links":{"self":[{"href":"https:\/\/www.billigtrikotde.com\/sk\/wp-json\/wp\/v2\/product\/4106","targetHints":{"allow":["GET"]}}],"collection":[{"href":"https:\/\/www.billigtrikotde.com\/sk\/wp-json\/wp\/v2\/product"}],"about":[{"href":"https:\/\/www.billigtrikotde.com\/sk\/wp-json\/wp\/v2\/types\/product"}],"replies":[{"embeddable":true,"href":"https:\/\/www.billigtrikotde.com\/sk\/wp-json\/wp\/v2\/comments?post=4106"}],"wp:featuredmedia":[{"embeddable":true,"href":"https:\/\/www.billigtrikotde.com\/sk\/wp-json\/wp\/v2\/media\/4154"}],"wp:attachment":[{"href":"https:\/\/www.billigtrikotde.com\/sk\/wp-json\/wp\/v2\/media?parent=4106"}],"wp:term":[{"taxonomy":"product_brand","embeddable":true,"href":"https:\/\/www.billigtrikotde.com\/sk\/wp-json\/wp\/v2\/product_brand?post=4106"},{"taxonomy":"product_cat","embeddable":true,"href":"https:\/\/www.billigtrikotde.com\/sk\/wp-json\/wp\/v2\/product_cat?post=4106"},{"taxonomy":"product_tag","embeddable":true,"href":"https:\/\/www.billigtrikotde.com\/sk\/wp-json\/wp\/v2\/product_tag?post=4106"}],"curies":[{"name":"wp","href":"https:\/\/api.w.org\/{rel}","templated":true}]}}