{"id":4078,"date":"2024-10-23T15:32:34","date_gmt":"2024-10-23T13:32:34","guid":{"rendered":"http:\/\/billigtrikots.com\/?post_type=product&#038;p=4078"},"modified":"2024-10-23T15:34:42","modified_gmt":"2024-10-23T13:34:42","slug":"fussball-trikotsatz-atletico-madrid-2021-22-heimtrikot-in-rot-mit-aufdruck-lodi-12","status":"publish","type":"product","link":"https:\/\/www.billigtrikotde.com\/sk\/fussball-trikotsatz-atletico-madrid-2021-22-heimtrikot-in-rot-mit-aufdruck-lodi-12\/","title":{"rendered":"Futbalov\u00fd dres Atletico Madrid 2021\/22 v \u010dervenej farbe s potla\u010dou LODI 12"},"content":{"rendered":"<p>S \u010derven\u00fdm dresom od Nike prich\u00e1dza produkt, s ktor\u00fdm m\u00f4\u017eete podpori\u0165 svoj ob\u013e\u00faben\u00fd klub v dobrom aj zlom srdcom a oddanos\u0165ou. Ka\u017ed\u00fd zanieten\u00fd fan\u00fa\u0161ik Atl\u00e9tica Madrid potrebuje tento dom\u00e1ci dres, preto\u017ee ho nosia aj hr\u00e1\u010di v Primera Divisi\u00f3n. Je priedu\u0161n\u00fd, pohodln\u00fd a \u013eahk\u00fd. Skvel\u00fd vzh\u013ead tohto \u0161portov\u00e9ho topu je pod\u010diarknut\u00fd klubovou erbou na hrudi. S t\u00fdmto \u0161portov\u00fdm topom ste ide\u00e1lne pripraven\u00ed na ka\u017ed\u00fd tr\u00e9ning a z\u00e1pas. S t\u00fdmto \u010derven\u00fdm \u0161portov\u00fdm topom s pruhovan\u00fdm vzorom pod\u010diarknete svoj \u0161t\u00fdl.<\/p>\n<p>Tipy na tla\u010d: Ak s\u00fa meno a \u010d\u00edslo na obr\u00e1zku presne tak\u00e9, ak\u00e9 chcete, nemus\u00edte ich zad\u00e1va\u0165 znova. Ak nie, mali by ste zada\u0165 po\u017eadovan\u00e9 meno a \u010d\u00edslo.<\/p>\n<p>Tipy na pranie: Odpor\u00fa\u010dame pra\u0165 futbalov\u00e9 tri\u010dk\u00e1 v ruke. Ak chcete pou\u017ei\u0165 pr\u00e1\u010dku, nezabudnite futbalov\u00e9 tri\u010dk\u00e1 oto\u010di\u0165 naruby a potom ich vypra\u0165. Napl\u0148te pr\u00e1\u010dku studenou vodou a pou\u017eite jemn\u00fd cyklus, aby ste lep\u0161ie ochr\u00e1nili farby.<\/p>","protected":false},"excerpt":{"rendered":"<p>Mit dem Trikot in Rot bringt Nike ein Produkt an den Start, mit dem du deinen Lieblingsverein in guten wie in schlechten Zeiten mit Herzblut und Hingabe unterst\u00fctzen kannst. Jeder eingefleischte Atletico Madrid-Supporter braucht dieses Heim-Trikot, denn auch die Spieler tragen es in der Primera Division. Es ist atmungsaktiv, bequem und leicht. Die tolle Optik [&hellip;]<\/p>","protected":false},"featured_media":4120,"comment_status":"open","ping_status":"closed","template":"","meta":[],"product_brand":[],"product_cat":[88],"product_tag":[89,90,20,21,22,23,24],"class_list":{"0":"post-4078","1":"product","2":"type-product","3":"status-publish","4":"has-post-thumbnail","6":"product_cat-atletico-madrid","7":"product_tag-atletico-madrid-heimtrikot","8":"product_tag-atletico-madrid-trikots","9":"product_tag-coole-fussballtrikots","10":"product_tag-fussballtrikot-fuer-herren","11":"product_tag-fussballtrikot-guenstig-kaufen","12":"product_tag-fussballtrikot-kurzarm","13":"product_tag-guenstiges-fussballtrikot","15":"first","16":"instock","17":"shipping-taxable","18":"purchasable","19":"product-type-variable"},"_links":{"self":[{"href":"https:\/\/www.billigtrikotde.com\/sk\/wp-json\/wp\/v2\/product\/4078","targetHints":{"allow":["GET"]}}],"collection":[{"href":"https:\/\/www.billigtrikotde.com\/sk\/wp-json\/wp\/v2\/product"}],"about":[{"href":"https:\/\/www.billigtrikotde.com\/sk\/wp-json\/wp\/v2\/types\/product"}],"replies":[{"embeddable":true,"href":"https:\/\/www.billigtrikotde.com\/sk\/wp-json\/wp\/v2\/comments?post=4078"}],"wp:featuredmedia":[{"embeddable":true,"href":"https:\/\/www.billigtrikotde.com\/sk\/wp-json\/wp\/v2\/media\/4120"}],"wp:attachment":[{"href":"https:\/\/www.billigtrikotde.com\/sk\/wp-json\/wp\/v2\/media?parent=4078"}],"wp:term":[{"taxonomy":"product_brand","embeddable":true,"href":"https:\/\/www.billigtrikotde.com\/sk\/wp-json\/wp\/v2\/product_brand?post=4078"},{"taxonomy":"product_cat","embeddable":true,"href":"https:\/\/www.billigtrikotde.com\/sk\/wp-json\/wp\/v2\/product_cat?post=4078"},{"taxonomy":"product_tag","embeddable":true,"href":"https:\/\/www.billigtrikotde.com\/sk\/wp-json\/wp\/v2\/product_tag?post=4078"}],"curies":[{"name":"wp","href":"https:\/\/api.w.org\/{rel}","templated":true}]}}