{"id":3982,"date":"2024-10-23T15:27:59","date_gmt":"2024-10-23T13:27:59","guid":{"rendered":"http:\/\/billigtrikots.com\/?post_type=product&#038;p=3982"},"modified":"2024-10-23T15:30:09","modified_gmt":"2024-10-23T13:30:09","slug":"los-angeles-fc-2021-lafc-black-gold-primary-replica-player-jersey-carlos-vela-10","status":"publish","type":"product","link":"https:\/\/www.billigtrikotde.com\/sk\/los-angeles-fc-2021-lafc-black-gold-primary-replica-player-jersey-carlos-vela-10\/","title":{"rendered":"Los Angeles FC 2021 LAFC \u010cierny zlat\u00fd hlavn\u00fd replika hr\u00e1\u010dsky dres Carlos Vela 10"},"content":{"rendered":"<p>Si ve\u013ek\u00fd fan\u00fa\u0161ik LAFC a v\u017edy, ke\u010f s\u00fa na ihrisku, si naladen\u00fd. Uistite sa, \u017ee ste spr\u00e1vne oble\u010den\u00fd, ke\u010f si vezmete tento dres Carlos Vela 2021 Prim\u00e1rny hr\u00e1\u010d! Je vzru\u0161uj\u00face by\u0165 oddan\u00fdm fan\u00fa\u0161ikom LAFC a v tomto dresu adidas bude\u0161 najv\u00e4\u010d\u0161\u00edm fan\u00fa\u0161ikom v\u00f4kol seba, s ostr\u00fdmi t\u00edmov\u00fdmi grafikami a technol\u00f3giou HEAT.RDY, ktor\u00e1 \u0165a udr\u017e\u00ed pohodlne po\u010das povzbudzovania tvojho t\u00edmu k v\u00ed\u0165azstvu.<\/p>\n<p>Chceme, aby fan\u00fa\u0161ikovia oslavovali svoj fandom prisp\u00f4soben\u00edm a personaliz\u00e1ciou ur\u010dit\u00fdch produktov. Pri t\u00fdchto prisp\u00f4sobite\u013en\u00fdch v\u00fdrobkoch vr\u00e1tane dresov vyz\u00fdvame z\u00e1kazn\u00edkov, aby n\u00e1m povedali, ako by chceli, aby sa zobrazovalo ich preferovan\u00e9 meno alebo in\u00fd text, a to tak, \u017ee ho nap\u00ed\u0161u do uveden\u00e9ho po\u013ea.<\/p>","protected":false},"excerpt":{"rendered":"<p>You\u2019re a huge LAFC fan, and whenever they\u2019re on the pitch, you\u2019re tuned in. Be sure you\u2019re outfitted properly by grabbing this Carlos Vela 2021 Primary Player Jersey! It\u2019s exciting being a devout LAFC fan and you\u2019ll be the biggest one around in this adidas jersey, featuring crisp team graphics with HEAT.RDY technology that will [&hellip;]<\/p>","protected":false},"featured_media":4023,"comment_status":"open","ping_status":"closed","template":"","meta":[],"product_brand":[],"product_cat":[196],"product_tag":[20,21,22,23,24,197,198,199],"class_list":{"0":"post-3982","1":"product","2":"type-product","3":"status-publish","4":"has-post-thumbnail","6":"product_cat-los-angeles-fc","7":"product_tag-coole-fussballtrikots","8":"product_tag-fussballtrikot-fuer-herren","9":"product_tag-fussballtrikot-guenstig-kaufen","10":"product_tag-fussballtrikot-kurzarm","11":"product_tag-guenstiges-fussballtrikot","12":"product_tag-lafc-jerseys","13":"product_tag-los-angeles-fc-home-replica-jersey","14":"product_tag-replica-jersey","16":"first","17":"instock","18":"shipping-taxable","19":"purchasable","20":"product-type-variable"},"_links":{"self":[{"href":"https:\/\/www.billigtrikotde.com\/sk\/wp-json\/wp\/v2\/product\/3982","targetHints":{"allow":["GET"]}}],"collection":[{"href":"https:\/\/www.billigtrikotde.com\/sk\/wp-json\/wp\/v2\/product"}],"about":[{"href":"https:\/\/www.billigtrikotde.com\/sk\/wp-json\/wp\/v2\/types\/product"}],"replies":[{"embeddable":true,"href":"https:\/\/www.billigtrikotde.com\/sk\/wp-json\/wp\/v2\/comments?post=3982"}],"wp:featuredmedia":[{"embeddable":true,"href":"https:\/\/www.billigtrikotde.com\/sk\/wp-json\/wp\/v2\/media\/4023"}],"wp:attachment":[{"href":"https:\/\/www.billigtrikotde.com\/sk\/wp-json\/wp\/v2\/media?parent=3982"}],"wp:term":[{"taxonomy":"product_brand","embeddable":true,"href":"https:\/\/www.billigtrikotde.com\/sk\/wp-json\/wp\/v2\/product_brand?post=3982"},{"taxonomy":"product_cat","embeddable":true,"href":"https:\/\/www.billigtrikotde.com\/sk\/wp-json\/wp\/v2\/product_cat?post=3982"},{"taxonomy":"product_tag","embeddable":true,"href":"https:\/\/www.billigtrikotde.com\/sk\/wp-json\/wp\/v2\/product_tag?post=3982"}],"curies":[{"name":"wp","href":"https:\/\/api.w.org\/{rel}","templated":true}]}}