{"id":3980,"date":"2024-10-23T15:27:57","date_gmt":"2024-10-23T13:27:57","guid":{"rendered":"http:\/\/billigtrikots.com\/?post_type=product&#038;p=3980"},"modified":"2024-10-23T15:30:08","modified_gmt":"2024-10-23T13:30:08","slug":"los-angeles-fc-2021-lafc-black-gold-primary-replica-player-jersey-diego-rossi-9","status":"publish","type":"product","link":"https:\/\/www.billigtrikotde.com\/sk\/los-angeles-fc-2021-lafc-black-gold-primary-replica-player-jersey-diego-rossi-9\/","title":{"rendered":"Los Angeles FC 2021 LAFC Black Gold Prim\u00e1rna replika hr\u00e1\u010dskeho dresu Diego Rossi 9"},"content":{"rendered":"<p>Ste ve\u013ek\u00fdm fan\u00fa\u0161ikom LAFC a v\u017edy, ke\u010f s\u00fa na ihrisku, ste naladen\u00ed. Uistite sa, \u017ee ste spr\u00e1vne vybaven\u00ed, a to tak, \u017ee si vezmete tento dres Mark-Anthony Kaye 2021 Primary Replica Player Jersey! By\u0165 oddan\u00fdm fan\u00fa\u0161ikom LAFC je vzru\u0161uj\u00face a v tomto drese adidas s v\u00fdraznou t\u00edmovou grafikou a technol\u00f3giou AEROREADY, ktor\u00e1 v\u00e1m zaist\u00ed pohodlie pri povzbudzovan\u00ed svojho t\u00edmu k v\u00ed\u0165azstvu, budete t\u00fdm najv\u00e4\u010d\u0161\u00edm fan\u00fa\u0161ikom v okol\u00ed.<\/p>\n<p>Chceme, aby fan\u00fa\u0161ikovia oslavovali svoj fandom prisp\u00f4soben\u00edm a personaliz\u00e1ciou ur\u010dit\u00fdch produktov. Pri t\u00fdchto prisp\u00f4sobite\u013en\u00fdch v\u00fdrobkoch vr\u00e1tane dresov vyz\u00fdvame z\u00e1kazn\u00edkov, aby n\u00e1m povedali, ako by chceli, aby sa zobrazovalo ich preferovan\u00e9 meno alebo in\u00fd text, a to tak, \u017ee ho nap\u00ed\u0161u do uveden\u00e9ho po\u013ea.<\/p>","protected":false},"excerpt":{"rendered":"<p>You\u2019re a huge LAFC fan, and whenever they\u2019re on the pitch, you\u2019re tuned in. Be sure you\u2019re outfitted properly by grabbing this Diego Rossi 2021 Primary Replica Player Jersey! It\u2019s exciting being a devout LAFC fan and you\u2019ll be the biggest one around in this adidas jersey, featuring crisp team graphics with AEROREADY technology that [&hellip;]<\/p>","protected":false},"featured_media":4022,"comment_status":"open","ping_status":"closed","template":"","meta":[],"product_brand":[],"product_cat":[196],"product_tag":[20,21,22,23,24,197,198,199],"class_list":{"0":"post-3980","1":"product","2":"type-product","3":"status-publish","4":"has-post-thumbnail","6":"product_cat-los-angeles-fc","7":"product_tag-coole-fussballtrikots","8":"product_tag-fussballtrikot-fuer-herren","9":"product_tag-fussballtrikot-guenstig-kaufen","10":"product_tag-fussballtrikot-kurzarm","11":"product_tag-guenstiges-fussballtrikot","12":"product_tag-lafc-jerseys","13":"product_tag-los-angeles-fc-home-replica-jersey","14":"product_tag-replica-jersey","16":"first","17":"instock","18":"shipping-taxable","19":"purchasable","20":"product-type-variable"},"_links":{"self":[{"href":"https:\/\/www.billigtrikotde.com\/sk\/wp-json\/wp\/v2\/product\/3980","targetHints":{"allow":["GET"]}}],"collection":[{"href":"https:\/\/www.billigtrikotde.com\/sk\/wp-json\/wp\/v2\/product"}],"about":[{"href":"https:\/\/www.billigtrikotde.com\/sk\/wp-json\/wp\/v2\/types\/product"}],"replies":[{"embeddable":true,"href":"https:\/\/www.billigtrikotde.com\/sk\/wp-json\/wp\/v2\/comments?post=3980"}],"wp:featuredmedia":[{"embeddable":true,"href":"https:\/\/www.billigtrikotde.com\/sk\/wp-json\/wp\/v2\/media\/4022"}],"wp:attachment":[{"href":"https:\/\/www.billigtrikotde.com\/sk\/wp-json\/wp\/v2\/media?parent=3980"}],"wp:term":[{"taxonomy":"product_brand","embeddable":true,"href":"https:\/\/www.billigtrikotde.com\/sk\/wp-json\/wp\/v2\/product_brand?post=3980"},{"taxonomy":"product_cat","embeddable":true,"href":"https:\/\/www.billigtrikotde.com\/sk\/wp-json\/wp\/v2\/product_cat?post=3980"},{"taxonomy":"product_tag","embeddable":true,"href":"https:\/\/www.billigtrikotde.com\/sk\/wp-json\/wp\/v2\/product_tag?post=3980"}],"curies":[{"name":"wp","href":"https:\/\/api.w.org\/{rel}","templated":true}]}}