{"id":3978,"date":"2024-10-23T15:27:55","date_gmt":"2024-10-23T13:27:55","guid":{"rendered":"http:\/\/billigtrikots.com\/?post_type=product&#038;p=3978"},"modified":"2024-10-23T15:30:08","modified_gmt":"2024-10-23T13:30:08","slug":"atlanta-united-fc-black-red-2022-home-replica-jersey","status":"publish","type":"product","link":"https:\/\/www.billigtrikotde.com\/sk\/atlanta-united-fc-black-red-2022-home-replica-jersey\/","title":{"rendered":"Atlanta United FC \u010cierny \u010derven\u00fd dom\u00e1ci replika dres 2022"},"content":{"rendered":"<p>V\u00e1\u0161 mlad\u00fd fan\u00fa\u0161ik je ve\u013ek\u00fdm fan\u00fa\u0161ikom futbalov\u00e9ho klubu Atlanta United FC a v\u017edy, ke\u010f je na ihrisku, va\u0161e die\u0165a je naladen\u00e9. Uistite sa, \u017ee s\u00fa spr\u00e1vne vystrojen\u00ed, a to tak, \u017ee si zaobstar\u00e1te tento repliku dresu 2021 The BLVCK Kit! Je vzru\u0161uj\u00face by\u0165 oddan\u00fdm fan\u00fa\u0161ikom Atlanta United FC a v\u00e1\u0161 mlad\u00edk bude t\u00fdm najv\u00e4\u010d\u0161\u00edm v okol\u00ed v tomto drese adidas s v\u00fdraznou t\u00edmovou grafikou a inovat\u00edvnou technol\u00f3giou, v\u010faka ktorej sa bude c\u00edti\u0165 pohodlne, ke\u010f bude povzbudzova\u0165 mu\u017estvo k v\u00ed\u0165azstvu.<\/p>\n<p>Chceme, aby fan\u00fa\u0161ikovia oslavovali svoj fandom prisp\u00f4soben\u00edm a personaliz\u00e1ciou ur\u010dit\u00fdch produktov. V pr\u00edpade t\u00fdchto prisp\u00f4sobite\u013en\u00fdch produktov vr\u00e1tane dresov vyz\u00fdvame z\u00e1kazn\u00edkov, aby n\u00e1m povedali, ako by chceli, aby sa zobrazovalo ich preferovan\u00e9 meno alebo in\u00fd text, a to tak, \u017ee ho nap\u00ed\u0161u do uveden\u00e9ho po\u013ea. Av\u0161ak len preto, \u017ee z\u00e1kazn\u00edk m\u00f4\u017ee do po\u013ea zada\u0165 navrhovan\u00fd text prisp\u00f4sobenia a m\u00f4\u017ee dokon\u010di\u0165 objedn\u00e1vku prostredn\u00edctvom webovej lokality, nie v\u0161etky navrhovan\u00e9 texty prisp\u00f4sobenia bud\u00fa akceptovan\u00e9. Upozor\u0148ujeme, \u017ee spolo\u010dnos\u0165 Fanatics m\u00f4\u017ee odmietnu\u0165 a zru\u0161i\u0165 ak\u00fako\u013evek objedn\u00e1vku na prisp\u00f4sobenie z ak\u00e9hoko\u013evek d\u00f4vodu, vr\u00e1tane spr\u00e1v, ktor\u00e9 sa pova\u017euj\u00fa za ur\u00e1\u017eliv\u00e9 alebo nevhodn\u00e9. milujete sledova\u0165 Atlanta United FC na ihrisku, tak sa uistite, \u017ee ste spr\u00e1vne vystrojen\u00ed t\u00fdm, \u017ee si vezmete tento 2021 The BLVCK Kit Authentic Custom Jersey! Tento dres adidas je vybaven\u00fd v\u00fdraznou t\u00edmovou grafikou, ktor\u00e1 hrdo zobrazuje va\u0161e fandenie klubu Atlanta United FC. V\u010faka inovat\u00edvnej technol\u00f3gii bude\u0161 vyzera\u0165 \u010do najlep\u0161ie, ke\u010f bude\u0161 povzbudzova\u0165 svoje mu\u017estvo k v\u00ed\u0165azstvu.<\/p>","protected":false},"excerpt":{"rendered":"<p>Your young fan is a huge Atlanta United FC fan and whenever they\u2019re on the pitch, your kiddo is tuned in. Be sure they are outfitted properly by grabbing this 2021 The BLVCK Kit Replica Jersey! It\u2019s exciting being a devout Atlanta United FC fan and your youngster will be the biggest one around in [&hellip;]<\/p>","protected":false},"featured_media":4012,"comment_status":"open","ping_status":"closed","template":"","meta":[],"product_brand":[],"product_cat":[194],"product_tag":[195,20,21,22,23,24],"class_list":{"0":"post-3978","1":"product","2":"type-product","3":"status-publish","4":"has-post-thumbnail","6":"product_cat-atlanta-united","7":"product_tag-atlanta-united-fc-home-replica-jersey","8":"product_tag-coole-fussballtrikots","9":"product_tag-fussballtrikot-fuer-herren","10":"product_tag-fussballtrikot-guenstig-kaufen","11":"product_tag-fussballtrikot-kurzarm","12":"product_tag-guenstiges-fussballtrikot","14":"first","15":"instock","16":"shipping-taxable","17":"purchasable","18":"product-type-variable"},"_links":{"self":[{"href":"https:\/\/www.billigtrikotde.com\/sk\/wp-json\/wp\/v2\/product\/3978","targetHints":{"allow":["GET"]}}],"collection":[{"href":"https:\/\/www.billigtrikotde.com\/sk\/wp-json\/wp\/v2\/product"}],"about":[{"href":"https:\/\/www.billigtrikotde.com\/sk\/wp-json\/wp\/v2\/types\/product"}],"replies":[{"embeddable":true,"href":"https:\/\/www.billigtrikotde.com\/sk\/wp-json\/wp\/v2\/comments?post=3978"}],"wp:featuredmedia":[{"embeddable":true,"href":"https:\/\/www.billigtrikotde.com\/sk\/wp-json\/wp\/v2\/media\/4012"}],"wp:attachment":[{"href":"https:\/\/www.billigtrikotde.com\/sk\/wp-json\/wp\/v2\/media?parent=3978"}],"wp:term":[{"taxonomy":"product_brand","embeddable":true,"href":"https:\/\/www.billigtrikotde.com\/sk\/wp-json\/wp\/v2\/product_brand?post=3978"},{"taxonomy":"product_cat","embeddable":true,"href":"https:\/\/www.billigtrikotde.com\/sk\/wp-json\/wp\/v2\/product_cat?post=3978"},{"taxonomy":"product_tag","embeddable":true,"href":"https:\/\/www.billigtrikotde.com\/sk\/wp-json\/wp\/v2\/product_tag?post=3978"}],"curies":[{"name":"wp","href":"https:\/\/api.w.org\/{rel}","templated":true}]}}