{"id":3968,"date":"2024-10-23T15:27:23","date_gmt":"2024-10-23T13:27:23","guid":{"rendered":"http:\/\/billigtrikots.com\/?post_type=product&#038;p=3968"},"modified":"2024-10-23T15:29:33","modified_gmt":"2024-10-23T13:29:33","slug":"atlanta-united-fc-miles-robinson-12-black-2021-the-blvck-kit-replica-home-jersey","status":"publish","type":"product","link":"https:\/\/www.billigtrikotde.com\/sk\/atlanta-united-fc-miles-robinson-12-black-2021-the-blvck-kit-replica-home-jersey\/","title":{"rendered":"Atlanta United FC Miles Robinson 12 \u010cierny 2021 The BLVCK Kit replika dom\u00e1ceho dresu"},"content":{"rendered":"<p>Ste ve\u013ek\u00fdm fan\u00fa\u0161ikom klubu Atlanta United FC a v\u017edy, ke\u010f je na ihrisku, ste naladen\u00ed. Uistite sa, \u017ee ste spr\u00e1vne vybaven\u00ed, a to tak, \u017ee si zaobstar\u00e1te tento dres 2021 The BLVCK Kit Authentic Jersey! By\u0165 oddan\u00fdm fan\u00fa\u0161ikom Atlanta United FC je vzru\u0161uj\u00face a v tomto drese adidas s v\u00fdraznou t\u00edmovou grafikou a inovat\u00edvnou technol\u00f3giou, ktor\u00e1 v\u00e1m zaist\u00ed pohodlie pri povzbudzovan\u00ed svojho t\u00edmu k v\u00ed\u0165azstvu, budete t\u00fdm najv\u00e4\u010d\u0161\u00edm fan\u00fa\u0161ikom v okol\u00ed.<\/p>\n<p>Chceme, aby fan\u00fa\u0161ikovia oslavovali svoj fandom prisp\u00f4soben\u00edm a personaliz\u00e1ciou ur\u010dit\u00fdch produktov. Pri t\u00fdchto prisp\u00f4sobite\u013en\u00fdch v\u00fdrobkoch vr\u00e1tane dresov vyz\u00fdvame z\u00e1kazn\u00edkov, aby n\u00e1m povedali, ako by chceli, aby sa zobrazovalo ich preferovan\u00e9 meno alebo in\u00fd text, a to tak, \u017ee ho nap\u00ed\u0161u do uveden\u00e9ho po\u013ea.<\/p>","protected":false},"excerpt":{"rendered":"<p>You\u2019re a huge Atlanta United FC fan, and whenever they\u2019re on the pitch, you\u2019re tuned in. Be sure you\u2019re outfitted properly by grabbing this 2021 The BLVCK Kit Authentic Jersey! It\u2019s exciting being a devout Atlanta United FC fan and you\u2019ll be the biggest one around in this adidas jersey, featuring crisp team graphics with [&hellip;]<\/p>","protected":false},"featured_media":4009,"comment_status":"open","ping_status":"closed","template":"","meta":[],"product_brand":[],"product_cat":[194],"product_tag":[195,20,21,22,23,24],"class_list":{"0":"post-3968","1":"product","2":"type-product","3":"status-publish","4":"has-post-thumbnail","6":"product_cat-atlanta-united","7":"product_tag-atlanta-united-fc-home-replica-jersey","8":"product_tag-coole-fussballtrikots","9":"product_tag-fussballtrikot-fuer-herren","10":"product_tag-fussballtrikot-guenstig-kaufen","11":"product_tag-fussballtrikot-kurzarm","12":"product_tag-guenstiges-fussballtrikot","14":"first","15":"instock","16":"shipping-taxable","17":"purchasable","18":"product-type-variable"},"_links":{"self":[{"href":"https:\/\/www.billigtrikotde.com\/sk\/wp-json\/wp\/v2\/product\/3968","targetHints":{"allow":["GET"]}}],"collection":[{"href":"https:\/\/www.billigtrikotde.com\/sk\/wp-json\/wp\/v2\/product"}],"about":[{"href":"https:\/\/www.billigtrikotde.com\/sk\/wp-json\/wp\/v2\/types\/product"}],"replies":[{"embeddable":true,"href":"https:\/\/www.billigtrikotde.com\/sk\/wp-json\/wp\/v2\/comments?post=3968"}],"wp:featuredmedia":[{"embeddable":true,"href":"https:\/\/www.billigtrikotde.com\/sk\/wp-json\/wp\/v2\/media\/4009"}],"wp:attachment":[{"href":"https:\/\/www.billigtrikotde.com\/sk\/wp-json\/wp\/v2\/media?parent=3968"}],"wp:term":[{"taxonomy":"product_brand","embeddable":true,"href":"https:\/\/www.billigtrikotde.com\/sk\/wp-json\/wp\/v2\/product_brand?post=3968"},{"taxonomy":"product_cat","embeddable":true,"href":"https:\/\/www.billigtrikotde.com\/sk\/wp-json\/wp\/v2\/product_cat?post=3968"},{"taxonomy":"product_tag","embeddable":true,"href":"https:\/\/www.billigtrikotde.com\/sk\/wp-json\/wp\/v2\/product_tag?post=3968"}],"curies":[{"name":"wp","href":"https:\/\/api.w.org\/{rel}","templated":true}]}}