{"id":3932,"date":"2024-10-23T15:25:37","date_gmt":"2024-10-23T13:25:37","guid":{"rendered":"http:\/\/billigtrikots.com\/?post_type=product&#038;p=3932"},"modified":"2024-10-23T15:27:49","modified_gmt":"2024-10-23T13:27:49","slug":"fussball-trikotsatz-ssc-napoli-special-heimtrikot-2021-2022-kurzarm-schwarz","status":"publish","type":"product","link":"https:\/\/www.billigtrikotde.com\/sk\/fussball-trikotsatz-ssc-napoli-special-heimtrikot-2021-2022-kurzarm-schwarz\/","title":{"rendered":"Futbalov\u00e1 s\u00faprava SSC Napoli Special home shirt 2021-2022 short sleeve black"},"content":{"rendered":"<p>Tipy na pranie: Odpor\u00fa\u010dame pra\u0165 futbalov\u00e9 tri\u010dk\u00e1 v ruke. Ak chcete pou\u017ei\u0165 pr\u00e1\u010dku, nezabudnite futbalov\u00e9 tri\u010dk\u00e1 oto\u010di\u0165 naruby a potom ich vypra\u0165. Napl\u0148te pr\u00e1\u010dku studenou vodou a pou\u017eite jemn\u00fd cyklus, aby ste lep\u0161ie ochr\u00e1nili farby.<\/p>\n<p>Futbalov\u00e9 tri\u010dk\u00e1 Print Online<br \/>\nM\u00e1te mo\u017enos\u0165 prisp\u00f4sobi\u0165 si futbalov\u00fd dres. Bu\u010f si vyberiete futbalistu svojho ob\u013e\u00faben\u00e9ho t\u00edmu, alebo si zvol\u00edte vlastn\u00e9 meno vr\u00e1tane \u010d\u00edsla.<\/p>","protected":false},"excerpt":{"rendered":"<p>Tipy na pranie: Odpor\u00fa\u010da sa ru\u010dn\u00e9 pranie futbalov\u00fdch dresov. Ak chcete pou\u017ei\u0165 pr\u00e1\u010dku, majte na pam\u00e4ti, aby ste futbalov\u00e9 dresy obr\u00e1tili naopak a potom vypra\u010dali. Napl\u0148te stroj studenou vodou a pou\u017e\u00edvajte \u0161etrn\u00fd program, aby ste lep\u0161ie chr\u00e1nili farby. Druck futbalov\u00fdch dresov online M\u00e1te mo\u017enos\u0165, ako si navrhn\u00fa\u0165 svoj futbalov\u00fd dres. Bu\u010fto [\u2026]<\/p>","protected":false},"featured_media":3973,"comment_status":"open","ping_status":"closed","template":"","meta":[],"product_brand":[],"product_cat":[192],"product_tag":[20,21,22,23,24,193],"class_list":{"0":"post-3932","1":"product","2":"type-product","3":"status-publish","4":"has-post-thumbnail","6":"product_cat-ssc-napoli","7":"product_tag-coole-fussballtrikots","8":"product_tag-fussballtrikot-fuer-herren","9":"product_tag-fussballtrikot-guenstig-kaufen","10":"product_tag-fussballtrikot-kurzarm","11":"product_tag-guenstiges-fussballtrikot","12":"product_tag-napoli-kits","14":"first","15":"instock","16":"shipping-taxable","17":"purchasable","18":"product-type-variable"},"_links":{"self":[{"href":"https:\/\/www.billigtrikotde.com\/sk\/wp-json\/wp\/v2\/product\/3932","targetHints":{"allow":["GET"]}}],"collection":[{"href":"https:\/\/www.billigtrikotde.com\/sk\/wp-json\/wp\/v2\/product"}],"about":[{"href":"https:\/\/www.billigtrikotde.com\/sk\/wp-json\/wp\/v2\/types\/product"}],"replies":[{"embeddable":true,"href":"https:\/\/www.billigtrikotde.com\/sk\/wp-json\/wp\/v2\/comments?post=3932"}],"wp:featuredmedia":[{"embeddable":true,"href":"https:\/\/www.billigtrikotde.com\/sk\/wp-json\/wp\/v2\/media\/3973"}],"wp:attachment":[{"href":"https:\/\/www.billigtrikotde.com\/sk\/wp-json\/wp\/v2\/media?parent=3932"}],"wp:term":[{"taxonomy":"product_brand","embeddable":true,"href":"https:\/\/www.billigtrikotde.com\/sk\/wp-json\/wp\/v2\/product_brand?post=3932"},{"taxonomy":"product_cat","embeddable":true,"href":"https:\/\/www.billigtrikotde.com\/sk\/wp-json\/wp\/v2\/product_cat?post=3932"},{"taxonomy":"product_tag","embeddable":true,"href":"https:\/\/www.billigtrikotde.com\/sk\/wp-json\/wp\/v2\/product_tag?post=3932"}],"curies":[{"name":"wp","href":"https:\/\/api.w.org\/{rel}","templated":true}]}}