{"id":3874,"date":"2024-10-23T15:22:44","date_gmt":"2024-10-23T13:22:44","guid":{"rendered":"http:\/\/billigtrikots.com\/?post_type=product&#038;p=3874"},"modified":"2024-10-23T15:24:55","modified_gmt":"2024-10-23T13:24:55","slug":"orlando-city-sc-mueller-9-purple-2021-thick-n-thin-player-jersey","status":"publish","type":"product","link":"https:\/\/www.billigtrikotde.com\/sk\/orlando-city-sc-mueller-9-purple-2021-thick-n-thin-player-jersey\/","title":{"rendered":"Orlando City SC MUELLER 9 Fialov\u00fd 2021 Hrub\u00fd a tenk\u00fd hr\u00e1\u010dsky dres"},"content":{"rendered":"<p>Ste ve\u013ek\u00fdm fan\u00fa\u0161ikom Orlando City SC a v\u017edy, ke\u010f s\u00fa na ihrisku, ste naladen\u00ed. Uistite sa, \u017ee ste riadne vybaven\u00ed, a to tak, \u017ee si vezmete tento hr\u00e1\u010dsky dres Nani 2021 Thick N Thin! Je vzru\u0161uj\u00face by\u0165 vern\u00fdm fan\u00fa\u0161ikom Orlando City SC a v tomto drese adidas s v\u00fdraznou t\u00edmovou grafikou a inovat\u00edvnymi technol\u00f3giami budete t\u00fdm najv\u00e4\u010d\u0161\u00edm, kto povzbud\u00ed svoj t\u00edm k v\u00ed\u0165azstvu.<\/p>\n<p>Chceme, aby fan\u00fa\u0161ikovia oslavovali svoj fandom prisp\u00f4soben\u00edm a personaliz\u00e1ciou ur\u010dit\u00fdch produktov. Pri t\u00fdchto prisp\u00f4sobite\u013en\u00fdch v\u00fdrobkoch vr\u00e1tane dresov \u017eiadame z\u00e1kazn\u00edkov, aby n\u00e1m ozn\u00e1mili, ako by chceli, aby sa zobrazovalo ich preferovan\u00e9 meno alebo in\u00fd text, a to zadan\u00edm tohto textu do pr\u00edslu\u0161n\u00e9ho po\u013ea. Av\u0161ak len preto, \u017ee z\u00e1kazn\u00edk m\u00f4\u017ee do po\u013ea zada\u0165 navrhovan\u00fd text prisp\u00f4sobenia a dokon\u010di\u0165 objedn\u00e1vku prostredn\u00edctvom webovej str\u00e1nky, nie v\u0161etky navrhovan\u00e9 texty prisp\u00f4sobenia bud\u00fa akceptovan\u00e9. Upozor\u0148ujeme, \u017ee spolo\u010dnos\u0165 Fanatics m\u00f4\u017ee odmietnu\u0165 a zru\u0161i\u0165 ak\u00fako\u013evek vlastn\u00fa objedn\u00e1vku z ak\u00e9hoko\u013evek d\u00f4vodu vr\u00e1tane spr\u00e1v, ktor\u00e9 pova\u017euje za ur\u00e1\u017eliv\u00e9 alebo nevhodn\u00e9. Ste ve\u013ek\u00fdm fan\u00fa\u0161ikom Orlando City SC a v\u017edy, ke\u010f s\u00fa na ihrisku, ste zapnut\u00ed. Uistite sa, \u017ee ste riadne vystrojen\u00ed, a to tak, \u017ee si vezmete tento vlastn\u00fd dres 2021 Thick N Thin! By\u0165 vern\u00fdm fan\u00fa\u0161ikom Orlando City SC je vzru\u0161uj\u00face a v tomto drese adidas s v\u00fdraznou t\u00edmovou grafikou a inovat\u00edvnou technol\u00f3giou bude\u0161 ten najlep\u0161\u00ed, aby si povzbudil svoj t\u00edm k v\u00ed\u0165azstvu.<\/p>","protected":false},"excerpt":{"rendered":"<p>Ste ve\u013ek\u00fdm fan\u00fa\u0161ikom Orlando City SC a v\u017edy, ke\u010f s\u00fa na ihrisku, ste nad\u0161en\u00ed. Uistite sa, \u017ee ste spr\u00e1vne vybaven\u00ed, t\u00fdm, \u017ee si zaobstar\u00e1te tento Nani 2021 Hrub\u00fd a tenk\u00fd hr\u00e1\u010dsky dres! Je vzru\u0161uj\u00face by\u0165 oddan\u00fdm fan\u00fa\u0161ikom Orlando City SC, a v tomto dresu adidas s ostr\u00fdmi detailmi [...]<\/p>","protected":false},"featured_media":3914,"comment_status":"open","ping_status":"closed","template":"","meta":[],"product_brand":[],"product_cat":[179],"product_tag":[20,21,22,23,24,180,181],"class_list":{"0":"post-3874","1":"product","2":"type-product","3":"status-publish","4":"has-post-thumbnail","6":"product_cat-orlando-city-sc","7":"product_tag-coole-fussballtrikots","8":"product_tag-fussballtrikot-fuer-herren","9":"product_tag-fussballtrikot-guenstig-kaufen","10":"product_tag-fussballtrikot-kurzarm","11":"product_tag-guenstiges-fussballtrikot","12":"product_tag-orlando-city-heimtrikot","13":"product_tag-orlando-city-trikots","15":"first","16":"instock","17":"shipping-taxable","18":"purchasable","19":"product-type-variable"},"_links":{"self":[{"href":"https:\/\/www.billigtrikotde.com\/sk\/wp-json\/wp\/v2\/product\/3874","targetHints":{"allow":["GET"]}}],"collection":[{"href":"https:\/\/www.billigtrikotde.com\/sk\/wp-json\/wp\/v2\/product"}],"about":[{"href":"https:\/\/www.billigtrikotde.com\/sk\/wp-json\/wp\/v2\/types\/product"}],"replies":[{"embeddable":true,"href":"https:\/\/www.billigtrikotde.com\/sk\/wp-json\/wp\/v2\/comments?post=3874"}],"wp:featuredmedia":[{"embeddable":true,"href":"https:\/\/www.billigtrikotde.com\/sk\/wp-json\/wp\/v2\/media\/3914"}],"wp:attachment":[{"href":"https:\/\/www.billigtrikotde.com\/sk\/wp-json\/wp\/v2\/media?parent=3874"}],"wp:term":[{"taxonomy":"product_brand","embeddable":true,"href":"https:\/\/www.billigtrikotde.com\/sk\/wp-json\/wp\/v2\/product_brand?post=3874"},{"taxonomy":"product_cat","embeddable":true,"href":"https:\/\/www.billigtrikotde.com\/sk\/wp-json\/wp\/v2\/product_cat?post=3874"},{"taxonomy":"product_tag","embeddable":true,"href":"https:\/\/www.billigtrikotde.com\/sk\/wp-json\/wp\/v2\/product_tag?post=3874"}],"curies":[{"name":"wp","href":"https:\/\/api.w.org\/{rel}","templated":true}]}}