{"id":3863,"date":"2024-10-23T15:22:15","date_gmt":"2024-10-23T13:22:15","guid":{"rendered":"http:\/\/billigtrikots.com\/?post_type=product&#038;p=3863"},"modified":"2024-10-23T15:24:53","modified_gmt":"2024-10-23T13:24:53","slug":"orlando-city-sc-ruan-2-purple-2021-thick-n-thin-player-jersey","status":"publish","type":"product","link":"https:\/\/www.billigtrikotde.com\/sk\/orlando-city-sc-ruan-2-purple-2021-thick-n-thin-player-jersey\/","title":{"rendered":"Orlando City SC RUAN 2 Fialov\u00e1 2021 Hrub\u00fd a tenk\u00fd hr\u00e1\u010dsky dres"},"content":{"rendered":"<p>Ste ve\u013ek\u00fdm fan\u00fa\u0161ikom Orlando City SC a v\u017edy, ke\u010f je na ihrisku, ste naladen\u00ed. Uistite sa, \u017ee ste spr\u00e1vne vybaven\u00ed, a to tak, \u017ee si vezmete tento hr\u00e1\u010dsky dres Nani 2021 Thick N Thin! By\u0165 oddan\u00fdm fan\u00fa\u0161ikom Orlando City SC je vzru\u0161uj\u00face a v tomto drese adidas s v\u00fdraznou t\u00edmovou grafikou a inovat\u00edvnou technol\u00f3giou, v\u010faka ktorej bude\u0161 v pohodl\u00ed, ke\u010f bude\u0161 povzbudzova\u0165 svoje mu\u017estvo k v\u00ed\u0165azstvu, bude\u0161 ten najv\u00e4\u010d\u0161\u00ed fan\u00fa\u0161ik v okol\u00ed.<\/p>\n<p>Chceme, aby fan\u00fa\u0161ikovia oslavovali svoj fandom prisp\u00f4soben\u00edm a personaliz\u00e1ciou ur\u010dit\u00fdch produktov. V pr\u00edpade t\u00fdchto prisp\u00f4sobite\u013en\u00fdch produktov vr\u00e1tane dresov vyz\u00fdvame z\u00e1kazn\u00edkov, aby n\u00e1m povedali, ako by chceli, aby sa zobrazovalo ich preferovan\u00e9 meno alebo in\u00fd text, a to tak, \u017ee ho nap\u00ed\u0161u do uveden\u00e9ho po\u013ea. Av\u0161ak len preto, \u017ee z\u00e1kazn\u00edk m\u00f4\u017ee do po\u013ea zada\u0165 navrhovan\u00fd text prisp\u00f4sobenia a m\u00f4\u017ee dokon\u010di\u0165 objedn\u00e1vku prostredn\u00edctvom webovej lokality, nie v\u0161etky navrhovan\u00e9 texty prisp\u00f4sobenia bud\u00fa akceptovan\u00e9. Upozor\u0148ujeme, \u017ee spolo\u010dnos\u0165 Fanatics m\u00f4\u017ee odmietnu\u0165 a zru\u0161i\u0165 ak\u00fako\u013evek objedn\u00e1vku prisp\u00f4sobenia z ak\u00e9hoko\u013evek d\u00f4vodu vr\u00e1tane spr\u00e1v, ktor\u00e9 sa pova\u017euj\u00fa za ur\u00e1\u017eliv\u00e9 alebo nevhodn\u00e9. ste ve\u013ek\u00fdm fan\u00fa\u0161ikom klubu Orlando City SC a v\u017edy, ke\u010f je na ihrisku, ste naladen\u00ed. Uistite sa, \u017ee ste spr\u00e1vne vybaven\u00ed, a to tak, \u017ee si vezmete tento vlastn\u00fd dres 2021 Thick N Thin! By\u0165 oddan\u00fdm fan\u00fa\u0161ikom Orlando City SC je vzru\u0161uj\u00face a v tomto drese adidas s v\u00fdraznou t\u00edmovou grafikou a inovat\u00edvnou technol\u00f3giou, v\u010faka ktorej bude\u0161 v pohodl\u00ed, ke\u010f bude\u0161 povzbudzova\u0165 svoje mu\u017estvo k v\u00ed\u0165azstvu, bude\u0161 ten najv\u00e4\u010d\u0161\u00ed fan\u00fa\u0161ik v okol\u00ed.<\/p>","protected":false},"excerpt":{"rendered":"<p>You\u2019re a huge Orlando City SC fan, and whenever they\u2019re on the pitch, you\u2019re tuned in. Be sure you\u2019re outfitted properly by grabbing this Nani 2021 Thick N Thin Player Jersey! It\u2019s exciting being a devout Orlando City SC fan and you\u2019ll be the biggest one around in this adidas jersey, featuring crisp team graphics [&hellip;]<\/p>","protected":false},"featured_media":3903,"comment_status":"open","ping_status":"closed","template":"","meta":[],"product_brand":[],"product_cat":[179],"product_tag":[20,21,22,23,24,180,181],"class_list":{"0":"post-3863","1":"product","2":"type-product","3":"status-publish","4":"has-post-thumbnail","6":"product_cat-orlando-city-sc","7":"product_tag-coole-fussballtrikots","8":"product_tag-fussballtrikot-fuer-herren","9":"product_tag-fussballtrikot-guenstig-kaufen","10":"product_tag-fussballtrikot-kurzarm","11":"product_tag-guenstiges-fussballtrikot","12":"product_tag-orlando-city-heimtrikot","13":"product_tag-orlando-city-trikots","15":"first","16":"instock","17":"shipping-taxable","18":"purchasable","19":"product-type-variable"},"_links":{"self":[{"href":"https:\/\/www.billigtrikotde.com\/sk\/wp-json\/wp\/v2\/product\/3863","targetHints":{"allow":["GET"]}}],"collection":[{"href":"https:\/\/www.billigtrikotde.com\/sk\/wp-json\/wp\/v2\/product"}],"about":[{"href":"https:\/\/www.billigtrikotde.com\/sk\/wp-json\/wp\/v2\/types\/product"}],"replies":[{"embeddable":true,"href":"https:\/\/www.billigtrikotde.com\/sk\/wp-json\/wp\/v2\/comments?post=3863"}],"wp:featuredmedia":[{"embeddable":true,"href":"https:\/\/www.billigtrikotde.com\/sk\/wp-json\/wp\/v2\/media\/3903"}],"wp:attachment":[{"href":"https:\/\/www.billigtrikotde.com\/sk\/wp-json\/wp\/v2\/media?parent=3863"}],"wp:term":[{"taxonomy":"product_brand","embeddable":true,"href":"https:\/\/www.billigtrikotde.com\/sk\/wp-json\/wp\/v2\/product_brand?post=3863"},{"taxonomy":"product_cat","embeddable":true,"href":"https:\/\/www.billigtrikotde.com\/sk\/wp-json\/wp\/v2\/product_cat?post=3863"},{"taxonomy":"product_tag","embeddable":true,"href":"https:\/\/www.billigtrikotde.com\/sk\/wp-json\/wp\/v2\/product_tag?post=3863"}],"curies":[{"name":"wp","href":"https:\/\/api.w.org\/{rel}","templated":true}]}}