{"id":381,"date":"2024-10-23T12:16:30","date_gmt":"2024-10-23T10:16:30","guid":{"rendered":"http:\/\/billigtrikots.com\/?post_type=product&#038;p=381"},"modified":"2024-10-23T12:48:25","modified_gmt":"2024-10-23T10:48:25","slug":"fc-barcelona-21-22-herren-heimtrikot-blau-rot-mit-coutinho-14-individualdruck-gelb","status":"publish","type":"product","link":"https:\/\/www.billigtrikotde.com\/sk\/fc-barcelona-21-22-herren-heimtrikot-blau-rot-mit-coutinho-14-individualdruck-gelb\/","title":{"rendered":"FC Barcelona 21\/22 P\u00e1nsky dom\u00e1ci dres modro-\u010derven\u00fd s individu\u00e1lnou potla\u010dou Coutinho 14 \u017elt\u00fd"},"content":{"rendered":"<p>Tu prich\u00e1dza dom\u00e1ci dres Nike FC Barcelona pre mu\u017eov na sez\u00f3nu 2021\/22 s klasick\u00fdm dizajnom v novom vzh\u013eade. Ihne\u010f si ho vezmi a z\u00edskaj dres, ktor\u00fd \u0165a pribl\u00ed\u017ei k tvojim idolom!<\/p>\n<p>S nov\u00fdm dresom v origin\u00e1lnom vzh\u013eade tvojich hrdinov Messi, Su\u00e1rez, Demb\u00e9l\u00e9 a \u010fal\u0161\u00ed, vzd\u00e1va\u0161 hold svojej ob\u013e\u00fabenej jeden\u00e1stke. Dres sa prezentuje v tradi\u010dn\u00fdch dom\u00e1cich farb\u00e1ch s ofici\u00e1lnymi klubov\u00fdmi detailmi. Tak ihne\u010f uk\u00e1\u017ee\u0161, za ktor\u00fd t\u00edm srdce bije. Samozrejmos\u0165ou je aj legend\u00e1rny Nike Swoosh, ktor\u00fd v kontrastnej farbe prid\u00e1va na atraktivite.<\/p>\n<p>Ale nielen dizajn je na vysokej \u00farovni. Be\u017en\u00fd strih je o nie\u010do \u0161ir\u0161\u00ed ako strih hr\u00e1\u010dskeho dresu. Tak ti Stadium Jersey poskytne maxim\u00e1lny komfort pri nosen\u00ed, ako aj \u00fapln\u00fa vo\u013enos\u0165 pohybu, aby si mohol v\u017edy pod\u00e1va\u0165 perfektn\u00e9 v\u00fdkony. Technol\u00f3gia Dri-Fit odv\u00e1dza pot a zabezpe\u010duje vynikaj\u00faci komfort pri nosen\u00ed, udr\u017e\u00ed \u0165a such\u00e9ho aj v turbulentn\u00fdch situ\u00e1ci\u00e1ch \u2013 \u010di u\u017e pri fan\u00fa\u0161ikovskom jube alebo po\u010das vlastn\u00e9ho tr\u00e9ningu.<\/p>\n<p>Tak\u017ee u\u017e ne\u010dakaj a objednaj si ho hne\u010f! Dom\u00e1ci dres Nike FC Barcelona pre mu\u017eov na sez\u00f3nu 2021\/22 by si si ako prav\u00fd fan\u00fa\u0161ik nemal necha\u0165 ujs\u0165! S n\u00edm v\u017edy uk\u00e1\u017ee\u0161 svoju uznanie a hrdos\u0165 na svoj t\u00edm!<\/p>\n<p>Tipy na tla\u010d: Ak s\u00fa meno a \u010d\u00edslo na obr\u00e1zku presne tak\u00e9, ak\u00e9 chcete, nemus\u00edte ich zad\u00e1va\u0165 znova. Ak nie, mali by ste zada\u0165 po\u017eadovan\u00e9 meno a \u010d\u00edslo.<\/p>\n<p>Tipy na pranie: Odpor\u00fa\u010dame pra\u0165 futbalov\u00e9 tri\u010dk\u00e1 v ruke. Ak chcete pou\u017ei\u0165 pr\u00e1\u010dku, nezabudnite futbalov\u00e9 tri\u010dk\u00e1 oto\u010di\u0165 naruby a potom ich vypra\u0165. Napl\u0148te pr\u00e1\u010dku studenou vodou a pou\u017eite jemn\u00fd cyklus, aby ste lep\u0161ie ochr\u00e1nili farby.<\/p>","protected":false},"excerpt":{"rendered":"<p>Hier kommt das Nike FC Barcelona Herren Heim Trikot 2021\/22 und mit ihm ein klassisches Design im neuen Look. Greif gleich zu und hol dir das Trikot, das dich deinen Idolen ganz nah sein l\u00e4sst! Mit dem neuen Trikot im Original Look deiner Helden Messi, Su\u00e1rez, Demb\u00e9l\u00e9 und Co, zollst du deiner Lieblingself vollen Tribut. [&hellip;]<\/p>","protected":false},"featured_media":418,"comment_status":"open","ping_status":"closed","template":"","meta":[],"product_brand":[],"product_cat":[31],"product_tag":[32,20,33,21,22,23,24],"class_list":{"0":"post-381","1":"product","2":"type-product","3":"status-publish","4":"has-post-thumbnail","6":"product_cat-fc-barcelona","7":"product_tag-barcelona-heimtrikot","8":"product_tag-coole-fussballtrikots","9":"product_tag-fc-barcelona-trikots","10":"product_tag-fussballtrikot-fuer-herren","11":"product_tag-fussballtrikot-guenstig-kaufen","12":"product_tag-fussballtrikot-kurzarm","13":"product_tag-guenstiges-fussballtrikot","15":"first","16":"instock","17":"shipping-taxable","18":"purchasable","19":"product-type-variable"},"_links":{"self":[{"href":"https:\/\/www.billigtrikotde.com\/sk\/wp-json\/wp\/v2\/product\/381","targetHints":{"allow":["GET"]}}],"collection":[{"href":"https:\/\/www.billigtrikotde.com\/sk\/wp-json\/wp\/v2\/product"}],"about":[{"href":"https:\/\/www.billigtrikotde.com\/sk\/wp-json\/wp\/v2\/types\/product"}],"replies":[{"embeddable":true,"href":"https:\/\/www.billigtrikotde.com\/sk\/wp-json\/wp\/v2\/comments?post=381"}],"wp:featuredmedia":[{"embeddable":true,"href":"https:\/\/www.billigtrikotde.com\/sk\/wp-json\/wp\/v2\/media\/418"}],"wp:attachment":[{"href":"https:\/\/www.billigtrikotde.com\/sk\/wp-json\/wp\/v2\/media?parent=381"}],"wp:term":[{"taxonomy":"product_brand","embeddable":true,"href":"https:\/\/www.billigtrikotde.com\/sk\/wp-json\/wp\/v2\/product_brand?post=381"},{"taxonomy":"product_cat","embeddable":true,"href":"https:\/\/www.billigtrikotde.com\/sk\/wp-json\/wp\/v2\/product_cat?post=381"},{"taxonomy":"product_tag","embeddable":true,"href":"https:\/\/www.billigtrikotde.com\/sk\/wp-json\/wp\/v2\/product_tag?post=381"}],"curies":[{"name":"wp","href":"https:\/\/api.w.org\/{rel}","templated":true}]}}