{"id":3712,"date":"2024-10-23T15:15:26","date_gmt":"2024-10-23T13:15:26","guid":{"rendered":"http:\/\/billigtrikots.com\/?post_type=product&#038;p=3712"},"modified":"2024-10-23T15:17:32","modified_gmt":"2024-10-23T13:17:32","slug":"personalisierbar-fc-liverpool-ausweichtrikot-2021-22-gelb-rot-mit-aufdruck-virgil-4","status":"publish","type":"product","link":"https:\/\/www.billigtrikotde.com\/sk\/personalisierbar-fc-liverpool-ausweichtrikot-2021-22-gelb-rot-mit-aufdruck-virgil-4\/","title":{"rendered":"Prisp\u00f4sobite\u013en\u00e1 s\u00faprava Liverpool FC 2021\/22 \u017elto-\u010derven\u00e1 s potla\u010dou VIRGIL 4"},"content":{"rendered":"<p>predstavte svoj t\u00edm v Liverpoolovej n\u00e1hradnej dresi. Ve\u013emi priedu\u0161n\u00fd materi\u00e1l odv\u00e1dza pot od poko\u017eky a t\u00fdm zais\u0165uje chladn\u00fd pocit pri nosen\u00ed - \u010di u\u017e na ihrisku alebo na trib\u00fane.<\/p>\n<p>Such\u00fd pocit pri nosen\u00ed<\/p>\n<p>Technol\u00f3gia Nike Dri-FIT odv\u00e1dza pot od poko\u017eky, \u010d\u00edm sa r\u00fdchlo odparuje, a umo\u017e\u0148uje tak such\u00fd komfort nosenia.<\/p>\n<p>Chladnej\u0161\u00ed komfort nosenia<\/p>\n<p>Materi\u00e1l Nike Breathe je obzvl\u00e1\u0161\u0165 priedu\u0161n\u00fd a zabezpe\u010duje chladn\u00fd pocit pri nosen\u00ed.<\/p>\n<p>Tipy na tla\u010d: Ak s\u00fa meno a \u010d\u00edslo na obr\u00e1zku presne tak\u00e9, ak\u00e9 chcete, nemus\u00edte ich zad\u00e1va\u0165 znova. Ak nie, mali by ste zada\u0165 po\u017eadovan\u00e9 meno a \u010d\u00edslo.<\/p>\n<p>Tipy na pranie: Odpor\u00fa\u010dame pra\u0165 futbalov\u00e9 tri\u010dk\u00e1 v ruke. Ak chcete pou\u017ei\u0165 pr\u00e1\u010dku, nezabudnite futbalov\u00e9 tri\u010dk\u00e1 oto\u010di\u0165 naruby a potom ich vypra\u0165. Napl\u0148te pr\u00e1\u010dku studenou vodou a pou\u017eite jemn\u00fd cyklus, aby ste lep\u0161ie ochr\u00e1nili farby.<\/p>","protected":false},"excerpt":{"rendered":"<p>Repr\u00e4sentiere dein Team im Liverpool Ausweichtrikot. Das \u00e4u\u00dferst atmungsaktive Material leitet den Schwei\u00df von der Haut ab und sorgt damit f\u00fcr k\u00fchlen Tragekomfort \u0096 egal, ob auf dem Spielfeld oder der Trib\u00fcne. Trockener Tragekomfort Die Nike Dri-FIT-Technologie leitet Schwei\u00df von der Haut ab, wodurch er schnell verdunstet, und erm\u00f6glicht so trockenen Tragekomfort. K\u00fchler Tragekomfort Das [\u2026]<\/p>","protected":false},"featured_media":3746,"comment_status":"open","ping_status":"closed","template":"","meta":[],"product_brand":[],"product_cat":[176],"product_tag":[20,21,22,23,24,177,153],"class_list":{"0":"post-3712","1":"product","2":"type-product","3":"status-publish","4":"has-post-thumbnail","6":"product_cat-liverpool-fc","7":"product_tag-coole-fussballtrikots","8":"product_tag-fussballtrikot-fuer-herren","9":"product_tag-fussballtrikot-guenstig-kaufen","10":"product_tag-fussballtrikot-kurzarm","11":"product_tag-guenstiges-fussballtrikot","12":"product_tag-liverpool-ausweichtrikot","13":"product_tag-liverpool-trikots","15":"first","16":"instock","17":"shipping-taxable","18":"purchasable","19":"product-type-variable"},"_links":{"self":[{"href":"https:\/\/www.billigtrikotde.com\/sk\/wp-json\/wp\/v2\/product\/3712","targetHints":{"allow":["GET"]}}],"collection":[{"href":"https:\/\/www.billigtrikotde.com\/sk\/wp-json\/wp\/v2\/product"}],"about":[{"href":"https:\/\/www.billigtrikotde.com\/sk\/wp-json\/wp\/v2\/types\/product"}],"replies":[{"embeddable":true,"href":"https:\/\/www.billigtrikotde.com\/sk\/wp-json\/wp\/v2\/comments?post=3712"}],"wp:featuredmedia":[{"embeddable":true,"href":"https:\/\/www.billigtrikotde.com\/sk\/wp-json\/wp\/v2\/media\/3746"}],"wp:attachment":[{"href":"https:\/\/www.billigtrikotde.com\/sk\/wp-json\/wp\/v2\/media?parent=3712"}],"wp:term":[{"taxonomy":"product_brand","embeddable":true,"href":"https:\/\/www.billigtrikotde.com\/sk\/wp-json\/wp\/v2\/product_brand?post=3712"},{"taxonomy":"product_cat","embeddable":true,"href":"https:\/\/www.billigtrikotde.com\/sk\/wp-json\/wp\/v2\/product_cat?post=3712"},{"taxonomy":"product_tag","embeddable":true,"href":"https:\/\/www.billigtrikotde.com\/sk\/wp-json\/wp\/v2\/product_tag?post=3712"}],"curies":[{"name":"wp","href":"https:\/\/api.w.org\/{rel}","templated":true}]}}