{"id":3665,"date":"2024-10-23T15:13:13","date_gmt":"2024-10-23T13:13:13","guid":{"rendered":"http:\/\/billigtrikots.com\/?post_type=product&#038;p=3665"},"modified":"2024-10-23T15:15:20","modified_gmt":"2024-10-23T13:15:20","slug":"personalisierbar-trikotsatz-fc-liverpool-torwarttrikot-2021-2022-gelb","status":"publish","type":"product","link":"https:\/\/www.billigtrikotde.com\/sk\/personalisierbar-trikotsatz-fc-liverpool-torwarttrikot-2021-2022-gelb\/","title":{"rendered":"Prisp\u00f4sobite\u013en\u00e1 brank\u00e1rska s\u00faprava Liverpool FC 2021\/2022 \u017elt\u00e1"},"content":{"rendered":"<p>\u013eahk\u00fd model v \u017eltej farbe ti pom\u00f4\u017ee \u010do najlep\u0161ie podpori\u0165 tvoj t\u00edm v \u010fal\u0161om z\u00e1pase. Nike zverej\u0148uje s brank\u00e1rskym dresom absol\u00fatne jedine\u010dn\u00fd produkt. V \u017eiadnej fanskej kolekcii nesmie ch\u00fdba\u0165 tento dres brank\u00e1ra FC Liverpool. Lehk\u00e1, pohodln\u00e1, priedu\u0161n\u00e1 a potu odv\u00e1dzaj\u00faca funk\u010dnos\u0165 ho presvied\u010da. P\u00f4sob\u00ed opticky s erbom klubu na hrudi. Tento \u0161portov\u00fd tri\u010dko je optim\u00e1lne pre tvoje tr\u00e9ning a z\u00e1pas vhodn\u00fd a nesmie ch\u00fdba\u0165 v \u017eiadnom \u0161porte ta\u0161ke. Nechaj tento \u017elt\u00fd \u0161portov\u00fd tri\u010dko s kockovan\u00fdm vzorom sta\u0165 sa tvoj\u00edm vern\u00fdm sprievodcom.<\/p>\n<p>Tipy na tla\u010d: Ak s\u00fa meno a \u010d\u00edslo na obr\u00e1zku presne tak\u00e9, ak\u00e9 chcete, nemus\u00edte ich zad\u00e1va\u0165 znova. Ak nie, mali by ste zada\u0165 po\u017eadovan\u00e9 meno a \u010d\u00edslo.<\/p>\n<p>Tipy na pranie: Odpor\u00fa\u010dame pra\u0165 futbalov\u00e9 tri\u010dk\u00e1 v ruke. Ak chcete pou\u017ei\u0165 pr\u00e1\u010dku, nezabudnite futbalov\u00e9 tri\u010dk\u00e1 oto\u010di\u0165 naruby a potom ich vypra\u0165. Napl\u0148te pr\u00e1\u010dku studenou vodou a pou\u017eite jemn\u00fd cyklus, aby ste lep\u0161ie ochr\u00e1nili farby.<\/p>","protected":false},"excerpt":{"rendered":"<p>Das leichte Modell in Gelb hilft dir, dein Team beim n\u00e4chsten Spiel bestens zu unterst\u00fctzen. Nike ver\u00f6ffentlicht mit dem Torh\u00fcter-Trikot ein absolut einmaliges Produkt. In keiner Fan-Kollektion darf dieses FC Liverpool-Torh\u00fcter-Trikot fehlen. Die leichte, bequeme, atmungsaktive und schwei\u00dfableitende Funktionsweise l\u00e4sst es \u00fcberzeugen. Es besticht optisch mit einem Vereinswappen auf der Brust. Dieses Sportshirt ist optimal [&hellip;]<\/p>","protected":false},"featured_media":3708,"comment_status":"open","ping_status":"closed","template":"","meta":[],"product_brand":[],"product_cat":[176],"product_tag":[20,35,21,23,24,155],"class_list":{"0":"post-3665","1":"product","2":"type-product","3":"status-publish","4":"has-post-thumbnail","6":"product_cat-liverpool-fc","7":"product_tag-coole-fussballtrikots","8":"product_tag-fussball-torwarttrikots","9":"product_tag-fussballtrikot-fuer-herren","10":"product_tag-fussballtrikot-kurzarm","11":"product_tag-guenstiges-fussballtrikot","12":"product_tag-liverpool-torwarttrikot","14":"first","15":"instock","16":"shipping-taxable","17":"purchasable","18":"product-type-variable"},"_links":{"self":[{"href":"https:\/\/www.billigtrikotde.com\/sk\/wp-json\/wp\/v2\/product\/3665","targetHints":{"allow":["GET"]}}],"collection":[{"href":"https:\/\/www.billigtrikotde.com\/sk\/wp-json\/wp\/v2\/product"}],"about":[{"href":"https:\/\/www.billigtrikotde.com\/sk\/wp-json\/wp\/v2\/types\/product"}],"replies":[{"embeddable":true,"href":"https:\/\/www.billigtrikotde.com\/sk\/wp-json\/wp\/v2\/comments?post=3665"}],"wp:featuredmedia":[{"embeddable":true,"href":"https:\/\/www.billigtrikotde.com\/sk\/wp-json\/wp\/v2\/media\/3708"}],"wp:attachment":[{"href":"https:\/\/www.billigtrikotde.com\/sk\/wp-json\/wp\/v2\/media?parent=3665"}],"wp:term":[{"taxonomy":"product_brand","embeddable":true,"href":"https:\/\/www.billigtrikotde.com\/sk\/wp-json\/wp\/v2\/product_brand?post=3665"},{"taxonomy":"product_cat","embeddable":true,"href":"https:\/\/www.billigtrikotde.com\/sk\/wp-json\/wp\/v2\/product_cat?post=3665"},{"taxonomy":"product_tag","embeddable":true,"href":"https:\/\/www.billigtrikotde.com\/sk\/wp-json\/wp\/v2\/product_tag?post=3665"}],"curies":[{"name":"wp","href":"https:\/\/api.w.org\/{rel}","templated":true}]}}