{"id":3643,"date":"2024-10-23T15:12:09","date_gmt":"2024-10-23T13:12:09","guid":{"rendered":"http:\/\/billigtrikots.com\/?post_type=product&#038;p=3643"},"modified":"2024-10-23T15:14:16","modified_gmt":"2024-10-23T13:14:16","slug":"fc-liverpool-2022-goalkeeper-jersey-shirt-goalkeeper-shorts-dark-green","status":"publish","type":"product","link":"https:\/\/www.billigtrikotde.com\/sk\/fc-liverpool-2022-goalkeeper-jersey-shirt-goalkeeper-shorts-dark-green\/","title":{"rendered":"Liverpool FC 2022 Brank\u00e1rsky dres + brank\u00e1rske \u0161ortky Dark Green"},"content":{"rendered":"<p>Pre skuto\u010dn\u00fdch fan\u00fa\u0161ikov FC Liverpool je nevyhnutnos\u0165ou: \u0161portov\u00e9 tri\u010dko v origin\u00e1lnom dizajne. Odpor\u00fa\u010dame tento \u013eahk\u00fd, ve\u013emi pohodln\u00fd, priedu\u0161n\u00fd a odv\u00e1dzaj\u00faci pot model s pr\u00edjemn\u00fdm pocitom pri nosen\u00ed. Opticky vynik\u00e1 s klubovou erbou na hrudi. S t\u00fdmto tri\u010dkom ste ide\u00e1lne pripraven\u00ed na ka\u017ed\u00fd tr\u00e9ning a z\u00e1pas. Nechajte toto \u0161ed\u00e9 \u0161portov\u00e9 tielko s k\u00e1rovan\u00fdm vzorom sta\u0165 sa va\u0161\u00edm vern\u00fdm spolo\u010dn\u00edkom.<\/p>\n<p>Tipy na tla\u010d: Ak s\u00fa meno a \u010d\u00edslo na obr\u00e1zku presne tak\u00e9, ak\u00e9 chcete, nemus\u00edte ich zad\u00e1va\u0165 znova. Ak nie, mali by ste zada\u0165 po\u017eadovan\u00e9 meno a \u010d\u00edslo.<\/p>\n<p>Tipy na pranie: Odpor\u00fa\u010dame pra\u0165 futbalov\u00e9 tri\u010dk\u00e1 v ruke. Ak chcete pou\u017ei\u0165 pr\u00e1\u010dku, nezabudnite futbalov\u00e9 tri\u010dk\u00e1 oto\u010di\u0165 naruby a potom ich vypra\u0165. Napl\u0148te pr\u00e1\u010dku studenou vodou a pou\u017eite jemn\u00fd cyklus, aby ste lep\u0161ie ochr\u00e1nili farby.<\/p>","protected":false},"excerpt":{"rendered":"<p>Pre skuto\u010dn\u00fdch fan\u00fa\u0161ikov FC Liverpool je nevyhnutnos\u0165ou: \u0161portov\u00e9 tri\u010dko v origin\u00e1lnom dizajne. Odpor\u00fa\u010dame tento \u013eahk\u00fd, ve\u013emi pohodln\u00fd, priedu\u0161n\u00fd a odv\u00e1dzaj\u00faci pot model s pr\u00edjemn\u00fdm pocitom pri nosen\u00ed. Opticky vynik\u00e1 s klubovou erbou na hrudi. S t\u00fdmto tri\u010dkom ste ide\u00e1lne pripraven\u00ed na ka\u017ed\u00fd tr\u00e9ning a z\u00e1pas. Nechajte toto \u0161ed\u00e9 \u0161portov\u00e9 tielko s k\u00e1rovan\u00fdm vzorom sta\u0165 sa va\u0161\u00edm vern\u00fdm spolo\u010dn\u00edkom.<\/p>","protected":false},"featured_media":3685,"comment_status":"open","ping_status":"closed","template":"","meta":[],"product_brand":[],"product_cat":[176],"product_tag":[20,35,21,23,24,155],"class_list":{"0":"post-3643","1":"product","2":"type-product","3":"status-publish","4":"has-post-thumbnail","6":"product_cat-liverpool-fc","7":"product_tag-coole-fussballtrikots","8":"product_tag-fussball-torwarttrikots","9":"product_tag-fussballtrikot-fuer-herren","10":"product_tag-fussballtrikot-kurzarm","11":"product_tag-guenstiges-fussballtrikot","12":"product_tag-liverpool-torwarttrikot","14":"first","15":"instock","16":"shipping-taxable","17":"purchasable","18":"product-type-variable"},"_links":{"self":[{"href":"https:\/\/www.billigtrikotde.com\/sk\/wp-json\/wp\/v2\/product\/3643","targetHints":{"allow":["GET"]}}],"collection":[{"href":"https:\/\/www.billigtrikotde.com\/sk\/wp-json\/wp\/v2\/product"}],"about":[{"href":"https:\/\/www.billigtrikotde.com\/sk\/wp-json\/wp\/v2\/types\/product"}],"replies":[{"embeddable":true,"href":"https:\/\/www.billigtrikotde.com\/sk\/wp-json\/wp\/v2\/comments?post=3643"}],"wp:featuredmedia":[{"embeddable":true,"href":"https:\/\/www.billigtrikotde.com\/sk\/wp-json\/wp\/v2\/media\/3685"}],"wp:attachment":[{"href":"https:\/\/www.billigtrikotde.com\/sk\/wp-json\/wp\/v2\/media?parent=3643"}],"wp:term":[{"taxonomy":"product_brand","embeddable":true,"href":"https:\/\/www.billigtrikotde.com\/sk\/wp-json\/wp\/v2\/product_brand?post=3643"},{"taxonomy":"product_cat","embeddable":true,"href":"https:\/\/www.billigtrikotde.com\/sk\/wp-json\/wp\/v2\/product_cat?post=3643"},{"taxonomy":"product_tag","embeddable":true,"href":"https:\/\/www.billigtrikotde.com\/sk\/wp-json\/wp\/v2\/product_tag?post=3643"}],"curies":[{"name":"wp","href":"https:\/\/api.w.org\/{rel}","templated":true}]}}