{"id":3637,"date":"2024-10-23T15:12:04","date_gmt":"2024-10-23T13:12:04","guid":{"rendered":"http:\/\/billigtrikots.com\/?post_type=product&#038;p=3637"},"modified":"2024-10-23T15:14:14","modified_gmt":"2024-10-23T13:14:14","slug":"fc-bayern-muenchen-3rd-herren-trikot-21-22-ausweichtrikot-weiss-mit-aufdruck-mueller-25","status":"publish","type":"product","link":"https:\/\/www.billigtrikotde.com\/sk\/fc-bayern-muenchen-3rd-herren-trikot-21-22-ausweichtrikot-weiss-mit-aufdruck-mueller-25\/","title":{"rendered":"FC Bayern Mn\u00edchov 3. p\u00e1nsky dres 21\/22 biely s potla\u010dou M\u00fcller 25"},"content":{"rendered":"<p>Z Mn\u00edchova nie s\u00fa hory \u010faleko. Niet divu, \u017ee v\u00fdstroj na preukazy adidas FC Bayern Mn\u00edchov je in\u0161pirovan\u00e1 Alpami. Fan\u00fa\u0161ikovsk\u00fd dres je vybaven\u00fd technol\u00f3giou AEROREADY na absorpciu vlhkosti pre pohodln\u00e9 nosenie. Samozrejme, nesmie ch\u00fdba\u0165 n\u00e1pis \u201eMia san mia\u201c v oblasti krku.<\/p>\n<p>Tipy na tla\u010d: Ak s\u00fa meno a \u010d\u00edslo na obr\u00e1zku presne tak\u00e9, ak\u00e9 chcete, nemus\u00edte ich zad\u00e1va\u0165 znova. Ak nie, mali by ste zada\u0165 po\u017eadovan\u00e9 meno a \u010d\u00edslo.<\/p>\n<p>Tipy na pranie: Odpor\u00fa\u010dame pra\u0165 futbalov\u00e9 tri\u010dk\u00e1 v ruke. Ak chcete pou\u017ei\u0165 pr\u00e1\u010dku, nezabudnite futbalov\u00e9 tri\u010dk\u00e1 oto\u010di\u0165 naruby a potom ich vypra\u0165. Napl\u0148te pr\u00e1\u010dku studenou vodou a pou\u017eite jemn\u00fd cyklus, aby ste lep\u0161ie ochr\u00e1nili farby.<\/p>","protected":false},"excerpt":{"rendered":"<p>Z Mn\u00edchova nie s\u00fa hory \u010faleko. Nie je divu, \u017ee v\u00fdstroj na preukaz Adidas FC Bayern M\u00fcnchen je in\u0161pirovan\u00fd Alpami. Fan\u00fa\u0161ikovsk\u00e9 triko prich\u00e1dza s technol\u00f3giou AEROREADY, ktor\u00e1 absorbuje vlhkos\u0165, pre pohodln\u00e9 nosenie. Samozrejme nesmie ch\u00fdba\u0165 ani n\u00e1pis \u201eMia san mia\u201c v zadnej \u010dasti. Tipy na tla\u010d: Ak je meno a \u010d\u00edslo na [\u2026]<\/p>","protected":false},"featured_media":3673,"comment_status":"open","ping_status":"closed","template":"","meta":[],"product_brand":[],"product_cat":[175],"product_tag":[139,137,20,21,22,23,24],"class_list":{"0":"post-3637","1":"product","2":"type-product","3":"status-publish","4":"has-post-thumbnail","6":"product_cat-bayern-munich","7":"product_tag-bayern-muenchen-ausweichtrikot","8":"product_tag-bayern-muenchen-trikots","9":"product_tag-coole-fussballtrikots","10":"product_tag-fussballtrikot-fuer-herren","11":"product_tag-fussballtrikot-guenstig-kaufen","12":"product_tag-fussballtrikot-kurzarm","13":"product_tag-guenstiges-fussballtrikot","15":"first","16":"instock","17":"shipping-taxable","18":"purchasable","19":"product-type-variable"},"_links":{"self":[{"href":"https:\/\/www.billigtrikotde.com\/sk\/wp-json\/wp\/v2\/product\/3637","targetHints":{"allow":["GET"]}}],"collection":[{"href":"https:\/\/www.billigtrikotde.com\/sk\/wp-json\/wp\/v2\/product"}],"about":[{"href":"https:\/\/www.billigtrikotde.com\/sk\/wp-json\/wp\/v2\/types\/product"}],"replies":[{"embeddable":true,"href":"https:\/\/www.billigtrikotde.com\/sk\/wp-json\/wp\/v2\/comments?post=3637"}],"wp:featuredmedia":[{"embeddable":true,"href":"https:\/\/www.billigtrikotde.com\/sk\/wp-json\/wp\/v2\/media\/3673"}],"wp:attachment":[{"href":"https:\/\/www.billigtrikotde.com\/sk\/wp-json\/wp\/v2\/media?parent=3637"}],"wp:term":[{"taxonomy":"product_brand","embeddable":true,"href":"https:\/\/www.billigtrikotde.com\/sk\/wp-json\/wp\/v2\/product_brand?post=3637"},{"taxonomy":"product_cat","embeddable":true,"href":"https:\/\/www.billigtrikotde.com\/sk\/wp-json\/wp\/v2\/product_cat?post=3637"},{"taxonomy":"product_tag","embeddable":true,"href":"https:\/\/www.billigtrikotde.com\/sk\/wp-json\/wp\/v2\/product_tag?post=3637"}],"curies":[{"name":"wp","href":"https:\/\/api.w.org\/{rel}","templated":true}]}}