{"id":3557,"date":"2024-10-23T15:08:17","date_gmt":"2024-10-23T13:08:17","guid":{"rendered":"http:\/\/billigtrikots.com\/?post_type=product&#038;p=3557"},"modified":"2025-06-09T04:42:53","modified_gmt":"2025-06-09T02:42:53","slug":"fc-arsenal-heimtrikot-2021-2022-fuer-kinder-weiss-rot-mit-odegaard-8-aufdruck","status":"publish","type":"product","link":"https:\/\/www.billigtrikotde.com\/sk\/fc-arsenal-heimtrikot-2021-2022-fuer-kinder-weiss-rot-mit-odegaard-8-aufdruck\/","title":{"rendered":"Dom\u00e1ca s\u00faprava FC Arsenal 2021\/2022 pre deti biela\/\u010derven\u00e1 s potla\u010dou \u00d8degaard 8"},"content":{"rendered":"<p>Nov\u00e9 dom\u00e1ce tri\u010dko Arsenal od adidas prich\u00e1dza v typickej \u010derveno-bielej dom\u00e1cej farbe a je ozdoben\u00e9 hrd\u00fdmi t\u00edmov\u00fdmi detailmi, ako je origin\u00e1lne klubov\u00e9 logo. Okrem toho sa adidas logo a sponzorsk\u00e9 brandingy pekne zapadaj\u00fa a robia tri\u010dko kompletn\u00fdm.<\/p>\n<p>Vyroben\u00e9 z odv\u00e1dzaj\u00face vlhkos\u0165 materi\u00e1lu Aeroready, v\u00e1m nov\u00e9 detsk\u00e9 tri\u010dko Arsenal poskytuje such\u00fd, chladiv\u00fd komfort pri nosen\u00ed. Okrem toho je dom\u00e1ce tri\u010dko vyroben\u00e9 z 100% recyklovan\u00fdch polyesterov\u00fdch vl\u00e1kien (Primegreen), \u010do z neho rob\u00ed nielen tvarovo stabiln\u00e9 a odoln\u00e9, ale aj udr\u017eate\u013en\u00e9! O nie\u010do \u0161ir\u0161ie ako hr\u00e1\u010dske tri\u010dko, zabezpe\u010duje tie\u017e prvotriedne prisp\u00f4sobenie a najlep\u0161iu vo\u013enos\u0165 pohybu vo v\u0161etk\u00fdch smeroch.<\/p>\n<p>Ako skuto\u010dn\u00fd fan\u00fa\u0161ik mus\u00ed\u0161 ma\u0165 tri\u010dko adidas FC Arsenal detsk\u00e9 dom\u00e1ce 2021\/22! Z\u00edskaj si ho e\u0161te dnes!<\/p>\n<p>Tipy na tla\u010d: Ak s\u00fa meno a \u010d\u00edslo na obr\u00e1zku presne tak\u00e9, ak\u00e9 chcete, nemus\u00edte ich zad\u00e1va\u0165 znova. Ak nie, mali by ste zada\u0165 po\u017eadovan\u00e9 meno a \u010d\u00edslo.<\/p>\n<p>Tipy na pranie: Odpor\u00fa\u010dame pra\u0165 futbalov\u00e9 tri\u010dk\u00e1 v ruke. Ak chcete pou\u017ei\u0165 pr\u00e1\u010dku, nezabudnite futbalov\u00e9 tri\u010dk\u00e1 oto\u010di\u0165 naruby a potom ich vypra\u0165. Napl\u0148te pr\u00e1\u010dku studenou vodou a pou\u017eite jemn\u00fd cyklus, aby ste lep\u0161ie ochr\u00e1nili farby.<\/p>","protected":false},"excerpt":{"rendered":"<p>Das neue Arsenal Heim Trikot von adidas kommt in typischer rot-wei\u00dfer Heimfarbe und ist mit stolzen Teamdetails, wie dem originalen Clublogo geschm\u00fcckt. Au\u00dferdem f\u00fcgen sich das adidas Logo, sowie Sponsorenbrandings passend ein und machen das Trikot komplett. Gefertigt aus feuchtigkeitsableitendem Aeroready Material, bietet dir das neue Arsenal Kinder Trikot einen trockenen, k\u00fchlen Tragekomfort. Zudem besteht [&hellip;]<\/p>","protected":false},"featured_media":3597,"comment_status":"open","ping_status":"closed","template":"","meta":[],"product_brand":[],"product_cat":[167],"product_tag":[20,56,57,168,94],"class_list":{"0":"post-3557","1":"product","2":"type-product","3":"status-publish","4":"has-post-thumbnail","6":"product_cat-arsenal-kindertrikot","7":"product_tag-coole-fussballtrikots","8":"product_tag-fc-arsenal-heimtrikot","9":"product_tag-fc-arsenal-trikots","10":"product_tag-fc-arsenal-trikotsatz-fuer-kinder","11":"product_tag-kinder-fussball-trikotsatz","13":"first","14":"instock","15":"shipping-taxable","16":"purchasable","17":"product-type-variable"},"_links":{"self":[{"href":"https:\/\/www.billigtrikotde.com\/sk\/wp-json\/wp\/v2\/product\/3557","targetHints":{"allow":["GET"]}}],"collection":[{"href":"https:\/\/www.billigtrikotde.com\/sk\/wp-json\/wp\/v2\/product"}],"about":[{"href":"https:\/\/www.billigtrikotde.com\/sk\/wp-json\/wp\/v2\/types\/product"}],"replies":[{"embeddable":true,"href":"https:\/\/www.billigtrikotde.com\/sk\/wp-json\/wp\/v2\/comments?post=3557"}],"wp:featuredmedia":[{"embeddable":true,"href":"https:\/\/www.billigtrikotde.com\/sk\/wp-json\/wp\/v2\/media\/3597"}],"wp:attachment":[{"href":"https:\/\/www.billigtrikotde.com\/sk\/wp-json\/wp\/v2\/media?parent=3557"}],"wp:term":[{"taxonomy":"product_brand","embeddable":true,"href":"https:\/\/www.billigtrikotde.com\/sk\/wp-json\/wp\/v2\/product_brand?post=3557"},{"taxonomy":"product_cat","embeddable":true,"href":"https:\/\/www.billigtrikotde.com\/sk\/wp-json\/wp\/v2\/product_cat?post=3557"},{"taxonomy":"product_tag","embeddable":true,"href":"https:\/\/www.billigtrikotde.com\/sk\/wp-json\/wp\/v2\/product_tag?post=3557"}],"curies":[{"name":"wp","href":"https:\/\/api.w.org\/{rel}","templated":true}]}}