{"id":3540,"date":"2024-10-23T15:07:39","date_gmt":"2024-10-23T13:07:39","guid":{"rendered":"http:\/\/billigtrikots.com\/?post_type=product&#038;p=3540"},"modified":"2024-10-23T15:09:44","modified_gmt":"2024-10-23T13:09:44","slug":"fc-arsenal-london-trikot-3rd-2021-2022-kids-blau-mit-iwobi-17-aufdruck","status":"publish","type":"product","link":"https:\/\/www.billigtrikotde.com\/sk\/fc-arsenal-london-trikot-3rd-2021-2022-kids-blau-mit-iwobi-17-aufdruck\/","title":{"rendered":"Dres FC Arsenal London 3rd 2021\/2022 deti modr\u00fd s IWOBI 17"},"content":{"rendered":"<p>S mimoriadne pohodln\u00fdm modelom v modrej farbe aj najmlad\u0161\u00ed fan\u00fa\u0161ikovia ukazuj\u00fa svoju n\u00e1klonos\u0165 k svojmu ob\u013e\u00faben\u00e9mu klubu. S detsk\u00fdm tri\u010dkom z dielne adidas naozaj nem\u00f4\u017eete ni\u010d pokazi\u0165. Uk\u00e1\u017ete svoje nad\u0161enie \u2013 s t\u00fdmto v\u00fdtla\u010dkom FC Arsenal London v exteri\u00e9rovom tri\u010dku roz\u0161\u00edrite svoju fan\u00fa\u0161ikovsk\u00fa zbierku o oble\u010denie v p\u00f4vodnom dizajne, ak\u00fd nosia hr\u00e1\u010di v Premier League. Odpor\u00fa\u010dame tento priedu\u0161n\u00fd a mimoriadne pohodln\u00fd model s pr\u00edjemn\u00fdm pocitom pri nosen\u00ed. K absol\u00fatnej \u0161pi\u010dke sa dostane v\u010faka znakovej erbov\u00e9mu na hrudi. S t\u00fdmto \u0161portov\u00fdm tri\u010dkom budete na ka\u017ed\u00fa jednotku dokonale vybaven\u00ed.<\/p>\n<p>Tipy na tla\u010d: Ak s\u00fa meno a \u010d\u00edslo na obr\u00e1zku presne tak\u00e9, ak\u00e9 chcete, nemus\u00edte ich zad\u00e1va\u0165 znova. Ak nie, mali by ste zada\u0165 po\u017eadovan\u00e9 meno a \u010d\u00edslo.<\/p>\n<p>Tipy na pranie: Odpor\u00fa\u010dame pra\u0165 futbalov\u00e9 tri\u010dk\u00e1 v ruke. Ak chcete pou\u017ei\u0165 pr\u00e1\u010dku, nezabudnite futbalov\u00e9 tri\u010dk\u00e1 oto\u010di\u0165 naruby a potom ich vypra\u0165. Napl\u0148te pr\u00e1\u010dku studenou vodou a pou\u017eite jemn\u00fd cyklus, aby ste lep\u0161ie ochr\u00e1nili farby.<\/p>","protected":false},"excerpt":{"rendered":"<p>Mit dem super bequemen Modell in Blau zeigen auch die j\u00fcngsten Fans ihre Zuneigung zu ihrem Lieblingsverein. Mit dem Kinder-Shirt aus dem Hause adidas kann man wirklich nichts falsch machen. Zeige deine Begeisterung \u2013 mit diesem FC Arsenal London-Ausweich-Shirt erweiterst du deine Fan-Sammlung um ein Kleidungsst\u00fcck im Original-Design, wie es die Spieler in der Premier [&hellip;]<\/p>","protected":false},"featured_media":3583,"comment_status":"open","ping_status":"closed","template":"","meta":[],"product_brand":[],"product_cat":[167],"product_tag":[20,169,57,168,94],"class_list":{"0":"post-3540","1":"product","2":"type-product","3":"status-publish","4":"has-post-thumbnail","6":"product_cat-arsenal-kindertrikot","7":"product_tag-coole-fussballtrikots","8":"product_tag-fc-arsenal-ausweichtrikot","9":"product_tag-fc-arsenal-trikots","10":"product_tag-fc-arsenal-trikotsatz-fuer-kinder","11":"product_tag-kinder-fussball-trikotsatz","13":"first","14":"instock","15":"shipping-taxable","16":"purchasable","17":"product-type-variable"},"_links":{"self":[{"href":"https:\/\/www.billigtrikotde.com\/sk\/wp-json\/wp\/v2\/product\/3540","targetHints":{"allow":["GET"]}}],"collection":[{"href":"https:\/\/www.billigtrikotde.com\/sk\/wp-json\/wp\/v2\/product"}],"about":[{"href":"https:\/\/www.billigtrikotde.com\/sk\/wp-json\/wp\/v2\/types\/product"}],"replies":[{"embeddable":true,"href":"https:\/\/www.billigtrikotde.com\/sk\/wp-json\/wp\/v2\/comments?post=3540"}],"wp:featuredmedia":[{"embeddable":true,"href":"https:\/\/www.billigtrikotde.com\/sk\/wp-json\/wp\/v2\/media\/3583"}],"wp:attachment":[{"href":"https:\/\/www.billigtrikotde.com\/sk\/wp-json\/wp\/v2\/media?parent=3540"}],"wp:term":[{"taxonomy":"product_brand","embeddable":true,"href":"https:\/\/www.billigtrikotde.com\/sk\/wp-json\/wp\/v2\/product_brand?post=3540"},{"taxonomy":"product_cat","embeddable":true,"href":"https:\/\/www.billigtrikotde.com\/sk\/wp-json\/wp\/v2\/product_cat?post=3540"},{"taxonomy":"product_tag","embeddable":true,"href":"https:\/\/www.billigtrikotde.com\/sk\/wp-json\/wp\/v2\/product_tag?post=3540"}],"curies":[{"name":"wp","href":"https:\/\/api.w.org\/{rel}","templated":true}]}}