{"id":3538,"date":"2024-10-23T15:07:38","date_gmt":"2024-10-23T13:07:38","guid":{"rendered":"http:\/\/billigtrikots.com\/?post_type=product&#038;p=3538"},"modified":"2024-10-23T15:09:43","modified_gmt":"2024-10-23T13:09:43","slug":"fc-arsenal-london-trikot-3rd-2021-2022-kinder-blau-mit-aubameyang-14-aufdruck","status":"publish","type":"product","link":"https:\/\/www.billigtrikotde.com\/sk\/fc-arsenal-london-trikot-3rd-2021-2022-kinder-blau-mit-aubameyang-14-aufdruck\/","title":{"rendered":"Dres FC Arsenal London 3rd 2021\/2022 deti modr\u00fd s AUBAMEYANG 14"},"content":{"rendered":"<p>D\u00fdchate\u013en\u00fd model v modrej farbe umo\u017e\u0148uje aj mlad\u0161\u00edm fan\u00fa\u0161ikom uk\u00e1za\u0165 prip\u00fatanos\u0165 k svojmu ob\u013e\u00faben\u00e9mu t\u00edmu. S detsk\u00fdm \u0161portov\u00fdm tielkom z dielne adidas sa naozaj niet \u010doho b\u00e1\u0165. V \u017eiadnej fan\u00fa\u0161ikovskej kolekcii nesmie ch\u00fdba\u0165 toto v\u00fdstrojov\u00e9 \u0161portov\u00e9 tielko FC Arsenal Lond\u00fdn ako ho nosia hr\u00e1\u010di v Premier League. Pohodln\u00fd a priedu\u0161n\u00fd model zo-Kreis presved\u010d\u00ed na ka\u017edom kroku. Opticky vynik\u00e1 s klubov\u00fdm znakom na hrudi. Toto t\u00edlko bolo vytvoren\u00e9 na to, aby tvoj v\u00fdkon pozdvihlo na nov\u00fa \u00farove\u0148.<\/p>\n<p>Tipy na tla\u010d: Ak s\u00fa meno a \u010d\u00edslo na obr\u00e1zku presne tak\u00e9, ak\u00e9 chcete, nemus\u00edte ich zad\u00e1va\u0165 znova. Ak nie, mali by ste zada\u0165 po\u017eadovan\u00e9 meno a \u010d\u00edslo.<\/p>\n<p>Tipy na pranie: Odpor\u00fa\u010dame pra\u0165 futbalov\u00e9 tri\u010dk\u00e1 v ruke. Ak chcete pou\u017ei\u0165 pr\u00e1\u010dku, nezabudnite futbalov\u00e9 tri\u010dk\u00e1 oto\u010di\u0165 naruby a potom ich vypra\u0165. Napl\u0148te pr\u00e1\u010dku studenou vodou a pou\u017eite jemn\u00fd cyklus, aby ste lep\u0161ie ochr\u00e1nili farby.<\/p>","protected":false},"excerpt":{"rendered":"<p>Das atmungsaktive Modell in Blau l\u00e4sst auch junge Fans ihre Zugeh\u00f6rigkeit zum Lieblingsteam zeigen. Mit dem Kinder-Sporttop aus dem Hause adidas kann man wirklich nichts falsch machen. In keiner Fan-Kollektion darf dieses FC Arsenal London-Ausweich-Sporttop, wie es die Spieler in der Premier League tragen, fehlen. Das bequeme und atmungsaktive Modell \u00fcberzeugt auf ganzer Linie. Optisch [&hellip;]<\/p>","protected":false},"featured_media":3574,"comment_status":"open","ping_status":"closed","template":"","meta":[],"product_brand":[],"product_cat":[167],"product_tag":[20,169,57,168,94],"class_list":{"0":"post-3538","1":"product","2":"type-product","3":"status-publish","4":"has-post-thumbnail","6":"product_cat-arsenal-kindertrikot","7":"product_tag-coole-fussballtrikots","8":"product_tag-fc-arsenal-ausweichtrikot","9":"product_tag-fc-arsenal-trikots","10":"product_tag-fc-arsenal-trikotsatz-fuer-kinder","11":"product_tag-kinder-fussball-trikotsatz","13":"first","14":"instock","15":"shipping-taxable","16":"purchasable","17":"product-type-variable"},"_links":{"self":[{"href":"https:\/\/www.billigtrikotde.com\/sk\/wp-json\/wp\/v2\/product\/3538","targetHints":{"allow":["GET"]}}],"collection":[{"href":"https:\/\/www.billigtrikotde.com\/sk\/wp-json\/wp\/v2\/product"}],"about":[{"href":"https:\/\/www.billigtrikotde.com\/sk\/wp-json\/wp\/v2\/types\/product"}],"replies":[{"embeddable":true,"href":"https:\/\/www.billigtrikotde.com\/sk\/wp-json\/wp\/v2\/comments?post=3538"}],"wp:featuredmedia":[{"embeddable":true,"href":"https:\/\/www.billigtrikotde.com\/sk\/wp-json\/wp\/v2\/media\/3574"}],"wp:attachment":[{"href":"https:\/\/www.billigtrikotde.com\/sk\/wp-json\/wp\/v2\/media?parent=3538"}],"wp:term":[{"taxonomy":"product_brand","embeddable":true,"href":"https:\/\/www.billigtrikotde.com\/sk\/wp-json\/wp\/v2\/product_brand?post=3538"},{"taxonomy":"product_cat","embeddable":true,"href":"https:\/\/www.billigtrikotde.com\/sk\/wp-json\/wp\/v2\/product_cat?post=3538"},{"taxonomy":"product_tag","embeddable":true,"href":"https:\/\/www.billigtrikotde.com\/sk\/wp-json\/wp\/v2\/product_tag?post=3538"}],"curies":[{"name":"wp","href":"https:\/\/api.w.org\/{rel}","templated":true}]}}