{"id":3499,"date":"2024-10-23T15:05:25","date_gmt":"2024-10-23T13:05:25","guid":{"rendered":"http:\/\/billigtrikots.com\/?post_type=product&#038;p=3499"},"modified":"2025-10-16T16:04:43","modified_gmt":"2025-10-16T14:04:43","slug":"kinder-heimtrikot-real-madrid-home-trikot-weiss-blau-2021-22-mit-aufdruck-mbappe-7","status":"publish","type":"product","link":"https:\/\/www.billigtrikotde.com\/sk\/kinder-heimtrikot-real-madrid-home-trikot-weiss-blau-2021-22-mit-aufdruck-mbappe-7\/","title":{"rendered":"Detsk\u00fd dom\u00e1ci dres Real Madrid Home Jersey white blue 2021\/22 s potla\u010dou Mbapp\u00e9 7"},"content":{"rendered":"<p>V\u00ed\u0165azstv\u00e1 a \u00faspechy t\u00edm predv\u00e1dza na ihrisku. Oslavuj\u00fa ich na n\u00e1mest\u00ed Plaza de Cibeles pred raduj\u00facimi sa fan\u00fa\u0161ikmi. Niet divu, \u017ee toto adidas dres Real Madrid v detskej a t\u00edned\u017eerskej verzii so svoj\u00edm kruhov\u00fdm a spir\u00e1lov\u00fdm vzorom je in\u0161pirovan\u00e9 t\u00fdmto miestom a jeho font\u00e1nami. Dizajn pre fan\u00fa\u0161ikov je vyroben\u00fd z m\u00e4kk\u00e9ho materi\u00e1lu s technol\u00f3giou AEROREADY na absorpciu vlhkosti a zaru\u010duje pr\u00edjemn\u00fd such\u00fd a pohodln\u00fd pocit pri nosen\u00ed. Dres pre fan\u00fa\u0161ikov na oslavu. Vy\u0161\u00edvan\u00e9 klubov\u00e9 logo Real Madrid. Ruk\u00e1vov\u00fd v\u00fdstrih s rebrovan\u00fdm lemom. R\u00edmsky lem. Absorpcia vlhkosti. \u0160tandardn\u00fd strih. Tento produkt je Primegreen: vyroben\u00fd s pou\u017eit\u00edm r\u00f4znych funk\u010dn\u00fdch recyklovan\u00fdch materi\u00e1lov. Materi\u00e1l: 100% polyester.<\/p>\n<p>Tipy na tla\u010d: Ak s\u00fa meno a \u010d\u00edslo na obr\u00e1zku presne tak\u00e9, ak\u00e9 chcete, nemus\u00edte ich zad\u00e1va\u0165 znova. Ak nie, mali by ste zada\u0165 po\u017eadovan\u00e9 meno a \u010d\u00edslo.<\/p>\n<p>Tipy na pranie: Odpor\u00fa\u010dame pra\u0165 futbalov\u00e9 tri\u010dk\u00e1 v ruke. Ak chcete pou\u017ei\u0165 pr\u00e1\u010dku, nezabudnite futbalov\u00e9 tri\u010dk\u00e1 oto\u010di\u0165 naruby a potom ich vypra\u0165. Napl\u0148te pr\u00e1\u010dku studenou vodou a pou\u017eite jemn\u00fd cyklus, aby ste lep\u0161ie ochr\u00e1nili farby.<\/p>","protected":false},"excerpt":{"rendered":"<p>Die Siege und Erfolge f\u00e4hrt die Mannschaft auf dem Spielfeld ein. Gefeiert werden sie auf dem Plaza de Cibeles vor den jubelnden Fans. Kein Wunder, dass dieses adidas Real Madrid Trikot in der Version f\u00fcr Kinder und Teens mit seinem Kreis- und Spiralmuster von diesem Ort und seinen Brunnenfont\u00e4nen inspiriert ist. Das Design f\u00fcr Fans [&hellip;]<\/p>","protected":false},"featured_media":3536,"comment_status":"open","ping_status":"closed","template":"","meta":[],"product_brand":[],"product_cat":[165],"product_tag":[20,21,22,23,24,94,46,47,166],"class_list":{"0":"post-3499","1":"product","2":"type-product","3":"status-publish","4":"has-post-thumbnail","6":"product_cat-real-madrid-kindertrikot","7":"product_tag-coole-fussballtrikots","8":"product_tag-fussballtrikot-fuer-herren","9":"product_tag-fussballtrikot-guenstig-kaufen","10":"product_tag-fussballtrikot-kurzarm","11":"product_tag-guenstiges-fussballtrikot","12":"product_tag-kinder-fussball-trikotsatz","13":"product_tag-real-madrid-heimtrikot","14":"product_tag-real-madrid-trikots","15":"product_tag-real-madrid-trikotsatz-fuer-kinder","17":"first","18":"instock","19":"shipping-taxable","20":"purchasable","21":"product-type-variable"},"_links":{"self":[{"href":"https:\/\/www.billigtrikotde.com\/sk\/wp-json\/wp\/v2\/product\/3499","targetHints":{"allow":["GET"]}}],"collection":[{"href":"https:\/\/www.billigtrikotde.com\/sk\/wp-json\/wp\/v2\/product"}],"about":[{"href":"https:\/\/www.billigtrikotde.com\/sk\/wp-json\/wp\/v2\/types\/product"}],"replies":[{"embeddable":true,"href":"https:\/\/www.billigtrikotde.com\/sk\/wp-json\/wp\/v2\/comments?post=3499"}],"wp:featuredmedia":[{"embeddable":true,"href":"https:\/\/www.billigtrikotde.com\/sk\/wp-json\/wp\/v2\/media\/3536"}],"wp:attachment":[{"href":"https:\/\/www.billigtrikotde.com\/sk\/wp-json\/wp\/v2\/media?parent=3499"}],"wp:term":[{"taxonomy":"product_brand","embeddable":true,"href":"https:\/\/www.billigtrikotde.com\/sk\/wp-json\/wp\/v2\/product_brand?post=3499"},{"taxonomy":"product_cat","embeddable":true,"href":"https:\/\/www.billigtrikotde.com\/sk\/wp-json\/wp\/v2\/product_cat?post=3499"},{"taxonomy":"product_tag","embeddable":true,"href":"https:\/\/www.billigtrikotde.com\/sk\/wp-json\/wp\/v2\/product_tag?post=3499"}],"curies":[{"name":"wp","href":"https:\/\/api.w.org\/{rel}","templated":true}]}}