{"id":3312,"date":"2024-10-23T14:56:19","date_gmt":"2024-10-23T12:56:19","guid":{"rendered":"http:\/\/billigtrikots.com\/?post_type=product&#038;p=3312"},"modified":"2024-10-23T14:58:22","modified_gmt":"2024-10-23T12:58:22","slug":"paris-saint-germain-psg-heimtrikot-2021-22-fuer-kinder-in-blau-mit-aufdruck-mbappe-7","status":"publish","type":"product","link":"https:\/\/www.billigtrikotde.com\/sk\/paris-saint-germain-psg-heimtrikot-2021-22-fuer-kinder-in-blau-mit-aufdruck-mbappe-7\/","title":{"rendered":"Paris Saint Germain PSG dom\u00e1ci dres 2021\/22 pre deti v modrej farbe s potla\u010dou Mbapp\u00e9 7"},"content":{"rendered":"<p>Mlad\u00ed fan\u00fa\u0161ikovia ukazuj\u00fa prip\u00fatanos\u0165 k svojmu klubu pohodln\u00fdm modelom v modrej farbe. Detsk\u00e9 tri\u010dko Nike je ide\u00e1lnou vo\u013ebou. Miluj svoj t\u00edm \u2013 s domovsk\u00fdm tri\u010dkom Paris Saint-Germain, ktor\u00e9 dokonca nosia aj hr\u00e1\u010di v Ligue 1, ukazuje\u0161, za koho srdce bije. Odpor\u00fa\u010dame tento pohodln\u00fd, priedu\u0161n\u00fd, odv\u00e1dzaj\u00faci pot a \u013eahk\u00fd model s pr\u00edjemn\u00fdm pocitom na nosenie. Takto m\u00f4\u017ee\u0161 uk\u00e1za\u0165 v\u0161etk\u00fdm, \u017ee si najlep\u0161\u00ed na ihrisku. Pri tomto tri\u010dku sa m\u00f4\u017ee\u0161 vizu\u00e1lne spo\u013eahn\u00fa\u0165 na klubov\u00fd erb na hrudi.<\/p>\n<p>Tipy na tla\u010d: Ak s\u00fa meno a \u010d\u00edslo na obr\u00e1zku presne tak\u00e9, ak\u00e9 chcete, nemus\u00edte ich zad\u00e1va\u0165 znova. Ak nie, mali by ste zada\u0165 po\u017eadovan\u00e9 meno a \u010d\u00edslo.<\/p>\n<p>Tipy na pranie: Odpor\u00fa\u010dame pra\u0165 futbalov\u00e9 tri\u010dk\u00e1 v ruke. Ak chcete pou\u017ei\u0165 pr\u00e1\u010dku, nezabudnite futbalov\u00e9 tri\u010dk\u00e1 oto\u010di\u0165 naruby a potom ich vypra\u0165. Napl\u0148te pr\u00e1\u010dku studenou vodou a pou\u017eite jemn\u00fd cyklus, aby ste lep\u0161ie ochr\u00e1nili farby.<\/p>","protected":false},"excerpt":{"rendered":"<p>Junge Fans zeigen die Zugeh\u00f6rigkeit zu ihrem Verein mit dem bequemen Modell in Blau. Das Nike Kinder-Shirt ist die perfekte Wahl. Liebe deine Mannschaft \u2013 mit dem Heim-Shirt des Paris Saint-Germain, das sogar von den Spielern in der Ligue 1 getragen wird, zeigst du, f\u00fcr wen dein Herz schl\u00e4gt. Wir empfehlen dieses bequeme, atmungsaktive, schwei\u00dfableitende [&hellip;]<\/p>","protected":false},"featured_media":3351,"comment_status":"open","ping_status":"closed","template":"","meta":[],"product_brand":[],"product_cat":[160],"product_tag":[20,21,22,23,24,94,161,41,159],"class_list":{"0":"post-3312","1":"product","2":"type-product","3":"status-publish","4":"has-post-thumbnail","6":"product_cat-paris-saint-germain-kindertrikot","7":"product_tag-coole-fussballtrikots","8":"product_tag-fussballtrikot-fuer-herren","9":"product_tag-fussballtrikot-guenstig-kaufen","10":"product_tag-fussballtrikot-kurzarm","11":"product_tag-guenstiges-fussballtrikot","12":"product_tag-kinder-fussball-trikotsatz","13":"product_tag-paris-saint-germain-heimtrikot","14":"product_tag-paris-saint-germain-trikots","15":"product_tag-psg-trikotsatz-fuer-kinder","17":"first","18":"instock","19":"shipping-taxable","20":"purchasable","21":"product-type-variable"},"_links":{"self":[{"href":"https:\/\/www.billigtrikotde.com\/sk\/wp-json\/wp\/v2\/product\/3312","targetHints":{"allow":["GET"]}}],"collection":[{"href":"https:\/\/www.billigtrikotde.com\/sk\/wp-json\/wp\/v2\/product"}],"about":[{"href":"https:\/\/www.billigtrikotde.com\/sk\/wp-json\/wp\/v2\/types\/product"}],"replies":[{"embeddable":true,"href":"https:\/\/www.billigtrikotde.com\/sk\/wp-json\/wp\/v2\/comments?post=3312"}],"wp:featuredmedia":[{"embeddable":true,"href":"https:\/\/www.billigtrikotde.com\/sk\/wp-json\/wp\/v2\/media\/3351"}],"wp:attachment":[{"href":"https:\/\/www.billigtrikotde.com\/sk\/wp-json\/wp\/v2\/media?parent=3312"}],"wp:term":[{"taxonomy":"product_brand","embeddable":true,"href":"https:\/\/www.billigtrikotde.com\/sk\/wp-json\/wp\/v2\/product_brand?post=3312"},{"taxonomy":"product_cat","embeddable":true,"href":"https:\/\/www.billigtrikotde.com\/sk\/wp-json\/wp\/v2\/product_cat?post=3312"},{"taxonomy":"product_tag","embeddable":true,"href":"https:\/\/www.billigtrikotde.com\/sk\/wp-json\/wp\/v2\/product_tag?post=3312"}],"curies":[{"name":"wp","href":"https:\/\/api.w.org\/{rel}","templated":true}]}}