{"id":3224,"date":"2024-10-23T14:52:18","date_gmt":"2024-10-23T12:52:18","guid":{"rendered":"http:\/\/billigtrikots.com\/?post_type=product&#038;p=3224"},"modified":"2024-10-23T14:54:25","modified_gmt":"2024-10-23T12:54:25","slug":"personalisierbar-fussball-trikot-fc-liverpool-torwarttrikot-orange-fuer-kinder","status":"publish","type":"product","link":"https:\/\/www.billigtrikotde.com\/sk\/personalisierbar-fussball-trikot-fc-liverpool-torwarttrikot-orange-fuer-kinder\/","title":{"rendered":"Prisp\u00f4sobite\u013en\u00e9 futbalov\u00e9 tri\u010dko Liverpool FC Goalkeeper Shirt Orange pre deti"},"content":{"rendered":"<p>Tu prich\u00e1dza Nike tri\u010dko v oran\u017eovej farbe, ktor\u00e9 ti pom\u00e1ha podporova\u0165 tvoj ob\u013e\u00faben\u00fd klub za ka\u017ed\u00fdch okolnost\u00ed a uk\u00e1za\u0165, za \u010do tvoj srdce bije. Pre prav\u00fdch fan\u00fa\u0161ikov FC Liverpool je to nevyhnutnos\u0165: tri\u010dko v origin\u00e1lnom dizajne. Je priedu\u0161n\u00e9, pohodln\u00e9 a \u013eahk\u00e9. S t\u00fdmto tri\u010dkom si pripraven\u00fd na ka\u017ed\u00e9 tr\u00e9ningov\u00e9 cvi\u010denie. Pri tomto drese m\u00f4\u017ee\u0161 vizu\u00e1lne spo\u013eahn\u00fa\u0165 na erb klubu na hrudi.<\/p>\n<p>Tipy na tla\u010d: Ak s\u00fa meno a \u010d\u00edslo na obr\u00e1zku presne tak\u00e9, ak\u00e9 chcete, nemus\u00edte ich zad\u00e1va\u0165 znova. Ak nie, mali by ste zada\u0165 po\u017eadovan\u00e9 meno a \u010d\u00edslo.<\/p>\n<p>Tipy na pranie: Odpor\u00fa\u010dame pra\u0165 futbalov\u00e9 tri\u010dk\u00e1 v ruke. Ak chcete pou\u017ei\u0165 pr\u00e1\u010dku, nezabudnite futbalov\u00e9 tri\u010dk\u00e1 oto\u010di\u0165 naruby a potom ich vypra\u0165. Napl\u0148te pr\u00e1\u010dku studenou vodou a pou\u017eite jemn\u00fd cyklus, aby ste lep\u0161ie ochr\u00e1nili farby.<\/p>","protected":false},"excerpt":{"rendered":"<p>Hier kommt das Nike Shirt in Orange, das dir hilft, deinen Lieblingsverein in jeder Lage zu supporten und zu zeigen, wof\u00fcr dein Herz schl\u00e4gt. F\u00fcr wahre FC Liverpool-Fans ein Muss: das Shirt im Originaldesign. Es ist atmungsaktiv, bequem und leicht. Mit diesem Shirt bist du f\u00fcr jede Einheit bestens ausgestattet. Bei diesem Trikot kannst du [&hellip;]<\/p>","protected":false},"featured_media":3266,"comment_status":"open","ping_status":"closed","template":"","meta":[],"product_brand":[],"product_cat":[151],"product_tag":[20,35,21,23,24,94,155,153,154],"class_list":{"0":"post-3224","1":"product","2":"type-product","3":"status-publish","4":"has-post-thumbnail","6":"product_cat-liverpool-kindertrikot","7":"product_tag-coole-fussballtrikots","8":"product_tag-fussball-torwarttrikots","9":"product_tag-fussballtrikot-fuer-herren","10":"product_tag-fussballtrikot-kurzarm","11":"product_tag-guenstiges-fussballtrikot","12":"product_tag-kinder-fussball-trikotsatz","13":"product_tag-liverpool-torwarttrikot","14":"product_tag-liverpool-trikots","15":"product_tag-liverpool-trikotsatz-fuer-kinder","17":"first","18":"instock","19":"shipping-taxable","20":"purchasable","21":"product-type-variable"},"_links":{"self":[{"href":"https:\/\/www.billigtrikotde.com\/sk\/wp-json\/wp\/v2\/product\/3224","targetHints":{"allow":["GET"]}}],"collection":[{"href":"https:\/\/www.billigtrikotde.com\/sk\/wp-json\/wp\/v2\/product"}],"about":[{"href":"https:\/\/www.billigtrikotde.com\/sk\/wp-json\/wp\/v2\/types\/product"}],"replies":[{"embeddable":true,"href":"https:\/\/www.billigtrikotde.com\/sk\/wp-json\/wp\/v2\/comments?post=3224"}],"wp:featuredmedia":[{"embeddable":true,"href":"https:\/\/www.billigtrikotde.com\/sk\/wp-json\/wp\/v2\/media\/3266"}],"wp:attachment":[{"href":"https:\/\/www.billigtrikotde.com\/sk\/wp-json\/wp\/v2\/media?parent=3224"}],"wp:term":[{"taxonomy":"product_brand","embeddable":true,"href":"https:\/\/www.billigtrikotde.com\/sk\/wp-json\/wp\/v2\/product_brand?post=3224"},{"taxonomy":"product_cat","embeddable":true,"href":"https:\/\/www.billigtrikotde.com\/sk\/wp-json\/wp\/v2\/product_cat?post=3224"},{"taxonomy":"product_tag","embeddable":true,"href":"https:\/\/www.billigtrikotde.com\/sk\/wp-json\/wp\/v2\/product_tag?post=3224"}],"curies":[{"name":"wp","href":"https:\/\/api.w.org\/{rel}","templated":true}]}}