{"id":3189,"date":"2024-10-23T14:50:43","date_gmt":"2024-10-23T12:50:43","guid":{"rendered":"http:\/\/billigtrikots.com\/?post_type=product&#038;p=3189"},"modified":"2024-10-23T14:52:46","modified_gmt":"2024-10-23T12:52:46","slug":"fc-liverpool-heimtrikot-2021-22-trikotsatz-langarm-in-rot-fuer-kinder-mane-10","status":"publish","type":"product","link":"https:\/\/www.billigtrikotde.com\/sk\/fc-liverpool-heimtrikot-2021-22-trikotsatz-langarm-in-rot-fuer-kinder-mane-10\/","title":{"rendered":"Dom\u00e1ca s\u00faprava Liverpool FC 2021\/22 s dlh\u00fdm ruk\u00e1vom v \u010dervenej farbe pre deti Man\u00e9 10"},"content":{"rendered":"<p>NIKE FC Liverpool 2021\/22 Stadium dom\u00e1ce\/tr\u00e9ner triko pozost\u00e1va zo zvl\u00e1\u0161\u0165 priedu\u0161n\u00e9ho materi\u00e1lu, ktor\u00fd chr\u00e1ni tvoju poko\u017eku pred poten\u00edm, zatia\u013e \u010do podporuje\u0161 svoj t\u00edm. Tento produkt pozost\u00e1va z minim\u00e1lne 75 % recyklovan\u00e9ho polyesteru.<\/p>\n<p>Tipy na tla\u010d: Ak s\u00fa meno a \u010d\u00edslo na obr\u00e1zku presne tak\u00e9, ak\u00e9 chcete, nemus\u00edte ich zad\u00e1va\u0165 znova. Ak nie, mali by ste zada\u0165 po\u017eadovan\u00e9 meno a \u010d\u00edslo.<\/p>\n<p>Tipy na pranie: Odpor\u00fa\u010dame pra\u0165 futbalov\u00e9 tri\u010dk\u00e1 v ruke. Ak chcete pou\u017ei\u0165 pr\u00e1\u010dku, nezabudnite futbalov\u00e9 tri\u010dk\u00e1 oto\u010di\u0165 naruby a potom ich vypra\u0165. Napl\u0148te pr\u00e1\u010dku studenou vodou a pou\u017eite jemn\u00fd cyklus, aby ste lep\u0161ie ochr\u00e1nili farby.<\/p>","protected":false},"excerpt":{"rendered":"<p>Das NIKE FC Liverpool 2021\/22 Stadium Heimtrikot besteht aus besonders atmungsaktivem Material, das deine Haut vor Schwei\u00df sch\u00fctzt, w\u00e4hrend du dein Team anfeuerst. Dieses Produkt besteht aus mindestens 75 % recyceltem Polyester. Tipps zum Drucken: Wenn der Name und die Nummer auf dem Bild genau Ihren W\u00fcnschen entsprechen, m\u00fcssen Sie sie nicht erneut eingeben. Wenn [&hellip;]<\/p>","protected":false},"featured_media":3231,"comment_status":"open","ping_status":"closed","template":"","meta":[],"product_brand":[],"product_cat":[151],"product_tag":[],"class_list":{"0":"post-3189","1":"product","2":"type-product","3":"status-publish","4":"has-post-thumbnail","6":"product_cat-liverpool-kindertrikot","8":"first","9":"instock","10":"shipping-taxable","11":"purchasable","12":"product-type-variable"},"_links":{"self":[{"href":"https:\/\/www.billigtrikotde.com\/sk\/wp-json\/wp\/v2\/product\/3189","targetHints":{"allow":["GET"]}}],"collection":[{"href":"https:\/\/www.billigtrikotde.com\/sk\/wp-json\/wp\/v2\/product"}],"about":[{"href":"https:\/\/www.billigtrikotde.com\/sk\/wp-json\/wp\/v2\/types\/product"}],"replies":[{"embeddable":true,"href":"https:\/\/www.billigtrikotde.com\/sk\/wp-json\/wp\/v2\/comments?post=3189"}],"wp:featuredmedia":[{"embeddable":true,"href":"https:\/\/www.billigtrikotde.com\/sk\/wp-json\/wp\/v2\/media\/3231"}],"wp:attachment":[{"href":"https:\/\/www.billigtrikotde.com\/sk\/wp-json\/wp\/v2\/media?parent=3189"}],"wp:term":[{"taxonomy":"product_brand","embeddable":true,"href":"https:\/\/www.billigtrikotde.com\/sk\/wp-json\/wp\/v2\/product_brand?post=3189"},{"taxonomy":"product_cat","embeddable":true,"href":"https:\/\/www.billigtrikotde.com\/sk\/wp-json\/wp\/v2\/product_cat?post=3189"},{"taxonomy":"product_tag","embeddable":true,"href":"https:\/\/www.billigtrikotde.com\/sk\/wp-json\/wp\/v2\/product_tag?post=3189"}],"curies":[{"name":"wp","href":"https:\/\/api.w.org\/{rel}","templated":true}]}}