{"id":3181,"date":"2024-10-23T14:50:14","date_gmt":"2024-10-23T12:50:14","guid":{"rendered":"http:\/\/billigtrikots.com\/?post_type=product&#038;p=3181"},"modified":"2025-06-16T16:03:56","modified_gmt":"2025-06-16T14:03:56","slug":"kinder-home-fussball-trikot-juventus-turin-heimtrikot-2021-22-weiss-schwarz","status":"publish","type":"product","link":"https:\/\/www.billigtrikotde.com\/sk\/kinder-home-fussball-trikot-juventus-turin-heimtrikot-2021-22-weiss-schwarz\/","title":{"rendered":"Detsk\u00e9 dom\u00e1ce futbalov\u00e9 tri\u010dko Juventus Tur\u00edn Home Shirt 2021\/22 White\/Black"},"content":{"rendered":"<p>adidas Detsk\u00fd dom\u00e1ci dres Juventus Tur\u00edn 2021\/22. Pocta dom\u00e1cemu \u0161tadi\u00f3nu. Tento dres pre deti a t\u00edned\u017eerov oslavuje 10. v\u00fdro\u010die legend\u00e1rneho Allianz Stadium. V\u00fdrazn\u00e9 hviezdy budovy sa odr\u00e1\u017eaj\u00fa v dizajne a dod\u00e1vaj\u00fa klasick\u00e9mu vzh\u013eadu s \u010diernymi pruhmi osobit\u00fd n\u00e1dych. M\u00e4kk\u00fd materi\u00e1l a vlhkos\u0165 absorbuj\u00faca technol\u00f3gia AEROREADY zais\u0165uj\u00fa pr\u00edjemne such\u00fd pocit pri nosen\u00ed. Fan\u00fa\u0161ikovsk\u00fd dres s hviezdnymi kvalitami. Tkan\u00e9 klubov\u00e9 logo Juventus Tur\u00edn. Be\u017en\u00fd strih. Rebrovan\u00fd v\u00fdstrih do V. Pohlcuj\u00faci vlhkos\u0165. Rebrovan\u00e9 man\u017eety. Tento produkt je Primegreen: vyroben\u00fd z r\u00f4znych funk\u010dn\u00fdch recyklovan\u00fdch materi\u00e1lov. Materi\u00e1l: 100% polyester.<\/p>\n<p>Tipy na tla\u010d: Ak s\u00fa meno a \u010d\u00edslo na obr\u00e1zku presne tak\u00e9, ak\u00e9 chcete, nemus\u00edte ich zad\u00e1va\u0165 znova. Ak nie, mali by ste zada\u0165 po\u017eadovan\u00e9 meno a \u010d\u00edslo.<\/p>\n<p>Tipy na pranie: Odpor\u00fa\u010dame pra\u0165 futbalov\u00e9 tri\u010dk\u00e1 v ruke. Ak chcete pou\u017ei\u0165 pr\u00e1\u010dku, nezabudnite futbalov\u00e9 tri\u010dk\u00e1 oto\u010di\u0165 naruby a potom ich vypra\u0165. Napl\u0148te pr\u00e1\u010dku studenou vodou a pou\u017eite jemn\u00fd cyklus, aby ste lep\u0161ie ochr\u00e1nili farby.<\/p>","protected":false},"excerpt":{"rendered":"<p>adidas Kinder Juventus Turin Home Trikot 2021\/22. Eine Hommage an das Heimstadion. Dieses Trikot f\u00fcr Kinder und Teens feiert das 10-j\u00e4hrige Jubil\u00e4um des legend\u00e4ren Allianz Stadiums. Die auff\u00e4lligen Sterne des Geb\u00e4udes finden sich auf dem Design wieder und verleihen dem klassischen Look mit den schwarzen Streifen einen besonderen Touch. Das weiche Material und die feuchtigkeitsabsorbierende [&hellip;]<\/p>","protected":false},"featured_media":3221,"comment_status":"open","ping_status":"closed","template":"","meta":[],"product_brand":[],"product_cat":[148],"product_tag":[20,60,61,149,94],"class_list":{"0":"post-3181","1":"product","2":"type-product","3":"status-publish","4":"has-post-thumbnail","6":"product_cat-juventus-kindertrikot","7":"product_tag-coole-fussballtrikots","8":"product_tag-juventus-heimtrikot","9":"product_tag-juventus-trikots","10":"product_tag-juventus-trikotsatz-fuer-kinder","11":"product_tag-kinder-fussball-trikotsatz","13":"first","14":"instock","15":"shipping-taxable","16":"purchasable","17":"product-type-variable"},"_links":{"self":[{"href":"https:\/\/www.billigtrikotde.com\/sk\/wp-json\/wp\/v2\/product\/3181","targetHints":{"allow":["GET"]}}],"collection":[{"href":"https:\/\/www.billigtrikotde.com\/sk\/wp-json\/wp\/v2\/product"}],"about":[{"href":"https:\/\/www.billigtrikotde.com\/sk\/wp-json\/wp\/v2\/types\/product"}],"replies":[{"embeddable":true,"href":"https:\/\/www.billigtrikotde.com\/sk\/wp-json\/wp\/v2\/comments?post=3181"}],"wp:featuredmedia":[{"embeddable":true,"href":"https:\/\/www.billigtrikotde.com\/sk\/wp-json\/wp\/v2\/media\/3221"}],"wp:attachment":[{"href":"https:\/\/www.billigtrikotde.com\/sk\/wp-json\/wp\/v2\/media?parent=3181"}],"wp:term":[{"taxonomy":"product_brand","embeddable":true,"href":"https:\/\/www.billigtrikotde.com\/sk\/wp-json\/wp\/v2\/product_brand?post=3181"},{"taxonomy":"product_cat","embeddable":true,"href":"https:\/\/www.billigtrikotde.com\/sk\/wp-json\/wp\/v2\/product_cat?post=3181"},{"taxonomy":"product_tag","embeddable":true,"href":"https:\/\/www.billigtrikotde.com\/sk\/wp-json\/wp\/v2\/product_tag?post=3181"}],"curies":[{"name":"wp","href":"https:\/\/api.w.org\/{rel}","templated":true}]}}