{"id":3014,"date":"2024-10-23T14:42:26","date_gmt":"2024-10-23T12:42:26","guid":{"rendered":"http:\/\/billigtrikots.com\/?post_type=product&#038;p=3014"},"modified":"2024-10-23T14:44:25","modified_gmt":"2024-10-23T12:44:25","slug":"manchester-city-2022-auswaertstrikot-weiss-fuer-kinder-mit-g-jesus-9-aufdruck","status":"publish","type":"product","link":"https:\/\/www.billigtrikotde.com\/sk\/manchester-city-2022-auswaertstrikot-weiss-fuer-kinder-mit-g-jesus-9-aufdruck\/","title":{"rendered":"Detsk\u00fd dres Manchester City 2022 biely s potla\u010dou G.Jesus 9"},"content":{"rendered":"<p>Dychat\u013en\u00fd model v bielej farbe umo\u017e\u0148uje aj mlad\u00fdm fan\u00fa\u0161ikom uk\u00e1za\u0165 svoju pr\u00edslu\u0161nos\u0165 k ob\u013e\u00faben\u00e9mu t\u00edmu. PUMA uv\u00e1dza s detsk\u00fdm \u0161portov\u00fdm tri\u010dkom naozaj jedine\u010dn\u00fd produkt. Ka\u017ed\u00fd prav\u00fd podporovate\u013e Manchester City potrebuje toto vonkaj\u0161ie \u0161portov\u00e9 tri\u010dko, preto\u017ee ho nosia aj hr\u00e1\u010di v Premier League. Odpor\u00fa\u010dame tento \u013eahk\u00fd, pohodln\u00fd, dychov\u00fd a odv\u00e1dzaj\u00faci pot model s pr\u00edjemn\u00fdm pocitom pri nosen\u00ed. Urob\u00ed dojem vizu\u00e1lne s klubov\u00fdm erom na hrudi. S t\u00fdmto tri\u010dkom bude\u0161 ide\u00e1lne pripraven\u00fd na ka\u017ed\u00fd tr\u00e9ning a z\u00e1pas.<\/p>\n<p>Tipy na tla\u010d: Ak s\u00fa meno a \u010d\u00edslo na obr\u00e1zku presne tak\u00e9, ak\u00e9 chcete, nemus\u00edte ich zad\u00e1va\u0165 znova. Ak nie, mali by ste zada\u0165 po\u017eadovan\u00e9 meno a \u010d\u00edslo.<\/p>\n<p>Tipy na pranie: Odpor\u00fa\u010dame pra\u0165 futbalov\u00e9 tri\u010dk\u00e1 v ruke. Ak chcete pou\u017ei\u0165 pr\u00e1\u010dku, nezabudnite futbalov\u00e9 tri\u010dk\u00e1 oto\u010di\u0165 naruby a potom ich vypra\u0165. Napl\u0148te pr\u00e1\u010dku studenou vodou a pou\u017eite jemn\u00fd cyklus, aby ste lep\u0161ie ochr\u00e1nili farby.<\/p>","protected":false},"excerpt":{"rendered":"<p>Das atmungsaktive Modell in Wei\u00df l\u00e4sst auch junge Fans ihre Zugeh\u00f6rigkeit zum Lieblingsteam zeigen. PUMA ver\u00f6ffentlicht mit dem Kinder-Sportshirt ein wirklich einmaliges Produkt. Jeder wahre Manchester City-Supporter ben\u00f6tigt dieses Ausw\u00e4rts-Sportshirt, denn auch die Spieler tragen es in der Premier League. Wir empfehlen dieses leichte, bequeme, atmungsaktive und schwei\u00dfableitende Modell mit dem angenehmen Tragegef\u00fchl. Es besticht [&hellip;]<\/p>","protected":false},"featured_media":3054,"comment_status":"open","ping_status":"closed","template":"","meta":[],"product_brand":[],"product_cat":[144],"product_tag":[20,94,83,84,145],"class_list":{"0":"post-3014","1":"product","2":"type-product","3":"status-publish","4":"has-post-thumbnail","6":"product_cat-manchester-city-kindertrikot","7":"product_tag-coole-fussballtrikots","8":"product_tag-kinder-fussball-trikotsatz","9":"product_tag-manchester-city-auswaertstrikot","10":"product_tag-manchester-city-trikots","11":"product_tag-manchester-city-trikotsatz-fuer-kinder","13":"first","14":"instock","15":"shipping-taxable","16":"purchasable","17":"product-type-variable"},"_links":{"self":[{"href":"https:\/\/www.billigtrikotde.com\/sk\/wp-json\/wp\/v2\/product\/3014","targetHints":{"allow":["GET"]}}],"collection":[{"href":"https:\/\/www.billigtrikotde.com\/sk\/wp-json\/wp\/v2\/product"}],"about":[{"href":"https:\/\/www.billigtrikotde.com\/sk\/wp-json\/wp\/v2\/types\/product"}],"replies":[{"embeddable":true,"href":"https:\/\/www.billigtrikotde.com\/sk\/wp-json\/wp\/v2\/comments?post=3014"}],"wp:featuredmedia":[{"embeddable":true,"href":"https:\/\/www.billigtrikotde.com\/sk\/wp-json\/wp\/v2\/media\/3054"}],"wp:attachment":[{"href":"https:\/\/www.billigtrikotde.com\/sk\/wp-json\/wp\/v2\/media?parent=3014"}],"wp:term":[{"taxonomy":"product_brand","embeddable":true,"href":"https:\/\/www.billigtrikotde.com\/sk\/wp-json\/wp\/v2\/product_brand?post=3014"},{"taxonomy":"product_cat","embeddable":true,"href":"https:\/\/www.billigtrikotde.com\/sk\/wp-json\/wp\/v2\/product_cat?post=3014"},{"taxonomy":"product_tag","embeddable":true,"href":"https:\/\/www.billigtrikotde.com\/sk\/wp-json\/wp\/v2\/product_tag?post=3014"}],"curies":[{"name":"wp","href":"https:\/\/api.w.org\/{rel}","templated":true}]}}