{"id":2995,"date":"2024-10-23T14:41:48","date_gmt":"2024-10-23T12:41:48","guid":{"rendered":"http:\/\/billigtrikots.com\/?post_type=product&#038;p=2995"},"modified":"2024-10-23T14:43:52","modified_gmt":"2024-10-23T12:43:52","slug":"fussballtrikot-manchester-united-auswaerts-trikot-2022-kinder-weiss","status":"publish","type":"product","link":"https:\/\/www.billigtrikotde.com\/sk\/fussballtrikot-manchester-united-auswaerts-trikot-2022-kinder-weiss\/","title":{"rendered":"Manchester United Away Futbalov\u00e9 tri\u010dko 2022 Kids White"},"content":{"rendered":"<p>Nezabudni, odkia\u013e poch\u00e1dza\u0161! P\u00edsmeno \u201eM\u201c pre rodisko klubu sa u\u017e \u010dasto objavilo na legend\u00e1rnych v\u00fdstrojoch Manchester United. Tento futbalov\u00fd dres adidas v verzii pre deti a t\u00edned\u017eerov op\u00e4\u0165 vyu\u017e\u00edva p\u00edsmeno a prich\u00e1dza s modern\u00fdm vzh\u013eadom, ktor\u00fd pripom\u00edna klasick\u00fd dres z ran\u00fdch 90. rokov. M\u00e4kk\u00fd dvojvrstvov\u00fd materi\u00e1l a technol\u00f3gia AEROREADY na absorpciu vlhkosti zaru\u010duj\u00fa pr\u00edjemn\u00fd pocit sucha. Vy\u0161\u00edvan\u00e9 klubov\u00e9 logo tie\u017e ukazuje, \u017ee ste skuto\u010dn\u00fdm fan\u00fa\u0161ikom Manchester United. Tento produkt je Primegreen: vyroben\u00fd z r\u00f4znych funk\u010dn\u00fdch recyklovan\u00fdch materi\u00e1lov.<\/p>\n<p>Tipy na tla\u010d: Ak s\u00fa meno a \u010d\u00edslo na obr\u00e1zku presne tak\u00e9, ak\u00e9 chcete, nemus\u00edte ich zad\u00e1va\u0165 znova. Ak nie, mali by ste zada\u0165 po\u017eadovan\u00e9 meno a \u010d\u00edslo.<\/p>\n<p>Tipy na pranie: Odpor\u00fa\u010dame pra\u0165 futbalov\u00e9 tri\u010dk\u00e1 v ruke. Ak chcete pou\u017ei\u0165 pr\u00e1\u010dku, nezabudnite futbalov\u00e9 tri\u010dk\u00e1 oto\u010di\u0165 naruby a potom ich vypra\u0165. Napl\u0148te pr\u00e1\u010dku studenou vodou a pou\u017eite jemn\u00fd cyklus, aby ste lep\u0161ie ochr\u00e1nili farby.<\/p>","protected":false},"excerpt":{"rendered":"<p>Vergiss nie, wo du herkommst! Der Buchstabe \u201eM\u201c f\u00fcr die Heimatstadt des Vereins hat schon oft seinen Weg auf die legend\u00e4ren Ausr\u00fcstungen von Manchester United gefunden. Dieses adidas Fu\u00dfballtrikot in der Version f\u00fcr Kinder und Teens greift den Buchstaben wieder auf und kommt mit einem modernen Look, der an ein klassisches Trikot aus den fr\u00fchen [&hellip;]<\/p>","protected":false},"featured_media":3030,"comment_status":"open","ping_status":"closed","template":"","meta":[],"product_brand":[],"product_cat":[140],"product_tag":[20,94,51,52,142],"class_list":{"0":"post-2995","1":"product","2":"type-product","3":"status-publish","4":"has-post-thumbnail","6":"product_cat-manchester-united-kindertrikot","7":"product_tag-coole-fussballtrikots","8":"product_tag-kinder-fussball-trikotsatz","9":"product_tag-manchester-united-auswaertstrikot","10":"product_tag-manchester-united-trikots","11":"product_tag-manchester-united-trikotsatz-fuer-kinder","13":"first","14":"instock","15":"shipping-taxable","16":"purchasable","17":"product-type-variable"},"_links":{"self":[{"href":"https:\/\/www.billigtrikotde.com\/sk\/wp-json\/wp\/v2\/product\/2995","targetHints":{"allow":["GET"]}}],"collection":[{"href":"https:\/\/www.billigtrikotde.com\/sk\/wp-json\/wp\/v2\/product"}],"about":[{"href":"https:\/\/www.billigtrikotde.com\/sk\/wp-json\/wp\/v2\/types\/product"}],"replies":[{"embeddable":true,"href":"https:\/\/www.billigtrikotde.com\/sk\/wp-json\/wp\/v2\/comments?post=2995"}],"wp:featuredmedia":[{"embeddable":true,"href":"https:\/\/www.billigtrikotde.com\/sk\/wp-json\/wp\/v2\/media\/3030"}],"wp:attachment":[{"href":"https:\/\/www.billigtrikotde.com\/sk\/wp-json\/wp\/v2\/media?parent=2995"}],"wp:term":[{"taxonomy":"product_brand","embeddable":true,"href":"https:\/\/www.billigtrikotde.com\/sk\/wp-json\/wp\/v2\/product_brand?post=2995"},{"taxonomy":"product_cat","embeddable":true,"href":"https:\/\/www.billigtrikotde.com\/sk\/wp-json\/wp\/v2\/product_cat?post=2995"},{"taxonomy":"product_tag","embeddable":true,"href":"https:\/\/www.billigtrikotde.com\/sk\/wp-json\/wp\/v2\/product_tag?post=2995"}],"curies":[{"name":"wp","href":"https:\/\/api.w.org\/{rel}","templated":true}]}}